{"id":25397,"date":"2025-05-06T08:46:52","date_gmt":"2025-05-06T08:46:52","guid":{"rendered":"https:\/\/mobecor.ee\/?post_type=product&#038;p=25397"},"modified":"2026-03-10T13:56:46","modified_gmt":"2026-03-10T11:56:46","slug":"oltex-standard-kangaga","status":"publish","type":"product","link":"https:\/\/mobecor.ee\/en\/toode\/oltex-standard-kangaga\/","title":{"rendered":"Kattemadrats Oltex"},"content":{"rendered":"<p>Uue p\u00f5lvkonna kattemadrats\u00a0on valmistatud m\u00e4luvahust.<br \/>\nM\u00e4luvaht (Memory) on m\u00e4luefektiga materjal, mis kohandub ideaalselt kehakujuga.<br \/>\nT\u00e4nu puuvillakihile- \u00fchel ja villakihile teisel pool on see\u00a0kattemadrats\u00a0\u00fchtlaselt mugav magamispind nii talvel kui suvel &#8211; puuvillaga pool suvel kasutamiseks ja villaga pool talvel kasutamiseks.<br \/>\nSuurep\u00e4rane ost aktiivse ja m\u00f5\u00f5dukalt aktiivse eluviisiga inimesele.<br \/>\nSisu:<br \/>\n* vill,<br \/>\n* m\u00e4luvaht 5\u00a0cm,<br \/>\n* puuvill.<br \/>\nKattemadratsi\u00a0tepitud kate on lukuga eemaldatav ja pestav.<br \/>\nToodetud: L\u00e4tis.<\/p>\n","protected":false},"excerpt":{"rendered":"<p>K\u00f5rgus: 60 mm.<br \/>\nS\u00fcgavus: 200 cm.<br \/>\nLaiused: 80; 90; 120; 140; 160; 180 cm.<br \/>\nTarneaeg: kuni 4 n\u00e4dalat.<\/p>\n","protected":false},"featured_media":2616,"template":"","meta":{"_acf_changed":false,"inline_featured_image":false},"series":[],"product_brand":[2858],"product_cat":[389],"product_tag":[],"class_list":{"0":"post-25397","1":"product","2":"type-product","3":"status-publish","4":"has-post-thumbnail","6":"product_brand-sendeko","7":"product_cat-sendeko-kattemadratsid","9":"first","10":"instock","11":"taxable","12":"shipping-taxable","13":"purchasable","14":"product-type-variable"},"acf":[],"_links":{"self":[{"href":"https:\/\/mobecor.ee\/en\/wp-json\/wp\/v2\/product\/25397","targetHints":{"allow":["GET"]}}],"collection":[{"href":"https:\/\/mobecor.ee\/en\/wp-json\/wp\/v2\/product"}],"about":[{"href":"https:\/\/mobecor.ee\/en\/wp-json\/wp\/v2\/types\/product"}],"wp:featuredmedia":[{"embeddable":true,"href":"https:\/\/mobecor.ee\/en\/wp-json\/wp\/v2\/media\/2616"}],"wp:attachment":[{"href":"https:\/\/mobecor.ee\/en\/wp-json\/wp\/v2\/media?parent=25397"}],"wp:term":[{"taxonomy":"series","embeddable":true,"href":"https:\/\/mobecor.ee\/en\/wp-json\/wp\/v2\/series?post=25397"},{"taxonomy":"product_brand","embeddable":true,"href":"https:\/\/mobecor.ee\/en\/wp-json\/wp\/v2\/product_brand?post=25397"},{"taxonomy":"product_cat","embeddable":true,"href":"https:\/\/mobecor.ee\/en\/wp-json\/wp\/v2\/product_cat?post=25397"},{"taxonomy":"product_tag","embeddable":true,"href":"https:\/\/mobecor.ee\/en\/wp-json\/wp\/v2\/product_tag?post=25397"}],"curies":[{"name":"wp","href":"https:\/\/api.w.org\/{rel}","templated":true}]}}