{"id":25398,"date":"2025-05-06T08:46:55","date_gmt":"2025-05-06T08:46:55","guid":{"rendered":"https:\/\/mobecor.ee\/?post_type=product&#038;p=25398"},"modified":"2026-03-12T12:08:43","modified_gmt":"2026-03-12T10:08:43","slug":"tino","status":"publish","type":"product","link":"https:\/\/mobecor.ee\/en\/toode\/tino\/","title":{"rendered":"Lastemadrats Tino"},"content":{"rendered":"<p>Pol\u00fcuretaanvahu (m\u00f6\u00f6bli poroloon) baasil madrats lastele.<br \/>\n1 cm paksune naturaalse kookoskiu kiht annab sellele \u00fchelt poolt tugevuse.<br \/>\nKookoskiud on loodusliku p\u00e4ritoluga materjal, millel on k\u00f5rged ortopeedilised omadused, erakordne \u00f5hu l\u00e4bilaskvus, mis takistab niiskuse kogunemist madratsi sees ning tolmulestade levimist.<br \/>\nK\u00f5rgtehnoloogiline vahtpol\u00fcuretaan annab madratsile elastsuse ja mugavama tunde magades.<br \/>\nM\u00f6\u00f6bli poroloon (vahtpol\u00fcuretaan) on v\u00e4hen\u00f5udlik, antiallergiline materjal, \u00fcks levinumaid madratsite t\u00f6\u00f6stuses.<br \/>\nMadrats sobib lastele alates 5 eluaastast ja teismelistele.<br \/>\nSisu:<br \/>\n* puuvill,<br \/>\n* kookoskiud 1 cm,<br \/>\n* poroloon (vahtpol\u00fcuretaan) 9 cm.<br \/>\nToodetud: L\u00e4tis.<\/p>\n","protected":false},"excerpt":{"rendered":"<p>Laiused: 80*160 cm; 80*200 cm; 90*200 cm; 120*200 cm<br \/>\nK\u00f5rgus: 10 cm.<br \/>\nTarneaeg: kuni 4 n\u00e4dalat.<\/p>\n","protected":false},"featured_media":2618,"template":"","meta":{"_acf_changed":false,"inline_featured_image":false},"series":[],"product_brand":[2858],"product_cat":[402],"product_tag":[],"class_list":{"0":"post-25398","1":"product","2":"type-product","3":"status-publish","4":"has-post-thumbnail","6":"product_brand-sendeko","7":"product_cat-sendeko-lastemadratsid","9":"first","10":"instock","11":"taxable","12":"shipping-taxable","13":"purchasable","14":"product-type-variable"},"acf":[],"_links":{"self":[{"href":"https:\/\/mobecor.ee\/en\/wp-json\/wp\/v2\/product\/25398","targetHints":{"allow":["GET"]}}],"collection":[{"href":"https:\/\/mobecor.ee\/en\/wp-json\/wp\/v2\/product"}],"about":[{"href":"https:\/\/mobecor.ee\/en\/wp-json\/wp\/v2\/types\/product"}],"wp:featuredmedia":[{"embeddable":true,"href":"https:\/\/mobecor.ee\/en\/wp-json\/wp\/v2\/media\/2618"}],"wp:attachment":[{"href":"https:\/\/mobecor.ee\/en\/wp-json\/wp\/v2\/media?parent=25398"}],"wp:term":[{"taxonomy":"series","embeddable":true,"href":"https:\/\/mobecor.ee\/en\/wp-json\/wp\/v2\/series?post=25398"},{"taxonomy":"product_brand","embeddable":true,"href":"https:\/\/mobecor.ee\/en\/wp-json\/wp\/v2\/product_brand?post=25398"},{"taxonomy":"product_cat","embeddable":true,"href":"https:\/\/mobecor.ee\/en\/wp-json\/wp\/v2\/product_cat?post=25398"},{"taxonomy":"product_tag","embeddable":true,"href":"https:\/\/mobecor.ee\/en\/wp-json\/wp\/v2\/product_tag?post=25398"}],"curies":[{"name":"wp","href":"https:\/\/api.w.org\/{rel}","templated":true}]}}