{"id":25399,"date":"2025-05-06T08:46:58","date_gmt":"2025-05-06T08:46:58","guid":{"rendered":"https:\/\/mobecor.ee\/?post_type=product&#038;p=25399"},"modified":"2026-03-12T12:08:17","modified_gmt":"2026-03-12T10:08:17","slug":"lastemadrats-baby","status":"publish","type":"product","link":"https:\/\/mobecor.ee\/en\/toode\/lastemadrats-baby\/","title":{"rendered":"Beebimadrats Baby 60*120"},"content":{"rendered":"<p>Madrats beebidele.<br \/>\nSee madrats koosneb erilise tihedusega naturaalsest kookosp\u00e4hklist, mida soovitatakse eriti beebidele.<br \/>\nKookoskiud takistab oma hea \u00f5hu l\u00e4bipaistvuse t\u00f5ttu niiskuse kogunemist, samuti tolmulestade paljunemist madratsi sees.<br \/>\nKookosp\u00e4hkel on m\u00f5lemalt poolt pehmema tunde saavutamiseks kaetud puuvillase vatiini kihtidega.<br \/>\nSisu:<br \/>\n* puuvillane vatiin,<br \/>\n* kookoskiud,<br \/>\n* puuvillane vatiin.<br \/>\nToodetud: L\u00e4tis.<\/p>\n","protected":false},"excerpt":{"rendered":"<p>K\u00f5rgus: 6\u00a0cm.<br \/>\nLaius 60 cm.<br \/>\nS\u00fcgavus: 120 cm.<br \/>\nTarneaeg: kuni 4 n\u00e4dalat.<\/p>\n","protected":false},"featured_media":2620,"template":"","meta":{"_acf_changed":false,"inline_featured_image":false},"series":[],"product_brand":[2858],"product_cat":[402],"product_tag":[],"class_list":{"0":"post-25399","1":"product","2":"type-product","3":"status-publish","4":"has-post-thumbnail","6":"product_brand-sendeko","7":"product_cat-sendeko-lastemadratsid","9":"first","10":"instock","11":"taxable","12":"shipping-taxable","13":"purchasable","14":"product-type-simple"},"acf":[],"_links":{"self":[{"href":"https:\/\/mobecor.ee\/en\/wp-json\/wp\/v2\/product\/25399","targetHints":{"allow":["GET"]}}],"collection":[{"href":"https:\/\/mobecor.ee\/en\/wp-json\/wp\/v2\/product"}],"about":[{"href":"https:\/\/mobecor.ee\/en\/wp-json\/wp\/v2\/types\/product"}],"wp:featuredmedia":[{"embeddable":true,"href":"https:\/\/mobecor.ee\/en\/wp-json\/wp\/v2\/media\/2620"}],"wp:attachment":[{"href":"https:\/\/mobecor.ee\/en\/wp-json\/wp\/v2\/media?parent=25399"}],"wp:term":[{"taxonomy":"series","embeddable":true,"href":"https:\/\/mobecor.ee\/en\/wp-json\/wp\/v2\/series?post=25399"},{"taxonomy":"product_brand","embeddable":true,"href":"https:\/\/mobecor.ee\/en\/wp-json\/wp\/v2\/product_brand?post=25399"},{"taxonomy":"product_cat","embeddable":true,"href":"https:\/\/mobecor.ee\/en\/wp-json\/wp\/v2\/product_cat?post=25399"},{"taxonomy":"product_tag","embeddable":true,"href":"https:\/\/mobecor.ee\/en\/wp-json\/wp\/v2\/product_tag?post=25399"}],"curies":[{"name":"wp","href":"https:\/\/api.w.org\/{rel}","templated":true}]}}