{"id":25400,"date":"2025-05-06T08:47:02","date_gmt":"2025-05-06T08:47:02","guid":{"rendered":"https:\/\/mobecor.ee\/?post_type=product&#038;p=25400"},"modified":"2026-04-11T10:50:04","modified_gmt":"2026-04-11T07:50:04","slug":"bravo-pocket-standard-kangaga","status":"publish","type":"product","link":"https:\/\/mobecor.ee\/en\/toode\/bravo-pocket-standard-kangaga\/","title":{"rendered":"Vedrumadrats Bravo Pocket"},"content":{"rendered":"<p>Erineva tugevusega k\u00fclgedega madrats, mis p\u00f5hineb s\u00f5ltumatul Pocket vedruplokil (k\u00f5ik vedrud on pakitud eraldi riidest kottidesse).<br \/>\nSelline vedruploki disain tagab \u00fchtlase kehakaalu jaotuse, andes madratsile selged ortopeedilised omadused.<br \/>\nMadratsi\u00a0\u00fchel k\u00fcljel on naturaalne kookosp\u00e4hkli kiht, mis muudab madratsi selle k\u00fclje tugevaks.<br \/>\nKookoskiud on loodusliku p\u00e4ritoluga materjal, millel on k\u00f5rged ortopeedilised omadused, erakordne \u00f5hu l\u00e4bilaskvus, mis takistab niiskuse kogunemist madratsi sees ning tolmulestade levimist.<br \/>\nTeine k\u00fclg\u00a0on h\u00fcpoallergeense pol\u00fcuretaanvahukihi t\u00f5ttu pehme.<br \/>\nM\u00f6\u00f6bli poroloon (vahtpol\u00fcuretaan) on v\u00e4hen\u00f5udlik, antiallergiline materjal, \u00fcks levinumaid madratsite t\u00f6\u00f6stuses.<br \/>\nSeda madratsit hindavad inimesed, kellele meeldib aeg-ajalt midagi muuta. Kaasa arvatud magamispind. Ja sellise madratsi ostmine v\u00f5imaldab muudatusi teha ilma t\u00e4iendavate investeeringuteta.<br \/>\nSisu:<br \/>\n* puuvillane vatiin,<br \/>\n* kookoskiud 2 cm,<br \/>\n*\u00a0pocket vedrud,<br \/>\n* m\u00f6\u00f6bli poroloon (vahtpol\u00fcuretaan) 2 cm.<br \/>\nToodetud: L\u00e4tis.<\/p>\n","protected":false},"excerpt":{"rendered":"<p>K\u00f5rgus: 19 cm.<br \/>\nS\u00fcgavus: 200 cm.<br \/>\nLaiused: 80; 90; 120; 140; 160; 180 cm.<br \/>\nTarneaeg: kuni 4 n\u00e4dalat.<br \/>\n<strong>NB! Laos kohe olemas m\u00f5\u00f5duga: 90*200; 140*200; 160*200.<\/strong><\/p>\n<p>&nbsp;<\/p>\n","protected":false},"featured_media":2622,"template":"","meta":{"_acf_changed":false,"inline_featured_image":false},"series":[],"product_brand":[2858],"product_cat":[2934,337],"product_tag":[],"class_list":{"0":"post-25400","1":"product","2":"type-product","3":"status-publish","4":"has-post-thumbnail","6":"product_brand-sendeko","7":"product_cat-voodid-ja-madratsid-laos","8":"product_cat-sendeko-vedrumadratsid","10":"first","11":"instock","12":"taxable","13":"shipping-taxable","14":"purchasable","15":"product-type-variable"},"acf":[],"_links":{"self":[{"href":"https:\/\/mobecor.ee\/en\/wp-json\/wp\/v2\/product\/25400","targetHints":{"allow":["GET"]}}],"collection":[{"href":"https:\/\/mobecor.ee\/en\/wp-json\/wp\/v2\/product"}],"about":[{"href":"https:\/\/mobecor.ee\/en\/wp-json\/wp\/v2\/types\/product"}],"wp:featuredmedia":[{"embeddable":true,"href":"https:\/\/mobecor.ee\/en\/wp-json\/wp\/v2\/media\/2622"}],"wp:attachment":[{"href":"https:\/\/mobecor.ee\/en\/wp-json\/wp\/v2\/media?parent=25400"}],"wp:term":[{"taxonomy":"series","embeddable":true,"href":"https:\/\/mobecor.ee\/en\/wp-json\/wp\/v2\/series?post=25400"},{"taxonomy":"product_brand","embeddable":true,"href":"https:\/\/mobecor.ee\/en\/wp-json\/wp\/v2\/product_brand?post=25400"},{"taxonomy":"product_cat","embeddable":true,"href":"https:\/\/mobecor.ee\/en\/wp-json\/wp\/v2\/product_cat?post=25400"},{"taxonomy":"product_tag","embeddable":true,"href":"https:\/\/mobecor.ee\/en\/wp-json\/wp\/v2\/product_tag?post=25400"}],"curies":[{"name":"wp","href":"https:\/\/api.w.org\/{rel}","templated":true}]}}