{"id":25401,"date":"2025-05-06T08:47:05","date_gmt":"2025-05-06T08:47:05","guid":{"rendered":"https:\/\/mobecor.ee\/?post_type=product&#038;p=25401"},"modified":"2026-03-12T12:08:01","modified_gmt":"2026-03-12T10:08:01","slug":"charli-pocket-standard-kangaga","status":"publish","type":"product","link":"https:\/\/mobecor.ee\/en\/toode\/charli-pocket-standard-kangaga\/","title":{"rendered":"Vedrumadrats Charli Pocket"},"content":{"rendered":"<p>J\u00e4ik\u00a0madrats, mis p\u00f5hineb s\u00f5ltumatul Pocket vedruplokil (k\u00f5ik vedrud on pakitud eraldi riidest kottidesse).<br \/>\nSelline vedruploki disain tagab \u00fchtlase kehakaalu jaotuse, andes madratsile selged ortopeedilised omadused.<br \/>\nSelle mudeli m\u00f5lemal k\u00fcljel on naturaalne kookoskiud, mis annab madratsile tugevuse, suurep\u00e4rase ventilatsiooni ning hoiab \u00e4ra niiskuse kogunemise ja tolmulestade kasvu madratsil.<br \/>\nIdeaalne inimestele, kes hindavad tervislikku und, kuid eelistavad magada\u00a0j\u00e4igematel pindadel.<br \/>\nSisu:<br \/>\n* puuvillane vatiin,<br \/>\n* kookoskiud 2 cm,<br \/>\n*\u00a0pocket vedrud,<br \/>\n* kookoskiud 2 cm,<br \/>\n* puuvillane vatiin.<br \/>\nToodetud: L\u00e4tis.<\/p>\n<p>&nbsp;<\/p>\n","protected":false},"excerpt":{"rendered":"<p>K\u00f5rgus: 19\u00a0cm<br \/>\nS\u00fcgavus: 200 cm.<br \/>\nLaiused: 80; 90; 120; 140; 160; 180 cm.<br \/>\nTarneaeg: kuni 4 n\u00e4dalat.<\/p>\n","protected":false},"featured_media":2624,"template":"","meta":{"_acf_changed":false,"inline_featured_image":false},"series":[],"product_brand":[2858],"product_cat":[337],"product_tag":[],"class_list":{"0":"post-25401","1":"product","2":"type-product","3":"status-publish","4":"has-post-thumbnail","6":"product_brand-sendeko","7":"product_cat-sendeko-vedrumadratsid","9":"first","10":"instock","11":"taxable","12":"shipping-taxable","13":"purchasable","14":"product-type-variable"},"acf":[],"_links":{"self":[{"href":"https:\/\/mobecor.ee\/en\/wp-json\/wp\/v2\/product\/25401","targetHints":{"allow":["GET"]}}],"collection":[{"href":"https:\/\/mobecor.ee\/en\/wp-json\/wp\/v2\/product"}],"about":[{"href":"https:\/\/mobecor.ee\/en\/wp-json\/wp\/v2\/types\/product"}],"wp:featuredmedia":[{"embeddable":true,"href":"https:\/\/mobecor.ee\/en\/wp-json\/wp\/v2\/media\/2624"}],"wp:attachment":[{"href":"https:\/\/mobecor.ee\/en\/wp-json\/wp\/v2\/media?parent=25401"}],"wp:term":[{"taxonomy":"series","embeddable":true,"href":"https:\/\/mobecor.ee\/en\/wp-json\/wp\/v2\/series?post=25401"},{"taxonomy":"product_brand","embeddable":true,"href":"https:\/\/mobecor.ee\/en\/wp-json\/wp\/v2\/product_brand?post=25401"},{"taxonomy":"product_cat","embeddable":true,"href":"https:\/\/mobecor.ee\/en\/wp-json\/wp\/v2\/product_cat?post=25401"},{"taxonomy":"product_tag","embeddable":true,"href":"https:\/\/mobecor.ee\/en\/wp-json\/wp\/v2\/product_tag?post=25401"}],"curies":[{"name":"wp","href":"https:\/\/api.w.org\/{rel}","templated":true}]}}