{"id":25403,"date":"2025-05-06T08:47:13","date_gmt":"2025-05-06T08:47:13","guid":{"rendered":"https:\/\/mobecor.ee\/?post_type=product&#038;p=25403"},"modified":"2026-03-12T12:07:48","modified_gmt":"2026-03-12T10:07:48","slug":"vedrumadrats-eko-pluss-pocket-standard-kangaga","status":"publish","type":"product","link":"https:\/\/mobecor.ee\/en\/toode\/vedrumadrats-eko-pluss-pocket-standard-kangaga\/","title":{"rendered":"Vedrumadrats Eko Pluss Pocket"},"content":{"rendered":"<p>Madratsil on Pocket-vedrustus, mille puhul on k\u00f5ik vedrud on pakitud eraldi riidest kottidesse.<br \/>\nSee vedruploki disain tagab kehakaalu \u00fchtlase jaotumise, andes madratsile eriti silmapaistvad ortopeedilised omadused.<br \/>\nT\u00e4nu lateksi elastsusele ja vetruvusele ning pocket-vedrustuse kombinatsioonile toetava erinevad tsoonid keha erinevalt tagades pingevaba kehahoiu.<br \/>\nLateks on naturaalne kulumiskindel materjal, mis on vastupidav, elastne, laseb \u00f5hku l\u00e4bi ning millel on k\u00f5rged ortopeedilised ja antiallergilised omadused.<br \/>\nMadrats on h\u00fcpoallergeenne.<br \/>\nT\u00f5eliselt suurep\u00e4rane madrats nii neile, kes hindavad tervislikku, rahuldustpakkuvat und, kui ka neile, kes kannatavad allergiate k\u00e4es!<br \/>\nSisu<br \/>\n*\u00a0lateks 2 cm,<br \/>\n* pocket vedrustus,<br \/>\n* lateks 2 cm,<br \/>\n* puuvill.<br \/>\nToodetud: L\u00e4tis.<\/p>\n<p>&nbsp;<\/p>\n","protected":false},"excerpt":{"rendered":"<p>K\u00f5rgus: 19\u00a0cm.<br \/>\nS\u00fcgavus: 200 cm.<br \/>\nLaiused: 80; 90; 120; 140; 160; 180 cm.<br \/>\nTarneaeg: kuni 4 n\u00e4dalat.<\/p>\n","protected":false},"featured_media":2628,"template":"","meta":{"_acf_changed":false,"inline_featured_image":false},"series":[],"product_brand":[2858],"product_cat":[337],"product_tag":[],"class_list":{"0":"post-25403","1":"product","2":"type-product","3":"status-publish","4":"has-post-thumbnail","6":"product_brand-sendeko","7":"product_cat-sendeko-vedrumadratsid","9":"first","10":"instock","11":"taxable","12":"shipping-taxable","13":"purchasable","14":"product-type-variable"},"acf":[],"_links":{"self":[{"href":"https:\/\/mobecor.ee\/en\/wp-json\/wp\/v2\/product\/25403","targetHints":{"allow":["GET"]}}],"collection":[{"href":"https:\/\/mobecor.ee\/en\/wp-json\/wp\/v2\/product"}],"about":[{"href":"https:\/\/mobecor.ee\/en\/wp-json\/wp\/v2\/types\/product"}],"wp:featuredmedia":[{"embeddable":true,"href":"https:\/\/mobecor.ee\/en\/wp-json\/wp\/v2\/media\/2628"}],"wp:attachment":[{"href":"https:\/\/mobecor.ee\/en\/wp-json\/wp\/v2\/media?parent=25403"}],"wp:term":[{"taxonomy":"series","embeddable":true,"href":"https:\/\/mobecor.ee\/en\/wp-json\/wp\/v2\/series?post=25403"},{"taxonomy":"product_brand","embeddable":true,"href":"https:\/\/mobecor.ee\/en\/wp-json\/wp\/v2\/product_brand?post=25403"},{"taxonomy":"product_cat","embeddable":true,"href":"https:\/\/mobecor.ee\/en\/wp-json\/wp\/v2\/product_cat?post=25403"},{"taxonomy":"product_tag","embeddable":true,"href":"https:\/\/mobecor.ee\/en\/wp-json\/wp\/v2\/product_tag?post=25403"}],"curies":[{"name":"wp","href":"https:\/\/api.w.org\/{rel}","templated":true}]}}