{"id":25404,"date":"2025-05-06T08:47:14","date_gmt":"2025-05-06T08:47:14","guid":{"rendered":"https:\/\/mobecor.ee\/?post_type=product&#038;p=25404"},"modified":"2026-03-12T12:07:37","modified_gmt":"2026-03-12T10:07:37","slug":"juliet-pocket-standard-kangaga","status":"publish","type":"product","link":"https:\/\/mobecor.ee\/en\/toode\/juliet-pocket-standard-kangaga\/","title":{"rendered":"Vedrumadrats Juliet Pocket"},"content":{"rendered":"<p>Madratsil on Pocket-vedrustus, mille puhul on k\u00f5ik vedrud on pakitud eraldi riidest kottidesse.<br \/>\nSee vedruploki disain tagab kehakaalu \u00fchtlase jaotumise, andes madratsile eriti silmapaistvad ortopeedilised omadused.<br \/>\nT\u00e4nu elastse lateksi ja vastupidava kookosekihi kombinatsioonile on madrats samal ajal kindel ja mugav magada.<br \/>\nLateks on naturaalne kulumiskindel materjal, mis on vastupidav, elastne, laseb \u00f5hku l\u00e4bi ning millel on k\u00f5rged ortopeedilised ja antiallergilised omadused.<br \/>\nKookoskiud on loodusliku p\u00e4ritoluga materjal, millel on k\u00f5rged ortopeedilised omadused, erakordne \u00f5hu l\u00e4bilaskvus, mis takistab niiskuse kogunemist madratsi sees ning tolmulestade levimist.<br \/>\nIdeaalne ost neile, kes armastavad ja hindavad mugavust ning soovivad samal ajal oma keha toonuses hoida.<br \/>\nSisu:<br \/>\n* lateks 2 cm,<br \/>\n* kookoskiud 1 cm,<br \/>\n* Pocket vedrud,<br \/>\n* kookoskiud 1 cm,<br \/>\n* lateks 2 cm.<br \/>\nToodetud: L\u00e4tis.<\/p>\n","protected":false},"excerpt":{"rendered":"<p>K\u00f5rgus: 22 cm.<br \/>\nS\u00fcgavus: 200 cm.<br \/>\nLaiused: 80; 90; 120; 140; 160; 180 cm.<br \/>\nTarneaeg: kuni 4 n\u00e4dalat.<\/p>\n","protected":false},"featured_media":2630,"template":"","meta":{"_acf_changed":false,"inline_featured_image":false},"series":[],"product_brand":[2858],"product_cat":[337],"product_tag":[],"class_list":{"0":"post-25404","1":"product","2":"type-product","3":"status-publish","4":"has-post-thumbnail","6":"product_brand-sendeko","7":"product_cat-sendeko-vedrumadratsid","9":"first","10":"instock","11":"taxable","12":"shipping-taxable","13":"purchasable","14":"product-type-variable"},"acf":[],"_links":{"self":[{"href":"https:\/\/mobecor.ee\/en\/wp-json\/wp\/v2\/product\/25404","targetHints":{"allow":["GET"]}}],"collection":[{"href":"https:\/\/mobecor.ee\/en\/wp-json\/wp\/v2\/product"}],"about":[{"href":"https:\/\/mobecor.ee\/en\/wp-json\/wp\/v2\/types\/product"}],"wp:featuredmedia":[{"embeddable":true,"href":"https:\/\/mobecor.ee\/en\/wp-json\/wp\/v2\/media\/2630"}],"wp:attachment":[{"href":"https:\/\/mobecor.ee\/en\/wp-json\/wp\/v2\/media?parent=25404"}],"wp:term":[{"taxonomy":"series","embeddable":true,"href":"https:\/\/mobecor.ee\/en\/wp-json\/wp\/v2\/series?post=25404"},{"taxonomy":"product_brand","embeddable":true,"href":"https:\/\/mobecor.ee\/en\/wp-json\/wp\/v2\/product_brand?post=25404"},{"taxonomy":"product_cat","embeddable":true,"href":"https:\/\/mobecor.ee\/en\/wp-json\/wp\/v2\/product_cat?post=25404"},{"taxonomy":"product_tag","embeddable":true,"href":"https:\/\/mobecor.ee\/en\/wp-json\/wp\/v2\/product_tag?post=25404"}],"curies":[{"name":"wp","href":"https:\/\/api.w.org\/{rel}","templated":true}]}}