{"id":25433,"date":"2025-05-06T08:48:38","date_gmt":"2025-05-06T08:48:38","guid":{"rendered":"https:\/\/mobecor.ee\/?post_type=product&#038;p=25433"},"modified":"2025-08-13T14:24:09","modified_gmt":"2025-08-13T11:24:09","slug":"riidenagi-hanoi-tumepruun","status":"publish","type":"product","link":"https:\/\/mobecor.ee\/en\/toode\/riidenagi-hanoi-tumepruun\/","title":{"rendered":"Riidenagi Hanoi tumepruun (38\/174)"},"content":{"rendered":"<p><span style=\"font-size: 10pt;\">Riidenagi toru ja konksud on valmistatud metallist.<br \/>\n<\/span><span style=\"font-size: 10pt;\">Toru on kaetud tumepruuni PVC kattega.<br \/>\n<\/span><span style=\"font-size: 10pt;\">Nupud puidust, v\u00e4rvitud pruuniks.<br \/>\n<\/span><span style=\"font-size: 10pt;\">Alus musta v\u00e4rvi kivist.<br \/>\n<\/span><span style=\"font-size: 10pt;\">Riputuskonksud on kahel k\u00f5rgusel, \u00fclemine osa p\u00f6\u00f6rlev.<br \/>\n<\/span><span style=\"font-size: 10pt;\">Koht vihmavarju jaoks.<br \/>\nKaal: 10,3 kg.<\/span><\/p>\n","protected":false},"excerpt":{"rendered":"<p><span style=\"font-size: 10pt;\">Laius: 38 cm.<br \/>\n<\/span><span style=\"font-size: 10pt;\">S\u00fcgavus: 38 cm.<br \/>\n<\/span><span style=\"font-size: 10pt;\">K\u00f5rgus: 174 cm.<br \/>\n<\/span><span style=\"font-size: 10pt;\">Tarneaeg: kuni 4 n\u00e4dalat.<\/span><\/p>\n","protected":false},"featured_media":70638,"template":"","meta":{"_acf_changed":false,"inline_featured_image":false},"series":[],"product_brand":[2913],"product_cat":[194],"product_tag":[],"class_list":{"0":"post-25433","1":"product","2":"type-product","3":"status-publish","4":"has-post-thumbnail","6":"product_brand-grafio","7":"product_cat-nagid","9":"first","10":"instock","11":"taxable","12":"shipping-taxable","13":"purchasable","14":"product-type-simple"},"acf":[],"_links":{"self":[{"href":"https:\/\/mobecor.ee\/en\/wp-json\/wp\/v2\/product\/25433","targetHints":{"allow":["GET"]}}],"collection":[{"href":"https:\/\/mobecor.ee\/en\/wp-json\/wp\/v2\/product"}],"about":[{"href":"https:\/\/mobecor.ee\/en\/wp-json\/wp\/v2\/types\/product"}],"wp:featuredmedia":[{"embeddable":true,"href":"https:\/\/mobecor.ee\/en\/wp-json\/wp\/v2\/media\/70638"}],"wp:attachment":[{"href":"https:\/\/mobecor.ee\/en\/wp-json\/wp\/v2\/media?parent=25433"}],"wp:term":[{"taxonomy":"series","embeddable":true,"href":"https:\/\/mobecor.ee\/en\/wp-json\/wp\/v2\/series?post=25433"},{"taxonomy":"product_brand","embeddable":true,"href":"https:\/\/mobecor.ee\/en\/wp-json\/wp\/v2\/product_brand?post=25433"},{"taxonomy":"product_cat","embeddable":true,"href":"https:\/\/mobecor.ee\/en\/wp-json\/wp\/v2\/product_cat?post=25433"},{"taxonomy":"product_tag","embeddable":true,"href":"https:\/\/mobecor.ee\/en\/wp-json\/wp\/v2\/product_tag?post=25433"}],"curies":[{"name":"wp","href":"https:\/\/api.w.org\/{rel}","templated":true}]}}