{"id":25437,"date":"2025-05-06T08:49:03","date_gmt":"2025-05-06T08:49:03","guid":{"rendered":"https:\/\/mobecor.ee\/?post_type=product&#038;p=25437"},"modified":"2025-12-16T15:06:21","modified_gmt":"2025-12-16T13:06:21","slug":"soeoegilaud-monaco-1","status":"publish","type":"product","link":"https:\/\/mobecor.ee\/en\/toode\/soeoegilaud-monaco-1\/","title":{"rendered":"S\u00f6\u00f6gilaud Monaco (\u00d8106)"},"content":{"rendered":"<p><span style=\"font-size: 10pt;\">Laud on valmistatud kummipuust.<br \/>\n<\/span><span style=\"font-size: 10pt;\">V\u00e4rv: naturaalne.<br \/>\n<\/span><span style=\"font-size: 10pt;\">Laua diameeter on 106 cm<br \/>\n<\/span><span style=\"font-size: 10pt;\">Lisaplaadid 2 x 23 cm.<br \/>\n<\/span><span style=\"font-size: 10pt;\">K\u00f5rgus 75 cm.<br \/>\n<\/span><span style=\"font-size: 10pt;\">Tarneaeg: kuni 4 n\u00e4dalat.<\/span><\/p>\n","protected":false},"excerpt":{"rendered":"<p>Laud on valmistatud kummipuust. V\u00e4rv: naturaalne. Laua diameeter on 106 cm Lisaplaadid 2 x 23 cm. K\u00f5rgus 75 cm. Tarneaeg:&#8230;<\/p>\n","protected":false},"featured_media":70291,"template":"","meta":{"_acf_changed":false,"inline_featured_image":false},"series":[],"product_brand":[2913],"product_cat":[219],"product_tag":[],"class_list":{"0":"post-25437","1":"product","2":"type-product","3":"status-publish","4":"has-post-thumbnail","6":"product_brand-grafio","7":"product_cat-soogilauad","9":"first","10":"instock","11":"sale","12":"taxable","13":"shipping-taxable","14":"purchasable","15":"product-type-simple"},"acf":[],"_links":{"self":[{"href":"https:\/\/mobecor.ee\/en\/wp-json\/wp\/v2\/product\/25437","targetHints":{"allow":["GET"]}}],"collection":[{"href":"https:\/\/mobecor.ee\/en\/wp-json\/wp\/v2\/product"}],"about":[{"href":"https:\/\/mobecor.ee\/en\/wp-json\/wp\/v2\/types\/product"}],"wp:featuredmedia":[{"embeddable":true,"href":"https:\/\/mobecor.ee\/en\/wp-json\/wp\/v2\/media\/70291"}],"wp:attachment":[{"href":"https:\/\/mobecor.ee\/en\/wp-json\/wp\/v2\/media?parent=25437"}],"wp:term":[{"taxonomy":"series","embeddable":true,"href":"https:\/\/mobecor.ee\/en\/wp-json\/wp\/v2\/series?post=25437"},{"taxonomy":"product_brand","embeddable":true,"href":"https:\/\/mobecor.ee\/en\/wp-json\/wp\/v2\/product_brand?post=25437"},{"taxonomy":"product_cat","embeddable":true,"href":"https:\/\/mobecor.ee\/en\/wp-json\/wp\/v2\/product_cat?post=25437"},{"taxonomy":"product_tag","embeddable":true,"href":"https:\/\/mobecor.ee\/en\/wp-json\/wp\/v2\/product_tag?post=25437"}],"curies":[{"name":"wp","href":"https:\/\/api.w.org\/{rel}","templated":true}]}}