{"id":65630,"date":"2025-07-25T04:45:48","date_gmt":"2025-07-25T04:45:48","guid":{"rendered":"https:\/\/mobecor.ee\/?post_type=product&#038;p=65630"},"modified":"2025-08-07T14:17:25","modified_gmt":"2025-08-07T11:17:25","slug":"top-hygienic-cool-madratsikaitse","status":"publish","type":"product","link":"https:\/\/mobecor.ee\/en\/toode\/top-hygienic-cool-madratsikaitse\/","title":{"rendered":"TOP Hygienic Cool madratsikaitse"},"content":{"rendered":"<div>Kate on valmistatud jahutava Coolness kangaga, mille tehnoloogia tagab optimaalse \u00f5huringluse ja soojuse hajutamise. See loob v\u00e4rske ja meeldivalt jaheda magamiskeskkonna, aidates s\u00e4ilitada une kvaliteeti kogu \u00f6\u00f6 v\u00e4ltel.<br \/>\nTervist toetav ja v\u00e4rskust s\u00e4ilitav uneelamus on garanteeritud.<br \/>\nKatte nurkades paiknevad kummipaelad v\u00f5imaldavad selle mugavalt ja kindlalt alusmadratsi peale kinnitada.<br \/>\nMadratsikate on masinpestav kuni\u00a030-kraadises\u00a0vees, tagades lihtsa hoolduse ja pikaajalise kasutuskvaliteedi.<br \/>\nV\u00f5imalik on tellida ka erim\u00f5\u00f5dus tooteid.<br \/>\nToode on disainitud ja toodetud Eestis.<br \/>\nK\u00f5ik Sleepwelli toodetes kasutatavad materjalid, sealhulgas kangas, puuvill, vill ja vatiin, vastavad rahvusvahelisele\u00a0\u00d6ko-Tex 100 standardile, tagades keskkonnas\u00f5bralikkuse ja ohutuse.<br \/>\nNB! Erim\u00f5\u00f5dulistele toodetele ei kehti tagastus\u00f5igus.<\/div>\n","protected":false},"excerpt":{"rendered":"<div>Jahutav madratsikate, mis tagab v\u00e4rske ja mugava une \u2013 pakkudes t\u00f5husat jahutust ka soojadel suve\u00f6\u00f6del.<br \/>\nHingav ja soojust hajutav Coolness\u00a0kangas loob meeldivalt jaheda magamiskeskkonna.<br \/>\nSaadaval m\u00f5\u00f5dud: 80*200, 90*200, 120*200, 140*200, 160*200, 180*200 cm.<br \/>\nTarneaeg: 2 kuni 4 n\u00e4dalat.<\/div>\n","protected":false},"featured_media":65639,"template":"","meta":{"_acf_changed":false,"inline_featured_image":false},"series":[],"product_brand":[2859],"product_cat":[335,398],"product_tag":[],"class_list":{"0":"post-65630","1":"product","2":"type-product","3":"status-publish","4":"has-post-thumbnail","6":"product_brand-sleepwell","7":"product_cat-kattemadratsid-1","8":"product_cat-sleepwell-madratsi-ja-padjakaitsed","10":"first","11":"instock","12":"taxable","13":"shipping-taxable","14":"purchasable","15":"product-type-variable"},"acf":[],"_links":{"self":[{"href":"https:\/\/mobecor.ee\/en\/wp-json\/wp\/v2\/product\/65630","targetHints":{"allow":["GET"]}}],"collection":[{"href":"https:\/\/mobecor.ee\/en\/wp-json\/wp\/v2\/product"}],"about":[{"href":"https:\/\/mobecor.ee\/en\/wp-json\/wp\/v2\/types\/product"}],"wp:featuredmedia":[{"embeddable":true,"href":"https:\/\/mobecor.ee\/en\/wp-json\/wp\/v2\/media\/65639"}],"wp:attachment":[{"href":"https:\/\/mobecor.ee\/en\/wp-json\/wp\/v2\/media?parent=65630"}],"wp:term":[{"taxonomy":"series","embeddable":true,"href":"https:\/\/mobecor.ee\/en\/wp-json\/wp\/v2\/series?post=65630"},{"taxonomy":"product_brand","embeddable":true,"href":"https:\/\/mobecor.ee\/en\/wp-json\/wp\/v2\/product_brand?post=65630"},{"taxonomy":"product_cat","embeddable":true,"href":"https:\/\/mobecor.ee\/en\/wp-json\/wp\/v2\/product_cat?post=65630"},{"taxonomy":"product_tag","embeddable":true,"href":"https:\/\/mobecor.ee\/en\/wp-json\/wp\/v2\/product_tag?post=65630"}],"curies":[{"name":"wp","href":"https:\/\/api.w.org\/{rel}","templated":true}]}}