{"id":66341,"date":"2025-07-25T16:09:27","date_gmt":"2025-07-25T13:09:27","guid":{"rendered":"https:\/\/mobecor.ee\/?post_type=product&#038;p=66341"},"modified":"2025-12-03T13:08:35","modified_gmt":"2025-12-03T11:08:35","slug":"red-pocket-storage-kusett-80200","status":"publish","type":"product","link":"https:\/\/mobecor.ee\/en\/toode\/red-pocket-storage-kusett-80200\/","title":{"rendered":"Red Pocket Storage ku\u0161ett 80*200"},"content":{"rendered":"<p>Komplekt koosneb alumisest mahukast panipaigast ja \u00fclemisest ku\u0161etist.<br \/>\nVooderdatud Tiger Touch porolooniga, mis on materjalit\u00f6\u00f6stuse viimane s\u00f5na \u2013 laseb h\u00e4sti \u00f5hul liikuda ning moodustab m\u00f5nusalt vetruva, keha toetava vormi.<br \/>\nT\u00e4iendavat mugavust pakub ku\u0161etile lisatud puuvillakiht.<br \/>\nVoodi on kergelt ja vaikselt sulguvate gaasihingedega.<br \/>\nV\u00f5imalik valida pocket vedru j\u00e4ikust \u2013\u00a0<strong>j\u00e4ik<\/strong>\u00a0(2,0\/2,1 mm),\u00a0<strong>keskmine<\/strong>\u00a0(1,9\/2,0 mm) v\u00f5i\u00a0<strong>pehme<\/strong>\u00a0(1,8\/1,9 mm).<br \/>\nLai kangavalik annab v\u00f5imaluse valida igasse magamistuppa sobiv v\u00e4rvitoon.<br \/>\nKahest ku\u0161etist on v\u00f5imalik moodustada ka kontinentaalvoodi laiusega 160 cm v\u00f5i 180 cm, ostes juurde kahte ku\u0161etti katva kattemadratsi.<br \/>\nSoovitame kasutada paksemaid, v\u00e4hemalt 4 cm sisuga kattemadratseid.<br \/>\nJalgadeks sobivad plastjalad h=5 cm, \u00fcmmargused puitjalad h=5 cm v\u00f5i saarepuidust nurkjalad h=5,5 cm.<br \/>\n<strong>NB!\u00a0<a href=\"https:\/\/mobecor.ee\/tootekategooria\/magamistuba\/madratsid-ja-voodid\/sleepwell_uus\/kattemadratsid-1\/\" target=\"_blank\" rel=\"noopener noreferrer\">Kattemadrats<\/a>,\u00a0<a href=\"https:\/\/mobecor.ee\/tootekategooria\/magamistuba\/madratsid-ja-voodid\/sleepwell_uus\/peatsiotsad-lisad\/\" target=\"_blank\" rel=\"noopener noreferrer\">peats<\/a>,\u00a0<a href=\"https:\/\/mobecor.ee\/tootekategooria\/magamistuba\/madratsid-ja-voodid\/sleepwell_uus\/jalad-1\/\" target=\"_blank\" rel=\"noopener noreferrer\">jalad<\/a>\u00a0ja muud\u00a0<a href=\"https:\/\/mobecor.ee\/tootekategooria\/magamistuba\/madratsid-ja-voodid\/sleepwell_uus\/lisad\/\" target=\"_blank\" rel=\"noopener noreferrer\">lisad<\/a>\u00a0ei kuulu komplekti ning need tuleb valida juurde vastavalt oma eelistustele.<\/strong><br \/>\nToode on disainitud ja toodetud Eestis.<br \/>\nPorolooni on heaks kiitnud Eesti Allergialiit.<br \/>\nSleepwelli toodetes kasutatavad materjalid nagu kangas, puuvill, vill ja vatiin vastavad rahvusvahelisele \u00d6ko-Tex 100 standardile.<\/p>\n","protected":false},"excerpt":{"rendered":"<p>Laius 80 cm.<br \/>\nS\u00fcgavus: 200 cm.<br \/>\nKu\u0161eti k\u00f5rgus ilma jalgadeta: 53 cm.<br \/>\nTarneaeg: 4 kuni 6 n\u00e4dalat.<\/p>\n<p>&nbsp;<\/p>\n","protected":false},"featured_media":16180,"template":"","meta":{"_acf_changed":false,"inline_featured_image":false},"series":[],"product_brand":[2859],"product_cat":[415],"product_tag":[],"class_list":{"0":"post-66341","1":"product","2":"type-product","3":"status-publish","4":"has-post-thumbnail","6":"product_brand-sleepwell","7":"product_cat-kusetid","9":"first","10":"instock","11":"taxable","12":"shipping-taxable","13":"purchasable","14":"product-type-simple"},"acf":[],"_links":{"self":[{"href":"https:\/\/mobecor.ee\/en\/wp-json\/wp\/v2\/product\/66341","targetHints":{"allow":["GET"]}}],"collection":[{"href":"https:\/\/mobecor.ee\/en\/wp-json\/wp\/v2\/product"}],"about":[{"href":"https:\/\/mobecor.ee\/en\/wp-json\/wp\/v2\/types\/product"}],"wp:featuredmedia":[{"embeddable":true,"href":"https:\/\/mobecor.ee\/en\/wp-json\/wp\/v2\/media\/16180"}],"wp:attachment":[{"href":"https:\/\/mobecor.ee\/en\/wp-json\/wp\/v2\/media?parent=66341"}],"wp:term":[{"taxonomy":"series","embeddable":true,"href":"https:\/\/mobecor.ee\/en\/wp-json\/wp\/v2\/series?post=66341"},{"taxonomy":"product_brand","embeddable":true,"href":"https:\/\/mobecor.ee\/en\/wp-json\/wp\/v2\/product_brand?post=66341"},{"taxonomy":"product_cat","embeddable":true,"href":"https:\/\/mobecor.ee\/en\/wp-json\/wp\/v2\/product_cat?post=66341"},{"taxonomy":"product_tag","embeddable":true,"href":"https:\/\/mobecor.ee\/en\/wp-json\/wp\/v2\/product_tag?post=66341"}],"curies":[{"name":"wp","href":"https:\/\/api.w.org\/{rel}","templated":true}]}}