{"id":66644,"date":"2025-07-28T11:26:38","date_gmt":"2025-07-28T08:26:38","guid":{"rendered":"https:\/\/mobecor.ee\/?post_type=product&#038;p=66644"},"modified":"2025-12-03T13:50:32","modified_gmt":"2025-12-03T11:50:32","slug":"red-continental-kontinentaalvoodi-140200","status":"publish","type":"product","link":"https:\/\/mobecor.ee\/en\/toode\/red-continental-kontinentaalvoodi-140200\/","title":{"rendered":"Red Continental kontinentaalvoodi 140*200"},"content":{"rendered":"<p>5-tsooniline pakitud vedrudega madrats on vooderdatud Tiger Touch porolooniga, mis on materjalit\u00f6\u00f6stuse viimane s\u00f5na \u2013 laseb h\u00e4sti \u00f5hul liikuda ning moodustab m\u00f5nusalt vetruva, keha toetava vormi.<br \/>\nAluskus\u030cettide sisuks on pocket vedruplokk ning pealt on vooderdatud kvaliteetse porolooniga.<br \/>\nVedrumadratsi j\u00e4ikust on v\u00f5imalik valida \u2013\u00a0<strong>j\u00e4ik<\/strong>\u00a0(2,0\/2,1 mm),\u00a0<strong>keskmine<\/strong>\u00a0(1,9\/2,0 mm) v\u00f5i\u00a0<strong>pehme<\/strong>\u00a0(1,8\/1,9 mm).<br \/>\nLai kangavalik annab v\u00f5imaluse valida igasse magamistuppa sobiv v\u00e4rvitoon. M\u00f6\u00f6blikanga valik pakub 14 erineva tooniga kangaid.<br \/>\nV\u00f5imalik on juurde tellida ka sama m\u00f6\u00f6blikangaga\u00a0<a href=\"https:\/\/mobecor.ee\/tootekategooria\/magamistuba\/madratsid-ja-voodid\/sleepwell_uus\/peatsiotsad-lisad\/\" target=\"_blank\" rel=\"noopener noreferrer\">peatsiots<\/a>.<br \/>\nValikus on 9 erinevat peatsiotsa. Peatsile on k\u00f5rguse reguleerimiseks v\u00f5imalik alla keerata 12 cm plastikjalad. Sellisel juhul peavad ka kontinentaalvoodi\u00a0<a href=\"https:\/\/mobecor.ee\/tootekategooria\/magamistuba\/madratsid-ja-voodid\/sleepwell_uus\/jalad-1\/\" target=\"_blank\" rel=\"noopener noreferrer\">jalad<\/a>\u00a0olema 12cm k\u00f5rgused.<br \/>\nJuurde on v\u00f5imalik tellida ka samast kangast\u00a0<a href=\"https:\/\/mobecor.ee\/tootekategooria\/magamistuba\/madratsid-ja-voodid\/sleepwell_uus\/lisad\/\" target=\"_blank\" rel=\"noopener noreferrer\">k\u00fcljetaskud<\/a>, kuhu saab asetada ajakirju, teleripuldi jm.<br \/>\nVoodi jalutsisse on v\u00f5imalik tellida sama kangaga kaetud\u00a0<a href=\"https:\/\/mobecor.ee\/tootekategooria\/magamistuba\/madratsid-ja-voodid\/sleepwell_uus\/lisad\/\" target=\"_blank\" rel=\"noopener noreferrer\">jalutsikast<\/a>\u00a0riiete hoidmiseks ja istumiseks.<br \/>\nToode on disainitud ja toodetud Eestis.<br \/>\nPorolooni on heaks kiitnud Eesti Allergialiit. Sleepwelli toodetes kasutatavad materjalid nagu kangas, puuvill, vill ja vatiin vastavad rahvusvahelisele \u00d6ko-Tex 100 standardile.<\/p>\n","protected":false},"excerpt":{"rendered":"<p>Voodikomplekt laiusega 140 cmkoosneb \u00fchest alusku\u0161etist ja seda katvast vedrumadratsist.<br \/>\nNB!<a href=\"https:\/\/mobecor.ee\/tootekategooria\/magamistuba\/madratsid-ja-voodid\/sleepwell_uus\/kattemadratsid-1\/\" target=\"_blank\" rel=\"noopener noreferrer\">\u00a0Kattemadrats<\/a>\u00a0ja\u00a0<a href=\"https:\/\/mobecor.ee\/tootekategooria\/magamistuba\/madratsid-ja-voodid\/sleepwell_uus\/jalad-1\/\" target=\"_blank\" rel=\"noopener noreferrer\">jalad<\/a>\u00a0ei kuulu komplekti, need tuleb juurde valida vastavalt soovile.<br \/>\nM\u00f5\u00f5dud: 140*200 cm.<br \/>\nK\u00f5rgus ilma jalgadeta: 50 cm.<br \/>\nTarneaeg: 4 kuni 6 n\u00e4dalat.<\/p>\n","protected":false},"featured_media":66689,"template":"","meta":{"_acf_changed":false,"inline_featured_image":false},"series":[],"product_brand":[2859],"product_cat":[424],"product_tag":[],"class_list":{"0":"post-66644","1":"product","2":"type-product","3":"status-publish","4":"has-post-thumbnail","6":"product_brand-sleepwell","7":"product_cat-kontinentaal-ja-mootorvoodid","9":"first","10":"instock","11":"taxable","12":"shipping-taxable","13":"purchasable","14":"product-type-simple"},"acf":[],"_links":{"self":[{"href":"https:\/\/mobecor.ee\/en\/wp-json\/wp\/v2\/product\/66644","targetHints":{"allow":["GET"]}}],"collection":[{"href":"https:\/\/mobecor.ee\/en\/wp-json\/wp\/v2\/product"}],"about":[{"href":"https:\/\/mobecor.ee\/en\/wp-json\/wp\/v2\/types\/product"}],"wp:featuredmedia":[{"embeddable":true,"href":"https:\/\/mobecor.ee\/en\/wp-json\/wp\/v2\/media\/66689"}],"wp:attachment":[{"href":"https:\/\/mobecor.ee\/en\/wp-json\/wp\/v2\/media?parent=66644"}],"wp:term":[{"taxonomy":"series","embeddable":true,"href":"https:\/\/mobecor.ee\/en\/wp-json\/wp\/v2\/series?post=66644"},{"taxonomy":"product_brand","embeddable":true,"href":"https:\/\/mobecor.ee\/en\/wp-json\/wp\/v2\/product_brand?post=66644"},{"taxonomy":"product_cat","embeddable":true,"href":"https:\/\/mobecor.ee\/en\/wp-json\/wp\/v2\/product_cat?post=66644"},{"taxonomy":"product_tag","embeddable":true,"href":"https:\/\/mobecor.ee\/en\/wp-json\/wp\/v2\/product_tag?post=66644"}],"curies":[{"name":"wp","href":"https:\/\/api.w.org\/{rel}","templated":true}]}}