{"id":66778,"date":"2025-07-29T07:55:51","date_gmt":"2025-07-29T04:55:51","guid":{"rendered":"https:\/\/mobecor.ee\/?post_type=product&#038;p=66778"},"modified":"2026-03-10T10:23:22","modified_gmt":"2026-03-10T08:23:22","slug":"blue-pocket-kusett-90200","status":"publish","type":"product","link":"https:\/\/mobecor.ee\/en\/toode\/blue-pocket-kusett-90200\/","title":{"rendered":"Blue Pocket ku\u0161ett 90*200"},"content":{"rendered":"<p>Lisamugavust lisab pakitud vedruploki peal olev kvaliteetne poroloonikiht (2,5 cm).<br \/>\nBlue sarja m\u00f6\u00f6blikanga valik pakub 5 erinevat tooni kangaid \u2013 bee\u017e, helehall, tumehall, roosa ja sinine.<br \/>\nV\u00f5imalik on juurde tellida ka sama m\u00f6\u00f6blikangaga\u00a0<a href=\"https:\/\/mobecor.ee\/tootekategooria\/magamistuba\/madratsid-ja-voodid\/sleepwell_uus\/peatsiotsad-lisad\/\" target=\"_blank\" rel=\"noopener noreferrer\">peatsiots<\/a>. Valikus on 2 erinevat peatsiotsa.<br \/>\n<a href=\"https:\/\/mobecor.ee\/tootekategooria\/magamistuba\/madratsid-ja-voodid\/sleepwell_uus\/jalad-1\/\" target=\"_blank\" rel=\"noopener noreferrer\">Jalgade<\/a>\u00a0k\u00f5rguseks soovitame antud toote puhul jalgu alates 18 cm.<br \/>\nToode on disainitud ja toodetud Eestis.Sleepwelli toodetes kasutatavad materjalid nagu kangas, puuvill, vill ja vatiin vastavad rahvusvahelisele \u00d6ko-Tex 100 standardile.<\/p>\n","protected":false},"excerpt":{"rendered":"<p>J\u00e4iga vedrustusega (2,0 mm\/h=13 cm) vedruvoodi, mida katab m\u00f6\u00f6blikangas.<br \/>\n<strong>NB!\u00a0<a href=\"https:\/\/mobecor.ee\/tootekategooria\/magamistuba\/madratsid-ja-voodid\/sleepwell_uus\/kattemadratsid-1\/\" target=\"_blank\" rel=\"noopener noreferrer\">Kattemadrats<\/a>,\u00a0<a href=\"https:\/\/mobecor.ee\/tootekategooria\/magamistuba\/madratsid-ja-voodid\/sleepwell_uus\/peatsiotsad-lisad\/\" target=\"_blank\" rel=\"noopener noreferrer\">peats<\/a>,\u00a0<a href=\"https:\/\/mobecor.ee\/tootekategooria\/magamistuba\/madratsid-ja-voodid\/sleepwell_uus\/jalad-1\/\" target=\"_blank\" rel=\"noopener noreferrer\">jalad<\/a>\u00a0ja muud\u00a0<a href=\"https:\/\/mobecor.ee\/tootekategooria\/magamistuba\/madratsid-ja-voodid\/sleepwell_uus\/lisad\/\" target=\"_blank\" rel=\"noopener noreferrer\">lisad<\/a>\u00a0ei kuulu komplekti ning need tuleb valida juurde vastavalt oma eelistustele.<br \/>\n<\/strong>M\u00f5\u00f5dud 90*200 cm.<br \/>\nKu\u0161eti k\u00f5rgus ilma jalgadeta: 28 cm.<br \/>\nTarneaeg: 4 kuni 6 n\u00e4dalat.<\/p>\n","protected":false},"featured_media":14338,"template":"","meta":{"_acf_changed":false,"inline_featured_image":false},"series":[],"product_brand":[2859],"product_cat":[415],"product_tag":[],"class_list":{"0":"post-66778","1":"product","2":"type-product","3":"status-publish","4":"has-post-thumbnail","6":"product_brand-sleepwell","7":"product_cat-kusetid","9":"first","10":"instock","11":"taxable","12":"shipping-taxable","13":"purchasable","14":"product-type-simple"},"acf":[],"_links":{"self":[{"href":"https:\/\/mobecor.ee\/en\/wp-json\/wp\/v2\/product\/66778","targetHints":{"allow":["GET"]}}],"collection":[{"href":"https:\/\/mobecor.ee\/en\/wp-json\/wp\/v2\/product"}],"about":[{"href":"https:\/\/mobecor.ee\/en\/wp-json\/wp\/v2\/types\/product"}],"wp:featuredmedia":[{"embeddable":true,"href":"https:\/\/mobecor.ee\/en\/wp-json\/wp\/v2\/media\/14338"}],"wp:attachment":[{"href":"https:\/\/mobecor.ee\/en\/wp-json\/wp\/v2\/media?parent=66778"}],"wp:term":[{"taxonomy":"series","embeddable":true,"href":"https:\/\/mobecor.ee\/en\/wp-json\/wp\/v2\/series?post=66778"},{"taxonomy":"product_brand","embeddable":true,"href":"https:\/\/mobecor.ee\/en\/wp-json\/wp\/v2\/product_brand?post=66778"},{"taxonomy":"product_cat","embeddable":true,"href":"https:\/\/mobecor.ee\/en\/wp-json\/wp\/v2\/product_cat?post=66778"},{"taxonomy":"product_tag","embeddable":true,"href":"https:\/\/mobecor.ee\/en\/wp-json\/wp\/v2\/product_tag?post=66778"}],"curies":[{"name":"wp","href":"https:\/\/api.w.org\/{rel}","templated":true}]}}