{"id":67222,"date":"2025-07-29T15:13:59","date_gmt":"2025-07-29T12:13:59","guid":{"rendered":"https:\/\/mobecor.ee\/?post_type=product&#038;p=67222"},"modified":"2025-10-30T07:44:49","modified_gmt":"2025-10-30T05:44:49","slug":"kaepide-ur10-96mm","status":"publish","type":"product","link":"https:\/\/mobecor.ee\/en\/toode\/kaepide-ur10-96mm\/","title":{"rendered":"K\u00e4epide UR10 (kruvivahe 96 mm)"},"content":{"rendered":"<p>UR10 m\u00f6\u00f6blik\u00e4epide, must.<br \/>\nKruvivahe: 96 mm.<br \/>\nPikkus: 110 mm.<br \/>\nLaius: 18 mm.<br \/>\nV\u00e4rv: Must.<\/p>\n","protected":false},"excerpt":{"rendered":"<p>UR10 m\u00f6\u00f6blik\u00e4epide, must. Kruvivahe: 96 mm. Pikkus: 110 mm. Laius: 18 mm. V\u00e4rv: Must.<\/p>\n","protected":false},"featured_media":67223,"template":"","meta":{"_acf_changed":false,"inline_featured_image":false},"series":[],"product_brand":[2939],"product_cat":[2951],"product_tag":[],"class_list":{"0":"post-67222","1":"product","2":"type-product","3":"status-publish","4":"has-post-thumbnail","6":"product_brand-extom","7":"product_cat-kaepidemed-e","9":"first","10":"instock","11":"taxable","12":"shipping-taxable","13":"purchasable","14":"product-type-simple"},"acf":[],"_links":{"self":[{"href":"https:\/\/mobecor.ee\/en\/wp-json\/wp\/v2\/product\/67222","targetHints":{"allow":["GET"]}}],"collection":[{"href":"https:\/\/mobecor.ee\/en\/wp-json\/wp\/v2\/product"}],"about":[{"href":"https:\/\/mobecor.ee\/en\/wp-json\/wp\/v2\/types\/product"}],"wp:featuredmedia":[{"embeddable":true,"href":"https:\/\/mobecor.ee\/en\/wp-json\/wp\/v2\/media\/67223"}],"wp:attachment":[{"href":"https:\/\/mobecor.ee\/en\/wp-json\/wp\/v2\/media?parent=67222"}],"wp:term":[{"taxonomy":"series","embeddable":true,"href":"https:\/\/mobecor.ee\/en\/wp-json\/wp\/v2\/series?post=67222"},{"taxonomy":"product_brand","embeddable":true,"href":"https:\/\/mobecor.ee\/en\/wp-json\/wp\/v2\/product_brand?post=67222"},{"taxonomy":"product_cat","embeddable":true,"href":"https:\/\/mobecor.ee\/en\/wp-json\/wp\/v2\/product_cat?post=67222"},{"taxonomy":"product_tag","embeddable":true,"href":"https:\/\/mobecor.ee\/en\/wp-json\/wp\/v2\/product_tag?post=67222"}],"curies":[{"name":"wp","href":"https:\/\/api.w.org\/{rel}","templated":true}]}}