{"id":67232,"date":"2025-07-29T15:39:12","date_gmt":"2025-07-29T12:39:12","guid":{"rendered":"https:\/\/mobecor.ee\/?post_type=product&#038;p=67232"},"modified":"2025-11-18T15:39:03","modified_gmt":"2025-11-18T13:39:03","slug":"kaepide-typ-d-160mm","status":"publish","type":"product","link":"https:\/\/mobecor.ee\/en\/toode\/kaepide-typ-d-160mm\/","title":{"rendered":"K\u00e4epide Typ D  (kruvivahe 160 mm)"},"content":{"rendered":"<p>M\u00f6\u00f6blik\u00e4epide.<br \/>\nKruvivahe: 160 mm.<br \/>\nPikkus: 210 mm.<br \/>\nK\u00f5rgus: 20 mm.<br \/>\nS\u00fcgavus: 20 mm.<br \/>\nV\u00e4rv: Kroom.<\/p>\n","protected":false},"excerpt":{"rendered":"<p>M\u00f6\u00f6blik\u00e4epide. Kruvivahe: 160 mm. Pikkus: 210 mm. K\u00f5rgus: 20 mm. S\u00fcgavus: 20 mm. V\u00e4rv: Kroom.<\/p>\n","protected":false},"featured_media":67233,"template":"","meta":{"_acf_changed":false,"inline_featured_image":false},"series":[],"product_brand":[2939],"product_cat":[2951],"product_tag":[],"class_list":{"0":"post-67232","1":"product","2":"type-product","3":"status-publish","4":"has-post-thumbnail","6":"product_brand-extom","7":"product_cat-kaepidemed-e","9":"first","10":"instock","11":"taxable","12":"shipping-taxable","13":"purchasable","14":"product-type-simple"},"acf":[],"_links":{"self":[{"href":"https:\/\/mobecor.ee\/en\/wp-json\/wp\/v2\/product\/67232","targetHints":{"allow":["GET"]}}],"collection":[{"href":"https:\/\/mobecor.ee\/en\/wp-json\/wp\/v2\/product"}],"about":[{"href":"https:\/\/mobecor.ee\/en\/wp-json\/wp\/v2\/types\/product"}],"wp:featuredmedia":[{"embeddable":true,"href":"https:\/\/mobecor.ee\/en\/wp-json\/wp\/v2\/media\/67233"}],"wp:attachment":[{"href":"https:\/\/mobecor.ee\/en\/wp-json\/wp\/v2\/media?parent=67232"}],"wp:term":[{"taxonomy":"series","embeddable":true,"href":"https:\/\/mobecor.ee\/en\/wp-json\/wp\/v2\/series?post=67232"},{"taxonomy":"product_brand","embeddable":true,"href":"https:\/\/mobecor.ee\/en\/wp-json\/wp\/v2\/product_brand?post=67232"},{"taxonomy":"product_cat","embeddable":true,"href":"https:\/\/mobecor.ee\/en\/wp-json\/wp\/v2\/product_cat?post=67232"},{"taxonomy":"product_tag","embeddable":true,"href":"https:\/\/mobecor.ee\/en\/wp-json\/wp\/v2\/product_tag?post=67232"}],"curies":[{"name":"wp","href":"https:\/\/api.w.org\/{rel}","templated":true}]}}