{"id":67242,"date":"2025-07-29T15:57:53","date_gmt":"2025-07-29T12:57:53","guid":{"rendered":"https:\/\/mobecor.ee\/?post_type=product&#038;p=67242"},"modified":"2025-10-30T07:44:11","modified_gmt":"2025-10-30T05:44:11","slug":"kaepide-songo-kruvivahe-128-mm","status":"publish","type":"product","link":"https:\/\/mobecor.ee\/en\/toode\/kaepide-songo-kruvivahe-128-mm\/","title":{"rendered":"K\u00e4epide Songo  (kruvivahe 128 mm)"},"content":{"rendered":"<p>M\u00f6\u00f6blik\u00e4epide.<br \/>\nKruvivahe: 128 mm.<br \/>\nPikkus: 145 mm.<br \/>\nK\u00f5rgus: 25 mm.<br \/>\nS\u00fcgavus: 20 mm.<br \/>\nV\u00e4rv: Kroom.<\/p>\n","protected":false},"excerpt":{"rendered":"<p>M\u00f6\u00f6blik\u00e4epide. Kruvivahe: 128 mm. Pikkus: 145 mm. K\u00f5rgus: 25 mm. S\u00fcgavus: 20 mm. V\u00e4rv: Kroom.<\/p>\n","protected":false},"featured_media":67243,"template":"","meta":{"_acf_changed":false,"inline_featured_image":false},"series":[],"product_brand":[2939],"product_cat":[2951],"product_tag":[],"class_list":{"0":"post-67242","1":"product","2":"type-product","3":"status-publish","4":"has-post-thumbnail","6":"product_brand-extom","7":"product_cat-kaepidemed-e","9":"first","10":"instock","11":"taxable","12":"shipping-taxable","13":"purchasable","14":"product-type-simple"},"acf":[],"_links":{"self":[{"href":"https:\/\/mobecor.ee\/en\/wp-json\/wp\/v2\/product\/67242","targetHints":{"allow":["GET"]}}],"collection":[{"href":"https:\/\/mobecor.ee\/en\/wp-json\/wp\/v2\/product"}],"about":[{"href":"https:\/\/mobecor.ee\/en\/wp-json\/wp\/v2\/types\/product"}],"wp:featuredmedia":[{"embeddable":true,"href":"https:\/\/mobecor.ee\/en\/wp-json\/wp\/v2\/media\/67243"}],"wp:attachment":[{"href":"https:\/\/mobecor.ee\/en\/wp-json\/wp\/v2\/media?parent=67242"}],"wp:term":[{"taxonomy":"series","embeddable":true,"href":"https:\/\/mobecor.ee\/en\/wp-json\/wp\/v2\/series?post=67242"},{"taxonomy":"product_brand","embeddable":true,"href":"https:\/\/mobecor.ee\/en\/wp-json\/wp\/v2\/product_brand?post=67242"},{"taxonomy":"product_cat","embeddable":true,"href":"https:\/\/mobecor.ee\/en\/wp-json\/wp\/v2\/product_cat?post=67242"},{"taxonomy":"product_tag","embeddable":true,"href":"https:\/\/mobecor.ee\/en\/wp-json\/wp\/v2\/product_tag?post=67242"}],"curies":[{"name":"wp","href":"https:\/\/api.w.org\/{rel}","templated":true}]}}