{"id":67248,"date":"2025-07-29T16:17:43","date_gmt":"2025-07-29T13:17:43","guid":{"rendered":"https:\/\/mobecor.ee\/?post_type=product&#038;p=67248"},"modified":"2025-10-30T07:43:55","modified_gmt":"2025-10-30T05:43:55","slug":"kaepide-typ-c-kruvivahe-160-mm","status":"publish","type":"product","link":"https:\/\/mobecor.ee\/en\/toode\/kaepide-typ-c-kruvivahe-160-mm\/","title":{"rendered":"K\u00e4epide Typ C (kruvivahe 160 mm)"},"content":{"rendered":"<p>Typ C m\u00f6\u00f6blik\u00e4epide, must.<br \/>\nKruvivahe: 160 mm.<br \/>\nPikkus: 182 mm.<br \/>\nLaius: 30 mm.<br \/>\nK\u00f5rgus: 30 cm.<br \/>\nV\u00e4rv: Must.<\/p>\n","protected":false},"excerpt":{"rendered":"<p>Typ C m\u00f6\u00f6blik\u00e4epide, must. Kruvivahe: 160 mm. Pikkus: 182 mm. Laius: 30 mm. K\u00f5rgus: 30 cm. V\u00e4rv: Must.<\/p>\n","protected":false},"featured_media":67249,"template":"","meta":{"_acf_changed":false,"inline_featured_image":false},"series":[],"product_brand":[2939],"product_cat":[2951],"product_tag":[],"class_list":{"0":"post-67248","1":"product","2":"type-product","3":"status-publish","4":"has-post-thumbnail","6":"product_brand-extom","7":"product_cat-kaepidemed-e","9":"first","10":"instock","11":"taxable","12":"shipping-taxable","13":"purchasable","14":"product-type-simple"},"acf":[],"_links":{"self":[{"href":"https:\/\/mobecor.ee\/en\/wp-json\/wp\/v2\/product\/67248","targetHints":{"allow":["GET"]}}],"collection":[{"href":"https:\/\/mobecor.ee\/en\/wp-json\/wp\/v2\/product"}],"about":[{"href":"https:\/\/mobecor.ee\/en\/wp-json\/wp\/v2\/types\/product"}],"wp:featuredmedia":[{"embeddable":true,"href":"https:\/\/mobecor.ee\/en\/wp-json\/wp\/v2\/media\/67249"}],"wp:attachment":[{"href":"https:\/\/mobecor.ee\/en\/wp-json\/wp\/v2\/media?parent=67248"}],"wp:term":[{"taxonomy":"series","embeddable":true,"href":"https:\/\/mobecor.ee\/en\/wp-json\/wp\/v2\/series?post=67248"},{"taxonomy":"product_brand","embeddable":true,"href":"https:\/\/mobecor.ee\/en\/wp-json\/wp\/v2\/product_brand?post=67248"},{"taxonomy":"product_cat","embeddable":true,"href":"https:\/\/mobecor.ee\/en\/wp-json\/wp\/v2\/product_cat?post=67248"},{"taxonomy":"product_tag","embeddable":true,"href":"https:\/\/mobecor.ee\/en\/wp-json\/wp\/v2\/product_tag?post=67248"}],"curies":[{"name":"wp","href":"https:\/\/api.w.org\/{rel}","templated":true}]}}