{"id":67251,"date":"2025-07-29T16:23:59","date_gmt":"2025-07-29T13:23:59","guid":{"rendered":"https:\/\/mobecor.ee\/?post_type=product&#038;p=67251"},"modified":"2025-11-18T15:38:40","modified_gmt":"2025-11-18T13:38:40","slug":"kaepide-ua107-kruvivahe-160-mm","status":"publish","type":"product","link":"https:\/\/mobecor.ee\/en\/toode\/kaepide-ua107-kruvivahe-160-mm\/","title":{"rendered":"K\u00e4epide UA 107 (kruvivahe 160 mm)"},"content":{"rendered":"<p>UA 107 m\u00f6\u00f6blik\u00e4epide, must.<br \/>\nKruvivahe: 160 mm.<br \/>\nPikkus: 170 mm.<br \/>\nLaius: 20 mm.<br \/>\nV\u00e4rv: Must.<\/p>\n","protected":false},"excerpt":{"rendered":"<p>UA 107 m\u00f6\u00f6blik\u00e4epide, must. Kruvivahe: 160 mm. Pikkus: 170 mm. Laius: 20 mm. V\u00e4rv: Must.<\/p>\n","protected":false},"featured_media":67252,"template":"","meta":{"_acf_changed":false,"inline_featured_image":false},"series":[],"product_brand":[2939],"product_cat":[2951],"product_tag":[],"class_list":{"0":"post-67251","1":"product","2":"type-product","3":"status-publish","4":"has-post-thumbnail","6":"product_brand-extom","7":"product_cat-kaepidemed-e","9":"first","10":"instock","11":"taxable","12":"shipping-taxable","13":"purchasable","14":"product-type-simple"},"acf":[],"_links":{"self":[{"href":"https:\/\/mobecor.ee\/en\/wp-json\/wp\/v2\/product\/67251","targetHints":{"allow":["GET"]}}],"collection":[{"href":"https:\/\/mobecor.ee\/en\/wp-json\/wp\/v2\/product"}],"about":[{"href":"https:\/\/mobecor.ee\/en\/wp-json\/wp\/v2\/types\/product"}],"wp:featuredmedia":[{"embeddable":true,"href":"https:\/\/mobecor.ee\/en\/wp-json\/wp\/v2\/media\/67252"}],"wp:attachment":[{"href":"https:\/\/mobecor.ee\/en\/wp-json\/wp\/v2\/media?parent=67251"}],"wp:term":[{"taxonomy":"series","embeddable":true,"href":"https:\/\/mobecor.ee\/en\/wp-json\/wp\/v2\/series?post=67251"},{"taxonomy":"product_brand","embeddable":true,"href":"https:\/\/mobecor.ee\/en\/wp-json\/wp\/v2\/product_brand?post=67251"},{"taxonomy":"product_cat","embeddable":true,"href":"https:\/\/mobecor.ee\/en\/wp-json\/wp\/v2\/product_cat?post=67251"},{"taxonomy":"product_tag","embeddable":true,"href":"https:\/\/mobecor.ee\/en\/wp-json\/wp\/v2\/product_tag?post=67251"}],"curies":[{"name":"wp","href":"https:\/\/api.w.org\/{rel}","templated":true}]}}