{"id":67263,"date":"2025-08-01T08:36:24","date_gmt":"2025-08-01T05:36:24","guid":{"rendered":"https:\/\/mobecor.ee\/?post_type=product&#038;p=67263"},"modified":"2025-11-18T15:37:55","modified_gmt":"2025-11-18T13:37:55","slug":"kaepide-muszla-gold","status":"publish","type":"product","link":"https:\/\/mobecor.ee\/en\/toode\/kaepide-muszla-gold\/","title":{"rendered":"K\u00e4epide Muszla gold (kruvivahe 64 mm)"},"content":{"rendered":"<p>Muszla m\u00f6\u00f6blik\u00e4epide, kuldne.<br \/>\nKruvivahe: 64 mm.<br \/>\nLaius: 94 mm.<br \/>\nS\u00fcgavus: 37 mm.<br \/>\nK\u00f5rgus: 20 mm.<br \/>\nV\u00e4rv: kuldne.<\/p>\n","protected":false},"excerpt":{"rendered":"<p>Muszla m\u00f6\u00f6blik\u00e4epide, kuldne. Kruvivahe: 64 mm. Laius: 94 mm. S\u00fcgavus: 37 mm. K\u00f5rgus: 20 mm. V\u00e4rv: kuldne.<\/p>\n","protected":false},"featured_media":67264,"template":"","meta":{"_acf_changed":false,"inline_featured_image":false},"series":[],"product_brand":[2939],"product_cat":[2951],"product_tag":[],"class_list":{"0":"post-67263","1":"product","2":"type-product","3":"status-publish","4":"has-post-thumbnail","6":"product_brand-extom","7":"product_cat-kaepidemed-e","9":"first","10":"instock","11":"taxable","12":"shipping-taxable","13":"purchasable","14":"product-type-simple"},"acf":[],"_links":{"self":[{"href":"https:\/\/mobecor.ee\/en\/wp-json\/wp\/v2\/product\/67263","targetHints":{"allow":["GET"]}}],"collection":[{"href":"https:\/\/mobecor.ee\/en\/wp-json\/wp\/v2\/product"}],"about":[{"href":"https:\/\/mobecor.ee\/en\/wp-json\/wp\/v2\/types\/product"}],"wp:featuredmedia":[{"embeddable":true,"href":"https:\/\/mobecor.ee\/en\/wp-json\/wp\/v2\/media\/67264"}],"wp:attachment":[{"href":"https:\/\/mobecor.ee\/en\/wp-json\/wp\/v2\/media?parent=67263"}],"wp:term":[{"taxonomy":"series","embeddable":true,"href":"https:\/\/mobecor.ee\/en\/wp-json\/wp\/v2\/series?post=67263"},{"taxonomy":"product_brand","embeddable":true,"href":"https:\/\/mobecor.ee\/en\/wp-json\/wp\/v2\/product_brand?post=67263"},{"taxonomy":"product_cat","embeddable":true,"href":"https:\/\/mobecor.ee\/en\/wp-json\/wp\/v2\/product_cat?post=67263"},{"taxonomy":"product_tag","embeddable":true,"href":"https:\/\/mobecor.ee\/en\/wp-json\/wp\/v2\/product_tag?post=67263"}],"curies":[{"name":"wp","href":"https:\/\/api.w.org\/{rel}","templated":true}]}}