{"id":67277,"date":"2025-08-01T09:34:50","date_gmt":"2025-08-01T06:34:50","guid":{"rendered":"https:\/\/mobecor.ee\/?post_type=product&#038;p=67277"},"modified":"2025-10-30T07:42:47","modified_gmt":"2025-10-30T05:42:47","slug":"kaepide-jodelka-black-ujobl-40-60","status":"publish","type":"product","link":"https:\/\/mobecor.ee\/en\/toode\/kaepide-jodelka-black-ujobl-40-60\/","title":{"rendered":"K\u00e4epide Jodelka Black UJOBL 40\/60"},"content":{"rendered":"<p>M\u00f6\u00f6blik\u00e4epide<br \/>\nLaius: 60 mm.<br \/>\nS\u00fcgavus: 44 mm.<br \/>\nK\u00f5rgus: 25 mm.<br \/>\nV\u00e4rv: must.<\/p>\n","protected":false},"excerpt":{"rendered":"<p>M\u00f6\u00f6blik\u00e4epide Laius: 60 mm. S\u00fcgavus: 44 mm. K\u00f5rgus: 25 mm. V\u00e4rv: must.<\/p>\n","protected":false},"featured_media":67280,"template":"","meta":{"_acf_changed":false,"inline_featured_image":false},"series":[],"product_brand":[2939],"product_cat":[2951],"product_tag":[],"class_list":{"0":"post-67277","1":"product","2":"type-product","3":"status-publish","4":"has-post-thumbnail","6":"product_brand-extom","7":"product_cat-kaepidemed-e","9":"first","10":"instock","11":"taxable","12":"shipping-taxable","13":"purchasable","14":"product-type-simple"},"acf":[],"_links":{"self":[{"href":"https:\/\/mobecor.ee\/en\/wp-json\/wp\/v2\/product\/67277","targetHints":{"allow":["GET"]}}],"collection":[{"href":"https:\/\/mobecor.ee\/en\/wp-json\/wp\/v2\/product"}],"about":[{"href":"https:\/\/mobecor.ee\/en\/wp-json\/wp\/v2\/types\/product"}],"wp:featuredmedia":[{"embeddable":true,"href":"https:\/\/mobecor.ee\/en\/wp-json\/wp\/v2\/media\/67280"}],"wp:attachment":[{"href":"https:\/\/mobecor.ee\/en\/wp-json\/wp\/v2\/media?parent=67277"}],"wp:term":[{"taxonomy":"series","embeddable":true,"href":"https:\/\/mobecor.ee\/en\/wp-json\/wp\/v2\/series?post=67277"},{"taxonomy":"product_brand","embeddable":true,"href":"https:\/\/mobecor.ee\/en\/wp-json\/wp\/v2\/product_brand?post=67277"},{"taxonomy":"product_cat","embeddable":true,"href":"https:\/\/mobecor.ee\/en\/wp-json\/wp\/v2\/product_cat?post=67277"},{"taxonomy":"product_tag","embeddable":true,"href":"https:\/\/mobecor.ee\/en\/wp-json\/wp\/v2\/product_tag?post=67277"}],"curies":[{"name":"wp","href":"https:\/\/api.w.org\/{rel}","templated":true}]}}