{"id":69509,"date":"2025-08-11T13:43:04","date_gmt":"2025-08-11T10:43:04","guid":{"rendered":"https:\/\/mobecor.ee\/?post_type=product&#038;p=69509"},"modified":"2026-03-12T12:07:28","modified_gmt":"2026-03-12T10:07:28","slug":"vedrumadrats-super-pocket","status":"publish","type":"product","link":"https:\/\/mobecor.ee\/en\/toode\/vedrumadrats-super-pocket\/","title":{"rendered":"Vedrumadrats Super Pocket"},"content":{"rendered":"<p>Kahepoolne keskmise tugevusega madrats, mis p\u00f5hineb pocket s\u00fcsteemi vedruplokil. Pocket vedrus\u00fcsteemga madratsitel on k\u00f5ik vedrud pakitud eraldi kotikestesse. Sellise vedrustusega madrats v\u00f5tab kuju inimese keha j\u00e4rgi, keharaskus jaotub \u00fchtlaselt ning iga vedru t\u00f6\u00f6tab individuaalselt nii, et keha saab just \u00f5igetest ja vajalikest kohtadest tuge, mis toob esile madratsi ortopeedilised omadused.<br \/>\nVedrude vaheline vildikiht ja madratsi tepimisse kaasas olev pol\u00fcuretaanvaht (m\u00f6\u00f6bli poroloon) annab madratsile k\u00f5vaduse ja kaitseb vahtpol\u00fcuretaani paremini metalli eest.<br \/>\nKate on pehmest trikookangast.<br \/>\nIdeaalne ost s\u00e4\u00e4stlikule inimesele.<br \/>\nSisu:<br \/>\n* pol\u00fcuretaanvaht (m\u00f6\u00f6bli poroloon) 2 cm,<br \/>\n* vilt,<br \/>\n* pocket vedru,<br \/>\n* vilt,<br \/>\n* pol\u00fcuretaanvaht (m\u00f6\u00f6bli poroloon) 2 cm.<br \/>\nMadratsi kate ei ole eemaldatav.<br \/>\nMadratsi mugavamaks tarnimiseks on madrats rullpakendis.<br \/>\nToodetud: L\u00e4tis.<\/p>\n","protected":false},"excerpt":{"rendered":"<p>K\u00f5rgus:\u00a018 cm.<br \/>\nS\u00fcgavus: 200 cm.<br \/>\nLaiused: 80 cm; 90 cm; 120 cm; 140 cm; 160 cm; 180 cm.<br \/>\nTarneaeg: kuni 4 n\u00e4dalat.<\/p>\n","protected":false},"featured_media":69522,"template":"","meta":{"_acf_changed":false,"inline_featured_image":false},"series":[],"product_brand":[2858],"product_cat":[171],"product_tag":[],"class_list":{"0":"post-69509","1":"product","2":"type-product","3":"status-publish","4":"has-post-thumbnail","6":"product_brand-sendeko","7":"product_cat-sendeko-rullmadratsid","9":"first","10":"instock","11":"taxable","12":"shipping-taxable","13":"purchasable","14":"product-type-variable"},"acf":[],"_links":{"self":[{"href":"https:\/\/mobecor.ee\/en\/wp-json\/wp\/v2\/product\/69509","targetHints":{"allow":["GET"]}}],"collection":[{"href":"https:\/\/mobecor.ee\/en\/wp-json\/wp\/v2\/product"}],"about":[{"href":"https:\/\/mobecor.ee\/en\/wp-json\/wp\/v2\/types\/product"}],"wp:featuredmedia":[{"embeddable":true,"href":"https:\/\/mobecor.ee\/en\/wp-json\/wp\/v2\/media\/69522"}],"wp:attachment":[{"href":"https:\/\/mobecor.ee\/en\/wp-json\/wp\/v2\/media?parent=69509"}],"wp:term":[{"taxonomy":"series","embeddable":true,"href":"https:\/\/mobecor.ee\/en\/wp-json\/wp\/v2\/series?post=69509"},{"taxonomy":"product_brand","embeddable":true,"href":"https:\/\/mobecor.ee\/en\/wp-json\/wp\/v2\/product_brand?post=69509"},{"taxonomy":"product_cat","embeddable":true,"href":"https:\/\/mobecor.ee\/en\/wp-json\/wp\/v2\/product_cat?post=69509"},{"taxonomy":"product_tag","embeddable":true,"href":"https:\/\/mobecor.ee\/en\/wp-json\/wp\/v2\/product_tag?post=69509"}],"curies":[{"name":"wp","href":"https:\/\/api.w.org\/{rel}","templated":true}]}}