{"id":69574,"date":"2025-08-11T14:54:49","date_gmt":"2025-08-11T11:54:49","guid":{"rendered":"https:\/\/mobecor.ee\/?post_type=product&#038;p=69574"},"modified":"2025-08-11T15:03:23","modified_gmt":"2025-08-11T12:03:23","slug":"padi-elite-latex","status":"publish","type":"product","link":"https:\/\/mobecor.ee\/en\/toode\/padi-elite-latex\/","title":{"rendered":"Padi Elite Latex"},"content":{"rendered":"<p>Looduslikul lateksil on mitmeid eeliseid, mis muudavad selle atraktiivseks valikuks teie mugava une jaoks:<br \/>\n<strong>Tugi ja mugavus<\/strong>: Looduslikust lateksist padjad pakuvad suurep\u00e4rast tuge kaelale ja peale, mis aitab s\u00e4ilitada selgroo \u00f5iget asendit une ajal. See on eriti oluline neile, kes on terviseteadlikud ja soovivad v\u00e4ltida kaela- ja seljavalu.<br \/>\n<strong>H\u00fcpoallergeensed omadused<\/strong>: Looduslik lateks on h\u00fcpoallergeenne materjal, mis teeb sellest suurep\u00e4rase valiku neile, kes kannatavad allergiate all v\u00f5i on tundlikud tolmu ja lestade suhtes.<br \/>\n<strong>Vastupidavus<\/strong>: Looduslikust lateksist padjad on tuntud oma vastupidavuse ja deformeerumiskindluse poolest. See t\u00e4hendab, et teie padi teenib teid aastaid, tagades teile mugava une.<br \/>\n<strong>Keskkonnas\u00f5bralik<\/strong>: Naturaalne lateks on keskkonnas\u00f5bralik materjal, mis on valmistatud kummipuu mahlast. Toetades naturaalse lateksi tooteid, annate oma panuse ka keskkonna kaitsmisse.<\/p>\n","protected":false},"excerpt":{"rendered":"<p>Padja sisuks on looduslik lateks.<br \/>\nK\u00f5rgus: 10 cm.<br \/>\nLaius: 60 cm.<br \/>\nS\u00fcgavus: 40 cm.<br \/>\nTarneaeg: kuni 4 n\u00e4dalat.<\/p>\n","protected":false},"featured_media":69575,"template":"","meta":{"_acf_changed":false,"inline_featured_image":false},"series":[],"product_brand":[2858],"product_cat":[413],"product_tag":[],"class_list":{"0":"post-69574","1":"product","2":"type-product","3":"status-publish","4":"has-post-thumbnail","6":"product_brand-sendeko","7":"product_cat-sendeko-padjad","9":"first","10":"instock","11":"taxable","12":"shipping-taxable","13":"purchasable","14":"product-type-simple"},"acf":[],"_links":{"self":[{"href":"https:\/\/mobecor.ee\/en\/wp-json\/wp\/v2\/product\/69574","targetHints":{"allow":["GET"]}}],"collection":[{"href":"https:\/\/mobecor.ee\/en\/wp-json\/wp\/v2\/product"}],"about":[{"href":"https:\/\/mobecor.ee\/en\/wp-json\/wp\/v2\/types\/product"}],"wp:featuredmedia":[{"embeddable":true,"href":"https:\/\/mobecor.ee\/en\/wp-json\/wp\/v2\/media\/69575"}],"wp:attachment":[{"href":"https:\/\/mobecor.ee\/en\/wp-json\/wp\/v2\/media?parent=69574"}],"wp:term":[{"taxonomy":"series","embeddable":true,"href":"https:\/\/mobecor.ee\/en\/wp-json\/wp\/v2\/series?post=69574"},{"taxonomy":"product_brand","embeddable":true,"href":"https:\/\/mobecor.ee\/en\/wp-json\/wp\/v2\/product_brand?post=69574"},{"taxonomy":"product_cat","embeddable":true,"href":"https:\/\/mobecor.ee\/en\/wp-json\/wp\/v2\/product_cat?post=69574"},{"taxonomy":"product_tag","embeddable":true,"href":"https:\/\/mobecor.ee\/en\/wp-json\/wp\/v2\/product_tag?post=69574"}],"curies":[{"name":"wp","href":"https:\/\/api.w.org\/{rel}","templated":true}]}}