{"id":70010,"date":"2025-08-12T10:38:35","date_gmt":"2025-08-12T07:38:35","guid":{"rendered":"https:\/\/mobecor.ee\/?post_type=product&#038;p=70010"},"modified":"2025-08-12T13:31:42","modified_gmt":"2025-08-12T10:31:42","slug":"madrats-family-breakdance-young-kattega-100200","status":"publish","type":"product","link":"https:\/\/mobecor.ee\/en\/toode\/madrats-family-breakdance-young-kattega-100200\/","title":{"rendered":"Madrats Family Breakdance (Young kattega) 100*200"},"content":{"rendered":"<p><span style=\"font-size: 10pt;\">Madratsikate on k\u00f5rgendatud kulumiskindlusega ja on sobilik teismelistele.<br \/>\n<\/span><span style=\"font-size: 10pt;\">Stabiilne madratsi sisu on valmistatud kahest\u00a0v\u00e4ga painduvast\u00a0ja erineva k\u00f5vadusega\u00a0Flexifoam\u00a0poroloonist. Seega, kui soovid oma lapsele tugevamat ja veidi j\u00e4igemat tuge pakkuda, siis lihtsalt keera madrats \u00fcmber. Poroloonide l\u00f5ikamine ja profileerimine tagab v\u00e4ga\u00a0hea ventilatsiooni, millel on positiivne m\u00f5ju madratsi vastupidavusele\u00a0ja k\u00f5igi funktsionaalsete omaduste s\u00e4ilimisele.<br \/>\nMadratsi kate on eemaldatav ja pestav kuni 60-kraadisel temperatuuril.<br \/>\nHilding toodetes kasutatavad materjalid nagu kangas, puuvill, vill ja vatiin vastavad rahvusvahelisele \u00d6ko-Tex 100 standardile.<br \/>\nMugavamaks transportimiseks on madrats pakitud rulli.<br \/>\nTutvu ka hooldusjuhendiga <a href=\"https:\/\/www.youtube.com\/watch?v=dIx5NlkSOnA\" target=\"_blank\" rel=\"noopener\">SIIN<\/a>.<\/span><\/p>\n","protected":false},"excerpt":{"rendered":"<p><span style=\"font-size: 10pt;\">Keskmise j\u00e4ikusega, 7-tsooniline kahepoolne madrats.<br \/>\nSobib k\u00f5rguse poolest nari- ja lahtik\u00e4ivate voodite jaoks.<br \/>\nBreakdance madrats pakub l\u00f5\u00f5gastust ja t\u00f5husat puhkust p\u00e4rast s\u00fcndmusterohket p\u00e4eva.<br \/>\nM\u00f5\u00f5dud: 100 x 200 cm.<br \/>\nK\u00f5rgus: 18 cm.<br \/>\nTarneaeg: 4 kuni 6 n\u00e4dalat.<\/span><\/p>\n","protected":false},"featured_media":7814,"template":"","meta":{"_acf_changed":false,"inline_featured_image":false},"series":[],"product_brand":[2856],"product_cat":[287],"product_tag":[],"class_list":{"0":"post-70010","1":"product","2":"type-product","3":"status-publish","4":"has-post-thumbnail","6":"product_brand-hilding","7":"product_cat-120-203","9":"first","10":"instock","11":"taxable","12":"shipping-taxable","13":"purchasable","14":"product-type-simple"},"acf":[],"_links":{"self":[{"href":"https:\/\/mobecor.ee\/en\/wp-json\/wp\/v2\/product\/70010","targetHints":{"allow":["GET"]}}],"collection":[{"href":"https:\/\/mobecor.ee\/en\/wp-json\/wp\/v2\/product"}],"about":[{"href":"https:\/\/mobecor.ee\/en\/wp-json\/wp\/v2\/types\/product"}],"wp:featuredmedia":[{"embeddable":true,"href":"https:\/\/mobecor.ee\/en\/wp-json\/wp\/v2\/media\/7814"}],"wp:attachment":[{"href":"https:\/\/mobecor.ee\/en\/wp-json\/wp\/v2\/media?parent=70010"}],"wp:term":[{"taxonomy":"series","embeddable":true,"href":"https:\/\/mobecor.ee\/en\/wp-json\/wp\/v2\/series?post=70010"},{"taxonomy":"product_brand","embeddable":true,"href":"https:\/\/mobecor.ee\/en\/wp-json\/wp\/v2\/product_brand?post=70010"},{"taxonomy":"product_cat","embeddable":true,"href":"https:\/\/mobecor.ee\/en\/wp-json\/wp\/v2\/product_cat?post=70010"},{"taxonomy":"product_tag","embeddable":true,"href":"https:\/\/mobecor.ee\/en\/wp-json\/wp\/v2\/product_tag?post=70010"}],"curies":[{"name":"wp","href":"https:\/\/api.w.org\/{rel}","templated":true}]}}