{"id":70084,"date":"2025-08-12T15:09:12","date_gmt":"2025-08-12T12:09:12","guid":{"rendered":"https:\/\/mobecor.ee\/?post_type=product&#038;p=70084"},"modified":"2025-08-12T15:09:30","modified_gmt":"2025-08-12T12:09:30","slug":"madrats-salsa-tencel-160200","status":"publish","type":"product","link":"https:\/\/mobecor.ee\/en\/toode\/madrats-salsa-tencel-160200\/","title":{"rendered":"Madrats Salsa Tencel 160*200"},"content":{"rendered":"<div><span style=\"font-size: 10pt;\">Salsa madrats on suurep\u00e4rane valik paaridele, eriti suure pikkuse- ja kaaluvahega.<br \/>\n<\/span><span style=\"font-size: 10pt;\">Flexifoam\u00a0porolooniga (14 cm) sisu tagab optimaalse j\u00e4ikuse ning 7 erinevat k\u00f5vadustsooni garanteerivad\u00a0suurep\u00e4rase selgroo toe ja kehasurvepunktide ideaalse jaotuse\u00a0madratsi pinnal.<br \/>\n<\/span><span style=\"font-size: 10pt;\">Termoelastne Visco poroloon (4,6 cm), mis moodustab madratsi sisu pealmise kihi, annab selgelt tuntava mugavuse, suurema pehmuse ja meeldiva une. Lisaks reageerib see kehatemperatuurile ja kohandub vastavalt keha kujuga, v\u00e4hendades lihaspingeid.<br \/>\n<\/span><span style=\"font-size: 10pt;\">Kate:\u00a0allergiavastaste omadustega Tencel.<br \/>\n<\/span><span style=\"font-size: 10pt;\">Salsa on lamatistevastaste omadustega madrats.<br \/>\n<\/span><span style=\"font-size: 10pt;\">Parema ventilatsiooni tagamiseks on k\u00fclgedel\u00a03-D kangast riba.<br \/>\n<\/span><span style=\"font-size: 10pt;\">K\u00fclgedel on k\u00e4epidemed madratsi t\u00f5stmiseks.<br \/>\n<\/span><span style=\"font-size: 10pt;\">Madratsi kate on eemaldatav ja pestav kuni 60-kraadisel temperatuuril.<br \/>\n<\/span><span style=\"font-size: 10pt;\">Hilding toodetes kasutatavad materjalid nagu kangas, puuvill, vill ja vatiin vastavad rahvusvahelisele \u00d6ko-Tex 100 standardile.<br \/>\nMugavamaks transportimiseks on madrats pakitud rulli.<\/span><\/div>\n<p>&nbsp;<\/p>\n","protected":false},"excerpt":{"rendered":"<p><span style=\"font-size: 10pt;\">7-tsooniline, \u00fchepoolne madrats, keskmise j\u00e4ikusega.<br \/>\nLaius: 160 cm.<br \/>\n<\/span><span style=\"font-size: 10pt;\">S\u00fcgavus: 200 cm.<br \/>\n<\/span><span style=\"font-size: 10pt;\">K\u00f5rgus ca 21 cm.<br \/>\nTarneaeg: 4 kuni 6 n\u00e4dalat.<\/span><\/p>\n","protected":false},"featured_media":7848,"template":"","meta":{"_acf_changed":false,"inline_featured_image":false},"series":[],"product_brand":[2856],"product_cat":[330],"product_tag":[],"class_list":{"0":"post-70084","1":"product","2":"type-product","3":"status-publish","4":"has-post-thumbnail","6":"product_brand-hilding","7":"product_cat-100-200","9":"first","10":"instock","11":"taxable","12":"shipping-taxable","13":"purchasable","14":"product-type-simple"},"acf":[],"_links":{"self":[{"href":"https:\/\/mobecor.ee\/en\/wp-json\/wp\/v2\/product\/70084","targetHints":{"allow":["GET"]}}],"collection":[{"href":"https:\/\/mobecor.ee\/en\/wp-json\/wp\/v2\/product"}],"about":[{"href":"https:\/\/mobecor.ee\/en\/wp-json\/wp\/v2\/types\/product"}],"wp:featuredmedia":[{"embeddable":true,"href":"https:\/\/mobecor.ee\/en\/wp-json\/wp\/v2\/media\/7848"}],"wp:attachment":[{"href":"https:\/\/mobecor.ee\/en\/wp-json\/wp\/v2\/media?parent=70084"}],"wp:term":[{"taxonomy":"series","embeddable":true,"href":"https:\/\/mobecor.ee\/en\/wp-json\/wp\/v2\/series?post=70084"},{"taxonomy":"product_brand","embeddable":true,"href":"https:\/\/mobecor.ee\/en\/wp-json\/wp\/v2\/product_brand?post=70084"},{"taxonomy":"product_cat","embeddable":true,"href":"https:\/\/mobecor.ee\/en\/wp-json\/wp\/v2\/product_cat?post=70084"},{"taxonomy":"product_tag","embeddable":true,"href":"https:\/\/mobecor.ee\/en\/wp-json\/wp\/v2\/product_tag?post=70084"}],"curies":[{"name":"wp","href":"https:\/\/api.w.org\/{rel}","templated":true}]}}