{"id":70091,"date":"2025-08-12T15:17:18","date_gmt":"2025-08-12T12:17:18","guid":{"rendered":"https:\/\/mobecor.ee\/?post_type=product&#038;p=70091"},"modified":"2025-08-12T15:32:33","modified_gmt":"2025-08-12T12:32:33","slug":"madrats-rockroll-italiano-90200","status":"publish","type":"product","link":"https:\/\/mobecor.ee\/en\/toode\/madrats-rockroll-italiano-90200\/","title":{"rendered":"Madrats Rock&#038;Roll (Italiano kattega) 90*200"},"content":{"rendered":"<p><span style=\"font-size: 10pt;\">Rock &amp; Roll on kahe erineva k\u00f5vadusega profileeritud\u00a0\u00fclielastsel HR poroloonil p\u00f5hinev madrats.<br \/>\n<\/span><span style=\"font-size: 10pt;\">See lahendus v\u00f5imaldab keerates kohandada madratsit enda soovi j\u00e4rgi, kui eelistus aja jooksul muutub.<br \/>\n<\/span><span style=\"font-size: 10pt;\">Uuenduslik porolooni struktuur loob\u00a07 mugavustsooni, mis tagavad suurep\u00e4rase toe. Nende avatud rakuline struktuur m\u00f5jutab positiivselt sisu vastupidavust ja tagab\u00a0v\u00e4ga hea ventilatsiooni.<br \/>\n<\/span><span style=\"font-size: 10pt;\">Rock &amp; Roll on ideaalne\u00a0madrats paaridele, kes eelistavad\u00a0aktiivset elustiili. See t\u00f6\u00f6tab suurep\u00e4raselt ka iga\u00a0teismelise\u00a0magamistoas. See tagab\u00a0erakordse elastsuse, t\u00f5husa puhkamise ning tervisliku,\u00a0mugava une.<br \/>\n<\/span><span style=\"font-size: 10pt;\">See on sobilik ka reguleeritavatele raamidele ning mugavad k\u00e4epidemed aitavad madratsit \u00fcmber p\u00f6\u00f6rata.<br \/>\n<\/span><span style=\"font-size: 10pt;\">Madratsi kate on eemaldatav ja pestav kuni 40 kraadisel temperatuuril.<\/span><br \/>\n<span style=\"font-size: 10pt;\">Keskmine pehmustase.<\/span><br \/>\n<span style=\"font-size: 10pt;\">Mugavamaks transportimiseks on madrats pakitud rulli.<\/span><\/p>\n","protected":false},"excerpt":{"rendered":"<p><span style=\"font-size: 10pt;\">7-tsooniline, kahepoolne madrats.<br \/>\nLaius: 90 cm.<br \/>\nS\u00fcgavus: 200 cm.<br \/>\nK\u00f5rgus ca 21 cm.<br \/>\nTarneaeg: 4 kuni 6 n\u00e4dalat.<\/span><\/p>\n","protected":false},"featured_media":4252,"template":"","meta":{"_acf_changed":false,"inline_featured_image":false},"series":[],"product_brand":[2856],"product_cat":[283],"product_tag":[],"class_list":{"0":"post-70091","1":"product","2":"type-product","3":"status-publish","4":"has-post-thumbnail","6":"product_brand-hilding","7":"product_cat-90-202","9":"first","10":"instock","11":"taxable","12":"shipping-taxable","13":"purchasable","14":"product-type-simple"},"acf":[],"_links":{"self":[{"href":"https:\/\/mobecor.ee\/en\/wp-json\/wp\/v2\/product\/70091","targetHints":{"allow":["GET"]}}],"collection":[{"href":"https:\/\/mobecor.ee\/en\/wp-json\/wp\/v2\/product"}],"about":[{"href":"https:\/\/mobecor.ee\/en\/wp-json\/wp\/v2\/types\/product"}],"wp:featuredmedia":[{"embeddable":true,"href":"https:\/\/mobecor.ee\/en\/wp-json\/wp\/v2\/media\/4252"}],"wp:attachment":[{"href":"https:\/\/mobecor.ee\/en\/wp-json\/wp\/v2\/media?parent=70091"}],"wp:term":[{"taxonomy":"series","embeddable":true,"href":"https:\/\/mobecor.ee\/en\/wp-json\/wp\/v2\/series?post=70091"},{"taxonomy":"product_brand","embeddable":true,"href":"https:\/\/mobecor.ee\/en\/wp-json\/wp\/v2\/product_brand?post=70091"},{"taxonomy":"product_cat","embeddable":true,"href":"https:\/\/mobecor.ee\/en\/wp-json\/wp\/v2\/product_cat?post=70091"},{"taxonomy":"product_tag","embeddable":true,"href":"https:\/\/mobecor.ee\/en\/wp-json\/wp\/v2\/product_tag?post=70091"}],"curies":[{"name":"wp","href":"https:\/\/api.w.org\/{rel}","templated":true}]}}