{"id":70144,"date":"2025-08-12T16:01:38","date_gmt":"2025-08-12T13:01:38","guid":{"rendered":"https:\/\/mobecor.ee\/?post_type=product&#038;p=70144"},"modified":"2025-08-12T16:01:59","modified_gmt":"2025-08-12T13:01:59","slug":"madrats-foxtrot-italiano-kattega-180200","status":"publish","type":"product","link":"https:\/\/mobecor.ee\/en\/toode\/madrats-foxtrot-italiano-kattega-180200\/","title":{"rendered":"Madrats Foxtrot (Italiano kattega) 180*200"},"content":{"rendered":"<div><span style=\"font-size: 10pt;\">Foxtrot on\u00a0kollektsiooni k\u00f5ige j\u00e4igem\u00a0poroloonmadrats, mis on m\u00f5eldud \u00fcle 80 kg kaaluvatele inimestele ja neile, kellele\u00a0meeldib magada k\u00f5vemal pinnal.<br \/>\n<\/span><span style=\"font-size: 10pt;\">V\u00e4ga elastne poroloon, mis on profileeritud\u00a07 erinevasse k\u00f5vadustsooni, tagab suurep\u00e4rase toe \u00fcksikutele kehaosadele, olenemata asendist. Porolooni avatud raku struktuur tagab hea\u00a0hingavuse ja ventilatsiooni, mis omakorda avaldab positiivset m\u00f5ju kogu madratsi sisu vastupidavusele ja uneh\u00fcgieenile.<br \/>\n<\/span><span style=\"font-size: 10pt;\">Sellel on tavalisest poroloonist v\u00e4hem \u00fchtlane rakuline struktuur, t\u00e4nu millele saavutab see parema keha toetamise, mugavuse ja elastsuse, mist\u00f5ttu on Foxtrot p\u00fchendatud ka vanematele inimestele.<br \/>\nKate:\u00a0Purotex tehnoloogiaga\u00a0Italiano kate, mis piirab bakterite ja lestade kasvu.<br \/>\n<\/span><span style=\"font-size: 10pt;\">Parema ventilatsiooni tagamiseks on k\u00fclgedel 3-D kangast riba.<br \/>\n<\/span><span style=\"font-size: 10pt;\">K\u00fclgedel on k\u00e4epidemed madratsi t\u00f5stmiseks.<br \/>\n<\/span><span style=\"font-size: 10pt;\">Madratsi kate on eemaldatav ja pestav kuni 30 kraadisel temperatuuril.<br \/>\n<\/span><span style=\"font-size: 10pt;\">Mugavamaks transportimiseks on madrats pakitud rulli.<\/span><\/div>\n","protected":false},"excerpt":{"rendered":"<p><span style=\"font-size: 10pt;\">J\u00e4ik, 7-tsooniline, kahepoolne madrats.<br \/>\nLaius: 180 cm.<br \/>\nS\u00fcgavus: 200 cm.<br \/>\nK\u00f5rgus: 20 cm.<br \/>\nTarneaeg: 4 kuni 6 n\u00e4dalat.<\/span><\/p>\n","protected":false},"featured_media":7820,"template":"","meta":{"_acf_changed":false,"inline_featured_image":false},"series":[],"product_brand":[2856],"product_cat":[333],"product_tag":[],"class_list":{"0":"post-70144","1":"product","2":"type-product","3":"status-publish","4":"has-post-thumbnail","6":"product_brand-hilding","7":"product_cat-180-203","9":"first","10":"instock","11":"taxable","12":"shipping-taxable","13":"purchasable","14":"product-type-simple"},"acf":[],"_links":{"self":[{"href":"https:\/\/mobecor.ee\/en\/wp-json\/wp\/v2\/product\/70144","targetHints":{"allow":["GET"]}}],"collection":[{"href":"https:\/\/mobecor.ee\/en\/wp-json\/wp\/v2\/product"}],"about":[{"href":"https:\/\/mobecor.ee\/en\/wp-json\/wp\/v2\/types\/product"}],"wp:featuredmedia":[{"embeddable":true,"href":"https:\/\/mobecor.ee\/en\/wp-json\/wp\/v2\/media\/7820"}],"wp:attachment":[{"href":"https:\/\/mobecor.ee\/en\/wp-json\/wp\/v2\/media?parent=70144"}],"wp:term":[{"taxonomy":"series","embeddable":true,"href":"https:\/\/mobecor.ee\/en\/wp-json\/wp\/v2\/series?post=70144"},{"taxonomy":"product_brand","embeddable":true,"href":"https:\/\/mobecor.ee\/en\/wp-json\/wp\/v2\/product_brand?post=70144"},{"taxonomy":"product_cat","embeddable":true,"href":"https:\/\/mobecor.ee\/en\/wp-json\/wp\/v2\/product_cat?post=70144"},{"taxonomy":"product_tag","embeddable":true,"href":"https:\/\/mobecor.ee\/en\/wp-json\/wp\/v2\/product_tag?post=70144"}],"curies":[{"name":"wp","href":"https:\/\/api.w.org\/{rel}","templated":true}]}}