{"id":70208,"date":"2025-08-13T08:04:45","date_gmt":"2025-08-13T05:04:45","guid":{"rendered":"https:\/\/mobecor.ee\/?post_type=product&#038;p=70208"},"modified":"2025-08-13T08:05:10","modified_gmt":"2025-08-13T05:05:10","slug":"madrats-conga-cashmere-120200","status":"publish","type":"product","link":"https:\/\/mobecor.ee\/en\/toode\/madrats-conga-cashmere-120200\/","title":{"rendered":"Madrats Conga (Cashmere kattega) 120*200"},"content":{"rendered":"<div><span style=\"font-size: 10pt;\">Conga on moderne madrats, mis on tehtud\u00a04 erinevast poroloonist.<br \/>\n<\/span><span style=\"font-size: 10pt;\">Kaks v\u00e4ga painduvat porolooni\u00a0erinevate k\u00f5vadustega pakuvad kehale suurep\u00e4rast tuge. Nende kooslus\u00a07 k\u00f5vadustsooniks\u00a0tagab\u00a0optimaalse kehakaalu jaotumise madratsi pinnal. T\u00e4iendavad poroloont\u00fckid \u00f5lapiirkonnas \u2013 \u00fchelt poolt\u00a0Visco-poroloon\u00a0ja teiselt poolt\u00a0jahutav\u00a0Flofoam\u00a0\u2013 reageerivad kehatemperatuurile,\u00a0k\u00f5rvaldades nii pinged ja valu\u00a0k\u00e4tes, \u00f5lgades ja kaela piirkonnas. FloFoam termoreguleerivad ja jahutavad omadused sobivad suurep\u00e4raselt suveks ning Visco porolooni soojendavad omadused on ideaalne lahendus talveks.<br \/>\n<\/span><span style=\"font-size: 10pt;\">HR-porolooni\u00a0hea elastsus ja vastupidavus teevad madratsi sobivaks ka suurema kehakaaluga inimestele, kuni 130 kg.<br \/>\n<\/span><span style=\"font-size: 10pt;\">Madratsi kate on allergiavastase Purotex t\u00f6\u00f6tlusega.<br \/>\n<\/span><span style=\"font-size: 10pt;\">Parema ventilatsiooni tagamiseks on k\u00fclgedel 3-D kangast riba. K\u00fclgedel on k\u00e4epidemed madratsi t\u00f5stmiseks.<br \/>\n<\/span><span style=\"font-size: 10pt;\">Sisu:\u00a0HR Flofoam poroloon 11 cm \/ HR-poroloon Velvet Touch 11 cm.<br \/>\n<\/span><span style=\"font-size: 10pt;\">Kate: Polyester 60% \/ Viscose 40%.<br \/>\n<\/span><span style=\"font-size: 10pt;\">Madratsi kate on eemaldatav ja pestav kuni 40-kraadisel temperatuuril.<br \/>\nPakkeviis \u2013 tavaline.<br \/>\nTutvustava tootevideo leiab <a href=\"https:\/\/www.youtube.com\/watch?v=2kPK2yMtucs\" target=\"_blank\" rel=\"noopener\">SIIT<\/a>.<\/span><\/div>\n<p>&nbsp;<\/p>\n","protected":false},"excerpt":{"rendered":"<p><span style=\"font-size: 10pt;\">Keskmise j\u00e4ikusega, 7-tsooniline kahepoolne madrats.<br \/>\nLaius: 120 cm.<br \/>\nS\u00fcgavus: 200 cm.<br \/>\nK\u00f5rgus: 24,5 cm.<br \/>\nTarneaeg: 4 kuni 6 n\u00e4dalat.<\/span><\/p>\n","protected":false},"featured_media":7816,"template":"","meta":{"_acf_changed":false,"inline_featured_image":false},"series":[],"product_brand":[2856],"product_cat":[320],"product_tag":[],"class_list":{"0":"post-70208","1":"product","2":"type-product","3":"status-publish","4":"has-post-thumbnail","6":"product_brand-hilding","7":"product_cat-140-203","9":"first","10":"instock","11":"taxable","12":"shipping-taxable","13":"purchasable","14":"product-type-simple"},"acf":[],"_links":{"self":[{"href":"https:\/\/mobecor.ee\/en\/wp-json\/wp\/v2\/product\/70208","targetHints":{"allow":["GET"]}}],"collection":[{"href":"https:\/\/mobecor.ee\/en\/wp-json\/wp\/v2\/product"}],"about":[{"href":"https:\/\/mobecor.ee\/en\/wp-json\/wp\/v2\/types\/product"}],"wp:featuredmedia":[{"embeddable":true,"href":"https:\/\/mobecor.ee\/en\/wp-json\/wp\/v2\/media\/7816"}],"wp:attachment":[{"href":"https:\/\/mobecor.ee\/en\/wp-json\/wp\/v2\/media?parent=70208"}],"wp:term":[{"taxonomy":"series","embeddable":true,"href":"https:\/\/mobecor.ee\/en\/wp-json\/wp\/v2\/series?post=70208"},{"taxonomy":"product_brand","embeddable":true,"href":"https:\/\/mobecor.ee\/en\/wp-json\/wp\/v2\/product_brand?post=70208"},{"taxonomy":"product_cat","embeddable":true,"href":"https:\/\/mobecor.ee\/en\/wp-json\/wp\/v2\/product_cat?post=70208"},{"taxonomy":"product_tag","embeddable":true,"href":"https:\/\/mobecor.ee\/en\/wp-json\/wp\/v2\/product_tag?post=70208"}],"curies":[{"name":"wp","href":"https:\/\/api.w.org\/{rel}","templated":true}]}}