{"id":70215,"date":"2025-08-13T08:40:38","date_gmt":"2025-08-13T05:40:38","guid":{"rendered":"https:\/\/mobecor.ee\/?post_type=product&#038;p=70215"},"modified":"2025-08-13T08:41:26","modified_gmt":"2025-08-13T05:41:26","slug":"madrats-rumba-elips-100200","status":"publish","type":"product","link":"https:\/\/mobecor.ee\/en\/toode\/madrats-rumba-elips-100200\/","title":{"rendered":"Madrats Rumba (Elips kattega) 100*200"},"content":{"rendered":"<p><span style=\"font-size: 10pt;\">Kaaluerinevusega paaridele \u2013 madrats pakub rohkem iseseisvaid tugipunkte, suurendades seel\u00e4bi paindlikkust. Paaridele, kus kaalu erinevus on \u00fcle 30kg.<br \/>\n<\/span><span style=\"font-size: 10pt;\">Madrats on valmistatud kahte t\u00fc\u00fcpi poroloonist &#8211; profileeritud \u00fclielastsest Velvet Touch HR-poroloonist (12,5 cm), mis loob konstruktsioonile tugeva aluse, kaitseb keha liigse kokkuvarisemise eest ja termoelastsest Visco-poroloonist (7 cm), mis reageerib kehatemperatuurile ja kohandub selle asendiga, v\u00e4hendades lihaspingeid ja aitab kaasa lihaste p\u00f5hjalikule taastumisele.<br \/>\n<\/span><span style=\"font-size: 10pt;\">Velvet Touchi eristab\u00a0k\u00f5rge elastsus ja optimaalne k\u00f5vadus\u00a0ning spetsiaalsed l\u00f5iked loovad\u00a07 erinevat k\u00f5vadustsooni.<br \/>\n<\/span><span style=\"font-size: 10pt;\">T\u00e4nu neile pakub Rumba tugevamat tuge k\u00f5rgendatud survega kohtades.<br \/>\n<\/span><span style=\"font-size: 10pt;\">Kate: Elips\u00a03D\u2014kangast ribaga. Madratsil on mugavamaks t\u00f5stmiseks k\u00e4epidemed.<br \/>\n<\/span><span style=\"font-size: 10pt;\">Rumba on lamatistevastaste omadustega madrats.<br \/>\n<\/span><span style=\"font-size: 10pt;\">Madratsi kate on eemaldatav ja pestav\u00a0<\/span><span style=\"font-size: 10pt;\">kuni 60 kraadisel temperatuuril.<br \/>\n<\/span><span style=\"font-size: 10pt;\">Hilding toodetes kasutatavad materjalid nagu kangas, puuvill, vill ja vatiin vastavad rahvusvahelisele \u00d6ko-Tex 100 standardile.<\/span><\/p>\n<div>\n<p>&nbsp;<\/p>\n<\/div>\n","protected":false},"excerpt":{"rendered":"<p><span style=\"font-size: 10pt;\">7-tsooniline, \u00fchepoolne madrats, keskmise j\u00e4ikusega.<br \/>\nSobilik reguleeritava restiga aluse jaoks.<br \/>\nLaius: 100 cm.<br \/>\nS\u00fcgavus: 200 cm.<br \/>\n<\/span><span style=\"font-size: 10pt;\">K\u00f5rgus 22 cm.<br \/>\nTarneaeg: 4 kuni 6 n\u00e4dalat.<\/span><\/p>\n","protected":false},"featured_media":12176,"template":"","meta":{"_acf_changed":false,"inline_featured_image":false},"series":[],"product_brand":[2856],"product_cat":[287],"product_tag":[],"class_list":{"0":"post-70215","1":"product","2":"type-product","3":"status-publish","4":"has-post-thumbnail","6":"product_brand-hilding","7":"product_cat-120-203","9":"first","10":"instock","11":"taxable","12":"shipping-taxable","13":"purchasable","14":"product-type-simple"},"acf":[],"_links":{"self":[{"href":"https:\/\/mobecor.ee\/en\/wp-json\/wp\/v2\/product\/70215","targetHints":{"allow":["GET"]}}],"collection":[{"href":"https:\/\/mobecor.ee\/en\/wp-json\/wp\/v2\/product"}],"about":[{"href":"https:\/\/mobecor.ee\/en\/wp-json\/wp\/v2\/types\/product"}],"wp:featuredmedia":[{"embeddable":true,"href":"https:\/\/mobecor.ee\/en\/wp-json\/wp\/v2\/media\/12176"}],"wp:attachment":[{"href":"https:\/\/mobecor.ee\/en\/wp-json\/wp\/v2\/media?parent=70215"}],"wp:term":[{"taxonomy":"series","embeddable":true,"href":"https:\/\/mobecor.ee\/en\/wp-json\/wp\/v2\/series?post=70215"},{"taxonomy":"product_brand","embeddable":true,"href":"https:\/\/mobecor.ee\/en\/wp-json\/wp\/v2\/product_brand?post=70215"},{"taxonomy":"product_cat","embeddable":true,"href":"https:\/\/mobecor.ee\/en\/wp-json\/wp\/v2\/product_cat?post=70215"},{"taxonomy":"product_tag","embeddable":true,"href":"https:\/\/mobecor.ee\/en\/wp-json\/wp\/v2\/product_tag?post=70215"}],"curies":[{"name":"wp","href":"https:\/\/api.w.org\/{rel}","templated":true}]}}