{"id":70227,"date":"2025-08-13T08:56:36","date_gmt":"2025-08-13T05:56:36","guid":{"rendered":"https:\/\/mobecor.ee\/?post_type=product&#038;p=70227"},"modified":"2025-08-13T08:57:12","modified_gmt":"2025-08-13T05:57:12","slug":"madrats-modern-cashmere-90200","status":"publish","type":"product","link":"https:\/\/mobecor.ee\/en\/toode\/madrats-modern-cashmere-90200\/","title":{"rendered":"Madrats Modern (Cashmere kattega) 90*200"},"content":{"rendered":"<p><span style=\"font-size: 10pt;\">Modern on\u00a0kaasaegne, v\u00e4ga painduv poroloonmadrats universaalseks kasutamiseks.<br \/>\n<\/span><span style=\"font-size: 10pt;\">T\u00e4nu\u00a0kahele k\u00f5vadusastmele\u00a0on see soovitatav nii kergetele inimestele, kes eelistavad magada k\u00f5vemal pinnal, kui ka suurenenud kehakaaluga inimestele, kuni 140 kg. Valige lihtsalt madratsi sobiv pool.<br \/>\n<\/span><span style=\"font-size: 10pt;\">Porolooni avatud rakuline struktuur tagab\u00a0suurep\u00e4rase ventilatsiooni\u00a0ja seega korraliku uneh\u00fcgieeni. Sellel on tavalisest poroloonist v\u00e4hem \u00fchtlane rakuline struktuur, t\u00e4nu millele saavutab see\u00a0parema keha toetamise, mugavuse ning elastsuse parameetrid, 7 erinevat k\u00f5vadustsooni tagavad\u00a0t\u00e4iusliku sobivuse ja v\u00e4ga hea toe kogu kehale.<br \/>\n<\/span><span style=\"font-size: 10pt;\">Puudutusele pehme ja kohev ka\u0161miirist kate on allergiavastaste omadustega ja imab kuni 40% niiskusest keskkonnast. Mugavad k\u00e4epidemed aitavad madratsi \u00fcmber p\u00f6\u00f6rata.<br \/>\n<\/span><span style=\"font-size: 10pt;\">Madratsi kate on allergiavastase Purotex t\u00f6\u00f6tlusega.<br \/>\n<\/span><span style=\"font-size: 10pt;\">Parema ventilatsiooni tagamiseks on k\u00fclgedel 3-D kangast riba.<br \/>\n<\/span><span style=\"font-size: 10pt;\">Madratsi kate on eemaldatav ja pestav kuni 40-kraadisel temperatuuril.<br \/>\nTutvustava tootevideo leiab <a href=\"https:\/\/www.youtube.com\/watch?v=6YxfL7Jbenw\" target=\"_blank\" rel=\"noopener\">SIIT<\/a>.<\/span><\/p>\n","protected":false},"excerpt":{"rendered":"<p><span style=\"font-size: 13.3333px;\">Keskmise j\u00e4ikusega\/j\u00e4ik 7-tsooniline, kahepoolne madrats.<br \/>\nLaius: 90 cm.<br \/>\nS\u00fcgavus: 200 cm.<\/span><br \/>\n<span style=\"font-size: 10pt;\">K\u00f5rgus ca 24 cm.<br \/>\nTarneaeg: 4 kuni 6 n\u00e4dalat.<\/span><\/p>\n","protected":false},"featured_media":7844,"template":"","meta":{"_acf_changed":false,"inline_featured_image":false},"series":[],"product_brand":[2856],"product_cat":[283],"product_tag":[],"class_list":{"0":"post-70227","1":"product","2":"type-product","3":"status-publish","4":"has-post-thumbnail","6":"product_brand-hilding","7":"product_cat-90-202","9":"first","10":"instock","11":"taxable","12":"shipping-taxable","13":"purchasable","14":"product-type-simple"},"acf":[],"_links":{"self":[{"href":"https:\/\/mobecor.ee\/en\/wp-json\/wp\/v2\/product\/70227","targetHints":{"allow":["GET"]}}],"collection":[{"href":"https:\/\/mobecor.ee\/en\/wp-json\/wp\/v2\/product"}],"about":[{"href":"https:\/\/mobecor.ee\/en\/wp-json\/wp\/v2\/types\/product"}],"wp:featuredmedia":[{"embeddable":true,"href":"https:\/\/mobecor.ee\/en\/wp-json\/wp\/v2\/media\/7844"}],"wp:attachment":[{"href":"https:\/\/mobecor.ee\/en\/wp-json\/wp\/v2\/media?parent=70227"}],"wp:term":[{"taxonomy":"series","embeddable":true,"href":"https:\/\/mobecor.ee\/en\/wp-json\/wp\/v2\/series?post=70227"},{"taxonomy":"product_brand","embeddable":true,"href":"https:\/\/mobecor.ee\/en\/wp-json\/wp\/v2\/product_brand?post=70227"},{"taxonomy":"product_cat","embeddable":true,"href":"https:\/\/mobecor.ee\/en\/wp-json\/wp\/v2\/product_cat?post=70227"},{"taxonomy":"product_tag","embeddable":true,"href":"https:\/\/mobecor.ee\/en\/wp-json\/wp\/v2\/product_tag?post=70227"}],"curies":[{"name":"wp","href":"https:\/\/api.w.org\/{rel}","templated":true}]}}