{"id":70234,"date":"2025-08-13T09:10:50","date_gmt":"2025-08-13T06:10:50","guid":{"rendered":"https:\/\/mobecor.ee\/?post_type=product&#038;p=70234"},"modified":"2025-08-13T09:20:40","modified_gmt":"2025-08-13T06:20:40","slug":"madrats-boogie-tencel-90200","status":"publish","type":"product","link":"https:\/\/mobecor.ee\/en\/toode\/madrats-boogie-tencel-90200\/","title":{"rendered":"Madrats Boogie (Tencel kattega) 90*200"},"content":{"rendered":"<p><span style=\"font-size: 10pt;\"><span style=\"font-size: 10pt;\">Boogie on\u00a0kaasaegne, universaalne poroloonmadrats, mis tagab mugavuse nii kergele kui ka raskema kaaluga inimesele.<br \/>\n<\/span><\/span><span style=\"font-size: 10pt;\"><span style=\"font-size: 10pt;\">Madratsi sisu struktuur koosneb:<br \/>\n* \u00dclielastsest poroloonist, mis on profileeritud 7 k\u00f5vadustsooniks ning toetab suurep\u00e4raselt kogu keha magamise ajal.<br \/>\n* Antibakteriaalsest latekstopist, mis tagab optimaalse elastsuse.<br \/>\n* Kergelt jahutavast FloFoam kihist, mis tagab lihaste t\u00e4ieliku taastumise.<br \/>\n<\/span><\/span><span style=\"font-size: 10pt;\"><span style=\"font-size: 10pt;\">Seet\u00f5ttu soovitatakse Boogie&#8217;t ka inimestele, kes\u00a0eelistavad aktiivset elustiili. Porolooni avatud rakuline struktuur tagab\u00a0hingavuse ja ventilatsiooni\u00a0ning seel\u00e4bi korraliku uneh\u00fcgieeni<br \/>\n<\/span><\/span><span style=\"font-size: 10pt;\">Madrats on kaetud allergiavastaste omadustega Tencel kattega, imades endasse liigset niiskust.<br \/>\n<\/span><span style=\"font-size: 10pt;\">Sisu:\u00a0HR-poroloon 15,5 cm \/ latex 4 cm \/ sinine Flofoam 4 cm.<br \/>\n<\/span><span style=\"font-size: 10pt;\">Kate:\u00a0Polyester 60% \/ Viscose 40%.<br \/>\n<\/span><span style=\"font-size: 10pt;\">Madratsi kate on eemaldatav ja pestav kuni 40 kraadisel temperatuuril.<br \/>\nTutvustava tootevideo leiab <a href=\"https:\/\/www.youtube.com\/watch?v=zYZQZIFBhYc\" target=\"_blank\" rel=\"noopener\">SIIT<\/a>.<\/span><\/p>\n","protected":false},"excerpt":{"rendered":"<p><span style=\"font-size: 10pt;\">Keskmise j\u00e4ikusega, 7-tsooniline madrats.<br \/>\nSoovitatakse\u00a0aktiivse elustiiliga ja seljavaludega\u00a0inimestele \u2013 madrats tagab v\u00e4sinud lihaste taastumist, stabiliseerib selgroo asendi ja l\u00f5dvestab selle lihaseid.<br \/>\n<\/span><span style=\"font-size: 10pt;\">Laius: 90 cm.<br \/>\nS\u00fcgavus: 200 cm.<br \/>\nK\u00f5rgus ca 26 cm.<br \/>\nTarneaeg: 4 kuni 6 n\u00e4dalat.<\/span><\/p>\n","protected":false},"featured_media":7812,"template":"","meta":{"_acf_changed":false,"inline_featured_image":false},"series":[],"product_brand":[2856],"product_cat":[283],"product_tag":[],"class_list":{"0":"post-70234","1":"product","2":"type-product","3":"status-publish","4":"has-post-thumbnail","6":"product_brand-hilding","7":"product_cat-90-202","9":"first","10":"instock","11":"taxable","12":"shipping-taxable","13":"purchasable","14":"product-type-simple"},"acf":[],"_links":{"self":[{"href":"https:\/\/mobecor.ee\/en\/wp-json\/wp\/v2\/product\/70234","targetHints":{"allow":["GET"]}}],"collection":[{"href":"https:\/\/mobecor.ee\/en\/wp-json\/wp\/v2\/product"}],"about":[{"href":"https:\/\/mobecor.ee\/en\/wp-json\/wp\/v2\/types\/product"}],"wp:featuredmedia":[{"embeddable":true,"href":"https:\/\/mobecor.ee\/en\/wp-json\/wp\/v2\/media\/7812"}],"wp:attachment":[{"href":"https:\/\/mobecor.ee\/en\/wp-json\/wp\/v2\/media?parent=70234"}],"wp:term":[{"taxonomy":"series","embeddable":true,"href":"https:\/\/mobecor.ee\/en\/wp-json\/wp\/v2\/series?post=70234"},{"taxonomy":"product_brand","embeddable":true,"href":"https:\/\/mobecor.ee\/en\/wp-json\/wp\/v2\/product_brand?post=70234"},{"taxonomy":"product_cat","embeddable":true,"href":"https:\/\/mobecor.ee\/en\/wp-json\/wp\/v2\/product_cat?post=70234"},{"taxonomy":"product_tag","embeddable":true,"href":"https:\/\/mobecor.ee\/en\/wp-json\/wp\/v2\/product_tag?post=70234"}],"curies":[{"name":"wp","href":"https:\/\/api.w.org\/{rel}","templated":true}]}}