{"id":70297,"date":"2025-08-13T10:43:40","date_gmt":"2025-08-13T07:43:40","guid":{"rendered":"https:\/\/mobecor.ee\/?post_type=product&#038;p=70297"},"modified":"2026-02-07T11:52:57","modified_gmt":"2026-02-07T09:52:57","slug":"tool-monaco-naturaalne","status":"publish","type":"product","link":"https:\/\/mobecor.ee\/en\/toode\/tool-monaco-naturaalne\/","title":{"rendered":"Tool Monaco naturaalne"},"content":{"rendered":"<p>Tool on valmistatud t\u00e4ispuidust.<br \/>\nV\u00e4rv: naturaalne.<br \/>\nK\u00f5rgus: 45\/90 cm.<br \/>\nLaius: 45 cm.<br \/>\nS\u00fcgavus: 45 cm.<br \/>\nTarneaeg: kuni 4 n\u00e4dalat.<\/p>\n","protected":false},"excerpt":{"rendered":"<p>Tool on valmistatud t\u00e4ispuidust. V\u00e4rv: naturaalne. K\u00f5rgus: 45\/90 cm. Laius: 45 cm. S\u00fcgavus: 45 cm. Tarneaeg: kuni 4 n\u00e4dalat.<\/p>\n","protected":false},"featured_media":70298,"template":"","meta":{"_acf_changed":false,"inline_featured_image":false},"series":[],"product_brand":[2913],"product_cat":[51],"product_tag":[],"class_list":{"0":"post-70297","1":"product","2":"type-product","3":"status-publish","4":"has-post-thumbnail","6":"product_brand-grafio","7":"product_cat-toolid","9":"first","10":"instock","11":"taxable","12":"shipping-taxable","13":"purchasable","14":"product-type-simple"},"acf":[],"_links":{"self":[{"href":"https:\/\/mobecor.ee\/en\/wp-json\/wp\/v2\/product\/70297","targetHints":{"allow":["GET"]}}],"collection":[{"href":"https:\/\/mobecor.ee\/en\/wp-json\/wp\/v2\/product"}],"about":[{"href":"https:\/\/mobecor.ee\/en\/wp-json\/wp\/v2\/types\/product"}],"wp:featuredmedia":[{"embeddable":true,"href":"https:\/\/mobecor.ee\/en\/wp-json\/wp\/v2\/media\/70298"}],"wp:attachment":[{"href":"https:\/\/mobecor.ee\/en\/wp-json\/wp\/v2\/media?parent=70297"}],"wp:term":[{"taxonomy":"series","embeddable":true,"href":"https:\/\/mobecor.ee\/en\/wp-json\/wp\/v2\/series?post=70297"},{"taxonomy":"product_brand","embeddable":true,"href":"https:\/\/mobecor.ee\/en\/wp-json\/wp\/v2\/product_brand?post=70297"},{"taxonomy":"product_cat","embeddable":true,"href":"https:\/\/mobecor.ee\/en\/wp-json\/wp\/v2\/product_cat?post=70297"},{"taxonomy":"product_tag","embeddable":true,"href":"https:\/\/mobecor.ee\/en\/wp-json\/wp\/v2\/product_tag?post=70297"}],"curies":[{"name":"wp","href":"https:\/\/api.w.org\/{rel}","templated":true}]}}