{"id":70390,"date":"2025-08-13T11:33:38","date_gmt":"2025-08-13T08:33:38","guid":{"rendered":"https:\/\/mobecor.ee\/?post_type=product&#038;p=70390"},"modified":"2025-12-16T14:01:08","modified_gmt":"2025-12-16T12:01:08","slug":"tool-modena-hele-wenge","status":"publish","type":"product","link":"https:\/\/mobecor.ee\/en\/toode\/tool-modena-hele-wenge\/","title":{"rendered":"Tool Modena, hele wenge"},"content":{"rendered":"<p><span style=\"font-size: 14px;\">Tool Modena on valmistatud t\u00e4ispuidust.<\/span><br \/>\n<span style=\"font-size: 14px;\">V\u00e4rv: hele wenge.<\/span><br \/>\n<span style=\"font-size: 14px;\">Iste poroloon, kaetud helepruuni kangaga.<\/span><br \/>\n<span style=\"font-size: 14px;\">Laius: 45 cm.<\/span><br \/>\n<span style=\"font-size: 14px;\">S\u00fcgavus: 51,5 cm.<\/span><br \/>\n<span style=\"font-size: 14px;\">K\u00f5rgus: 48\/96,5 cm.<\/span><br \/>\n<span style=\"font-size: 14px;\">Toodetud: Malaisias.<\/span><br \/>\n<span style=\"font-size: 14px;\">Tarneaeg: kuni 4 n\u00e4dalat.<\/span><\/p>\n","protected":false},"excerpt":{"rendered":"<p>Tool Modena on valmistatud t\u00e4ispuidust. V\u00e4rv: hele wenge. Iste poroloon, kaetud helepruuni kangaga. Laius: 45 cm. S\u00fcgavus: 51,5 cm. K\u00f5rgus:&#8230;<\/p>\n","protected":false},"featured_media":70393,"template":"","meta":{"_acf_changed":false,"inline_featured_image":false},"series":[],"product_brand":[2913],"product_cat":[51],"product_tag":[],"class_list":{"0":"post-70390","1":"product","2":"type-product","3":"status-publish","4":"has-post-thumbnail","6":"product_brand-grafio","7":"product_cat-toolid","9":"first","10":"instock","11":"sale","12":"taxable","13":"shipping-taxable","14":"purchasable","15":"product-type-simple"},"acf":[],"_links":{"self":[{"href":"https:\/\/mobecor.ee\/en\/wp-json\/wp\/v2\/product\/70390","targetHints":{"allow":["GET"]}}],"collection":[{"href":"https:\/\/mobecor.ee\/en\/wp-json\/wp\/v2\/product"}],"about":[{"href":"https:\/\/mobecor.ee\/en\/wp-json\/wp\/v2\/types\/product"}],"wp:featuredmedia":[{"embeddable":true,"href":"https:\/\/mobecor.ee\/en\/wp-json\/wp\/v2\/media\/70393"}],"wp:attachment":[{"href":"https:\/\/mobecor.ee\/en\/wp-json\/wp\/v2\/media?parent=70390"}],"wp:term":[{"taxonomy":"series","embeddable":true,"href":"https:\/\/mobecor.ee\/en\/wp-json\/wp\/v2\/series?post=70390"},{"taxonomy":"product_brand","embeddable":true,"href":"https:\/\/mobecor.ee\/en\/wp-json\/wp\/v2\/product_brand?post=70390"},{"taxonomy":"product_cat","embeddable":true,"href":"https:\/\/mobecor.ee\/en\/wp-json\/wp\/v2\/product_cat?post=70390"},{"taxonomy":"product_tag","embeddable":true,"href":"https:\/\/mobecor.ee\/en\/wp-json\/wp\/v2\/product_tag?post=70390"}],"curies":[{"name":"wp","href":"https:\/\/api.w.org\/{rel}","templated":true}]}}