{"id":70462,"date":"2025-08-13T12:07:28","date_gmt":"2025-08-13T09:07:28","guid":{"rendered":"https:\/\/mobecor.ee\/?post_type=product&#038;p=70462"},"modified":"2025-12-16T13:59:38","modified_gmt":"2025-12-16T11:59:38","slug":"soogilaud-bari-pahkel","status":"publish","type":"product","link":"https:\/\/mobecor.ee\/en\/toode\/soogilaud-bari-pahkel\/","title":{"rendered":"S\u00f6\u00f6gilaud Bari, p\u00e4hkel (80*120\/150)"},"content":{"rendered":"<p><span style=\"font-size: 14px;\">Pikendatav s\u00f6\u00f6gilaud.<br \/>\n<\/span><span style=\"font-size: 14px;\">V\u00e4rv: p\u00e4hkel.<br \/>\n<\/span><span style=\"font-size: 14px;\">Materjal: lauaplaat MDF, jalad t\u00e4ispuidust.<br \/>\n<\/span><span style=\"font-size: 14px;\">Toode tarnitakse\u00a0detailidena.<br \/>\n<\/span><span style=\"font-size: 14px;\">Laius:\u00a0120\/150 cm.<br \/>\n<\/span><span style=\"font-size: 14px;\">K\u00f5rgus:\u00a074\u00a0cm.<br \/>\n<\/span><span style=\"font-size: 14px;\">S\u00fcgavus:\u00a080 cm.<br \/>\n<\/span><span style=\"font-size: 14px;\">Tarneaeg: kuni 4 n\u00e4dalat.<\/span><\/p>\n","protected":false},"excerpt":{"rendered":"<p>Pikendatav s\u00f6\u00f6gilaud. V\u00e4rv: p\u00e4hkel. Materjal: lauaplaat MDF, jalad t\u00e4ispuidust. Toode tarnitakse\u00a0detailidena. Laius:\u00a0120\/150 cm. K\u00f5rgus:\u00a074\u00a0cm. S\u00fcgavus:\u00a080 cm. Tarneaeg: kuni 4 n\u00e4dalat.<\/p>\n","protected":false},"featured_media":70465,"template":"","meta":{"_acf_changed":false,"inline_featured_image":false},"series":[],"product_brand":[2913],"product_cat":[219],"product_tag":[],"class_list":{"0":"post-70462","1":"product","2":"type-product","3":"status-publish","4":"has-post-thumbnail","6":"product_brand-grafio","7":"product_cat-soogilauad","9":"first","10":"instock","11":"sale","12":"taxable","13":"shipping-taxable","14":"purchasable","15":"product-type-simple"},"acf":[],"_links":{"self":[{"href":"https:\/\/mobecor.ee\/en\/wp-json\/wp\/v2\/product\/70462","targetHints":{"allow":["GET"]}}],"collection":[{"href":"https:\/\/mobecor.ee\/en\/wp-json\/wp\/v2\/product"}],"about":[{"href":"https:\/\/mobecor.ee\/en\/wp-json\/wp\/v2\/types\/product"}],"wp:featuredmedia":[{"embeddable":true,"href":"https:\/\/mobecor.ee\/en\/wp-json\/wp\/v2\/media\/70465"}],"wp:attachment":[{"href":"https:\/\/mobecor.ee\/en\/wp-json\/wp\/v2\/media?parent=70462"}],"wp:term":[{"taxonomy":"series","embeddable":true,"href":"https:\/\/mobecor.ee\/en\/wp-json\/wp\/v2\/series?post=70462"},{"taxonomy":"product_brand","embeddable":true,"href":"https:\/\/mobecor.ee\/en\/wp-json\/wp\/v2\/product_brand?post=70462"},{"taxonomy":"product_cat","embeddable":true,"href":"https:\/\/mobecor.ee\/en\/wp-json\/wp\/v2\/product_cat?post=70462"},{"taxonomy":"product_tag","embeddable":true,"href":"https:\/\/mobecor.ee\/en\/wp-json\/wp\/v2\/product_tag?post=70462"}],"curies":[{"name":"wp","href":"https:\/\/api.w.org\/{rel}","templated":true}]}}