{"id":71729,"date":"2025-08-19T14:06:59","date_gmt":"2025-08-19T11:06:59","guid":{"rendered":"https:\/\/mobecor.ee\/?post_type=product&#038;p=71729"},"modified":"2026-01-28T12:23:53","modified_gmt":"2026-01-28T10:23:53","slug":"esikukapp-cross-cro-14","status":"publish","type":"product","link":"https:\/\/mobecor.ee\/en\/toode\/esikukapp-cross-cro-14\/","title":{"rendered":"Esikukapp Cross CRO-14"},"content":{"rendered":"<p>Esikukapil on 1 suurem peegliga uks, mille taga on 2 riiulit ja riidepuutoru, 2 v\u00e4ikest ust jalan\u00f5ude jaoks ja nagikonksud.<br \/>\nIstumiskoha pehmenduseks on padi, mis on kaetud ekonahaga. V\u00e4rvivalik: bee\u017e v\u00f5i must.<br \/>\nMaterjal: kvaliteetne puitlaastplaat.<br \/>\nJalad: metallist.<br \/>\nK\u00e4epidemed: plastikust.<br \/>\nV\u00e4rvivalik: tamm sonoma hele\/valge; tamm cremona\/valge; tamm artisan\/valge; tamm kuldne\/valge; tamm grange\/valge; must\/valge.<br \/>\nToodetud: Poolas.<br \/>\nToode tarnitakse detailidena.<\/p>\n","protected":false},"excerpt":{"rendered":"<p>Laius: 120 cm.<br \/>\nK\u00f5rgus: 195 cm.<br \/>\nS\u00fcgavus: 45 cm.<br \/>\nTarneaeg: 4-8 n\u00e4dalat.<\/p>\n","protected":false},"featured_media":71736,"template":"","meta":{"_acf_changed":false,"inline_featured_image":false},"series":[2742],"product_brand":[2927],"product_cat":[48,82],"product_tag":[],"class_list":{"0":"post-71729","1":"product","2":"type-product","3":"status-publish","4":"has-post-thumbnail","6":"series-cross","7":"product_brand-meblocross","8":"product_cat-esikukomplektid","9":"product_cat-esikukapid","11":"first","12":"instock","13":"taxable","14":"shipping-taxable","15":"purchasable","16":"product-type-simple"},"acf":[],"_links":{"self":[{"href":"https:\/\/mobecor.ee\/en\/wp-json\/wp\/v2\/product\/71729","targetHints":{"allow":["GET"]}}],"collection":[{"href":"https:\/\/mobecor.ee\/en\/wp-json\/wp\/v2\/product"}],"about":[{"href":"https:\/\/mobecor.ee\/en\/wp-json\/wp\/v2\/types\/product"}],"wp:featuredmedia":[{"embeddable":true,"href":"https:\/\/mobecor.ee\/en\/wp-json\/wp\/v2\/media\/71736"}],"wp:attachment":[{"href":"https:\/\/mobecor.ee\/en\/wp-json\/wp\/v2\/media?parent=71729"}],"wp:term":[{"taxonomy":"series","embeddable":true,"href":"https:\/\/mobecor.ee\/en\/wp-json\/wp\/v2\/series?post=71729"},{"taxonomy":"product_brand","embeddable":true,"href":"https:\/\/mobecor.ee\/en\/wp-json\/wp\/v2\/product_brand?post=71729"},{"taxonomy":"product_cat","embeddable":true,"href":"https:\/\/mobecor.ee\/en\/wp-json\/wp\/v2\/product_cat?post=71729"},{"taxonomy":"product_tag","embeddable":true,"href":"https:\/\/mobecor.ee\/en\/wp-json\/wp\/v2\/product_tag?post=71729"}],"curies":[{"name":"wp","href":"https:\/\/api.w.org\/{rel}","templated":true}]}}