{"id":72380,"date":"2025-08-22T10:37:20","date_gmt":"2025-08-22T07:37:20","guid":{"rendered":"https:\/\/mobecor.ee\/?post_type=product&#038;p=72380"},"modified":"2025-12-03T12:21:19","modified_gmt":"2025-12-03T10:21:19","slug":"blue-storage-voodikomplekt-120200","status":"publish","type":"product","link":"https:\/\/mobecor.ee\/en\/toode\/blue-storage-voodikomplekt-120200\/","title":{"rendered":"Blue Storage voodikomplekt 120*200"},"content":{"rendered":"<p>Ku\u0161ett on vooderdatud vastupidava porolooniga, mis laseb h\u00e4sti \u00f5hul liikuda ning moodustab m\u00f5nusalt vetruva, keha toetava vormi.<br \/>\nVoodi on kergelt ja vaikselt sulguvate gaasihingedega.<br \/>\nLihtne ent d\u00fcnaamiline kangavalik annab v\u00f5imaluse valida igasse magamistuppa sobiv v\u00e4rvitoon. M\u00f6\u00f6blikanga valik pakub 5 erineva tooniga kangaid.<br \/>\nKomplekti kuuluvad sama m\u00f6\u00f6blikangaga peatsiots ja 5 cm k\u00f5rgused plastik jalad. Omal soovil saab juurde osta mistahes k\u00f5rguse ja v\u00e4limusega\u00a0<a href=\"https:\/\/mobecor.ee\/tootekategooria\/magamistuba\/madratsid-ja-voodid\/sleepwell_uus\/jalad-1\/\" target=\"_blank\" rel=\"noopener\">jalad<\/a>\u00a0 Sleepwelli kollektsiooni valikust.<br \/>\nStorage voodilahendusel soovitame kasutada paksemat, v\u00e4hemalt 4 cm sisuga <a href=\"https:\/\/mobecor.ee\/tootekategooria\/magamistuba\/madratsid-ja-voodid\/sleepwell_uus\/kattemadratsid-1\/\" target=\"_blank\" rel=\"noopener\">kattemadratsit<\/a>.<br \/>\n<a href=\"https:\/\/mobecor.ee\/tootekategooria\/magamistuba\/madratsid-ja-voodid\/sleepwell_uus\/kattemadratsid-1\/\" target=\"_blank\" rel=\"noopener\">Kattemadrats<\/a>\u00a0ei kuulu komplekti ning see tuleb valida juurde vastavalt oma eelistustele.<br \/>\nToode on disainitud ja toodetud Eestis.<br \/>\nPorolooni on heaks kiitnud Eesti Allergialiit. Sleepwelli toodetes kasutatavad materjalid nagu kangas, puuvill, vill ja vatiin vastavad rahvusvahelisele \u00d6ko-Tex 100 standardile<\/p>\n","protected":false},"excerpt":{"rendered":"<p>Blue Storage komplekt koosneb mahuka panipaigaga ku\u0161etist, peatsiotsast ja voodi jalgadest.<br \/>\nNB! Peatsiots ei ole voodi k\u00fclge kinnitatav.<br \/>\nM\u00f5\u00f5dud: 120*200 cm.<br \/>\nK\u00f5rgus: 50 cm.<br \/>\nTarneaeg: 4-6 n\u00e4dalat.<\/p>\n","protected":false},"featured_media":75728,"template":"","meta":{"_acf_changed":false,"inline_featured_image":false},"series":[],"product_brand":[2859],"product_cat":[424],"product_tag":[],"class_list":{"0":"post-72380","1":"product","2":"type-product","3":"status-publish","4":"has-post-thumbnail","6":"product_brand-sleepwell","7":"product_cat-kontinentaal-ja-mootorvoodid","9":"first","10":"instock","11":"taxable","12":"shipping-taxable","13":"purchasable","14":"product-type-simple"},"acf":[],"_links":{"self":[{"href":"https:\/\/mobecor.ee\/en\/wp-json\/wp\/v2\/product\/72380","targetHints":{"allow":["GET"]}}],"collection":[{"href":"https:\/\/mobecor.ee\/en\/wp-json\/wp\/v2\/product"}],"about":[{"href":"https:\/\/mobecor.ee\/en\/wp-json\/wp\/v2\/types\/product"}],"wp:featuredmedia":[{"embeddable":true,"href":"https:\/\/mobecor.ee\/en\/wp-json\/wp\/v2\/media\/75728"}],"wp:attachment":[{"href":"https:\/\/mobecor.ee\/en\/wp-json\/wp\/v2\/media?parent=72380"}],"wp:term":[{"taxonomy":"series","embeddable":true,"href":"https:\/\/mobecor.ee\/en\/wp-json\/wp\/v2\/series?post=72380"},{"taxonomy":"product_brand","embeddable":true,"href":"https:\/\/mobecor.ee\/en\/wp-json\/wp\/v2\/product_brand?post=72380"},{"taxonomy":"product_cat","embeddable":true,"href":"https:\/\/mobecor.ee\/en\/wp-json\/wp\/v2\/product_cat?post=72380"},{"taxonomy":"product_tag","embeddable":true,"href":"https:\/\/mobecor.ee\/en\/wp-json\/wp\/v2\/product_tag?post=72380"}],"curies":[{"name":"wp","href":"https:\/\/api.w.org\/{rel}","templated":true}]}}