{"id":74436,"date":"2025-08-28T11:20:52","date_gmt":"2025-08-28T08:20:52","guid":{"rendered":"https:\/\/mobecor.ee\/?post_type=product&#038;p=74436"},"modified":"2025-08-28T11:22:54","modified_gmt":"2025-08-28T08:22:54","slug":"vitriinkapp-parii-pa02-must","status":"publish","type":"product","link":"https:\/\/mobecor.ee\/en\/toode\/vitriinkapp-parii-pa02-must\/","title":{"rendered":"Vitriinkapp Parii PA02 (89\/37\/196) must"},"content":{"rendered":"<p><span style=\"font-size: 10pt;\">Vitriinkapil on 2 ust. \u00dcks uks on osaliselt klaasiga.<br \/>\n<\/span><span style=\"font-size: 10pt;\">Komplekti kuulub led valgustus.<br \/>\n<\/span><span style=\"font-size: 10pt;\">Esipinnad: lamineeritud puitlaastplaat + soonega MDF plaat.<br \/>\n<\/span><span style=\"font-size: 10pt;\">Korpus:\u00a0lamineeritud puitlaastplaat.<br \/>\n<\/span><span style=\"font-size: 10pt;\">Korpuse v\u00e4rv: tamm artisan.<br \/>\n<\/span><span style=\"font-size: 10pt;\">Esipindade v\u00e4rv: must matt.<br \/>\n<\/span><span style=\"font-size: 10pt;\">Lisav\u00e4rv (esipinna \u00e4\u00e4r): tamm artisan v\u00f5i must matt.<br \/>\n<\/span><span style=\"font-size: 10pt;\">Toodetud: Poolas.<br \/>\n<\/span><span style=\"font-size: 10pt;\">Toode tarnitakse detailidena.<\/span><\/p>\n","protected":false},"excerpt":{"rendered":"<p><span style=\"font-size: 10pt;\">Laius:\u00a089 cm.<br \/>\n<\/span><span style=\"font-size: 10pt;\">S\u00fcgavus:\u00a037 cm.<br \/>\n<\/span><span style=\"font-size: 10pt;\">K\u00f5rgus:\u00a0196 cm.<br \/>\n<\/span><span style=\"font-size: 10pt;\">Tarneaeg: 4-8 n\u00e4dalat.<\/span><\/p>\n","protected":false},"featured_media":74439,"template":"","meta":{"_acf_changed":false,"inline_featured_image":false},"series":[2813],"product_brand":[2914],"product_cat":[33],"product_tag":[],"class_list":{"0":"post-74436","1":"product","2":"type-product","3":"status-publish","4":"has-post-thumbnail","6":"series-parii","7":"product_brand-fadome","8":"product_cat-vitriinid","10":"first","11":"instock","12":"taxable","13":"shipping-taxable","14":"purchasable","15":"product-type-variable"},"acf":[],"_links":{"self":[{"href":"https:\/\/mobecor.ee\/en\/wp-json\/wp\/v2\/product\/74436","targetHints":{"allow":["GET"]}}],"collection":[{"href":"https:\/\/mobecor.ee\/en\/wp-json\/wp\/v2\/product"}],"about":[{"href":"https:\/\/mobecor.ee\/en\/wp-json\/wp\/v2\/types\/product"}],"wp:featuredmedia":[{"embeddable":true,"href":"https:\/\/mobecor.ee\/en\/wp-json\/wp\/v2\/media\/74439"}],"wp:attachment":[{"href":"https:\/\/mobecor.ee\/en\/wp-json\/wp\/v2\/media?parent=74436"}],"wp:term":[{"taxonomy":"series","embeddable":true,"href":"https:\/\/mobecor.ee\/en\/wp-json\/wp\/v2\/series?post=74436"},{"taxonomy":"product_brand","embeddable":true,"href":"https:\/\/mobecor.ee\/en\/wp-json\/wp\/v2\/product_brand?post=74436"},{"taxonomy":"product_cat","embeddable":true,"href":"https:\/\/mobecor.ee\/en\/wp-json\/wp\/v2\/product_cat?post=74436"},{"taxonomy":"product_tag","embeddable":true,"href":"https:\/\/mobecor.ee\/en\/wp-json\/wp\/v2\/product_tag?post=74436"}],"curies":[{"name":"wp","href":"https:\/\/api.w.org\/{rel}","templated":true}]}}