{"id":74667,"date":"2025-08-28T14:47:20","date_gmt":"2025-08-28T11:47:20","guid":{"rendered":"https:\/\/mobecor.ee\/?post_type=product&#038;p=74667"},"modified":"2025-09-01T08:16:49","modified_gmt":"2025-09-01T05:16:49","slug":"voodi-drop-1702-plaatinahall","status":"publish","type":"product","link":"https:\/\/mobecor.ee\/en\/toode\/voodi-drop-1702-plaatinahall\/","title":{"rendered":"Voodi Drop 1702 (plaatinahall)"},"content":{"rendered":"<p><span style=\"font-size: 10pt;\">Komplekti kuulub voodikarkass, p\u00f5hjalipid ja 2 pesusahtlit.<br \/>\nVoodile sobib madrats m\u00f5\u00f5tudes 90 x 200 cm.<\/span><br \/>\n<span style=\"font-size: 10pt;\">Madrats ei kuulu komplekti.<\/span><br \/>\n<span style=\"font-size: 10pt;\">Lisavalikuna v\u00f5imalik juurde osta k\u00fclje k\u00f5rgendus Zast 03 (NB! Terve voodi ulatuses on vaja 2 tk) ja kangaga kaetud pehmendus Zag 05 peatsile v\u00f5i k\u00f5rgendusele.<\/span><br \/>\n<span style=\"font-size: 10pt;\">Materjal: kvaliteetne ja vastupidav\u00a0lamineeritud m\u00f6\u00f6bliplaat.<\/span><br \/>\n<span style=\"font-size: 10pt;\">P\u00f5hiv\u00e4rv: p\u00f6\u00f6k fjord\/valge.<\/span><br \/>\n<span style=\"font-size: 10pt;\">Lisav\u00e4rv:\u00a0 plaatinahall.<\/span><br \/>\n<span style=\"font-size: 10pt;\">Toodetud: Poolas<\/span><br \/>\n<span style=\"font-size: 10pt;\">Toode tarnitakse detailidena.<\/span><\/p>\n","protected":false},"excerpt":{"rendered":"<p><span style=\"font-size: 10pt;\">Laius: 97 cm.<\/span><br \/>\n<span style=\"font-size: 10pt;\">S\u00fcgavus: 205 cm.<\/span><br \/>\n<span style=\"font-size: 10pt;\">K\u00f5rgus: 81 cm.<\/span><br \/>\n<span style=\"font-size: 10pt;\">Tarneaeg: 4-8 n\u00e4dalat.<\/span><\/p>\n","protected":false},"featured_media":5602,"template":"","meta":{"_acf_changed":false,"inline_featured_image":false},"series":[],"product_brand":[2938],"product_cat":[292],"product_tag":[],"class_list":{"0":"post-74667","1":"product","2":"type-product","3":"status-publish","4":"has-post-thumbnail","6":"product_brand-ml-meble","7":"product_cat-lastetuba-drop","9":"first","10":"instock","11":"taxable","12":"shipping-taxable","13":"purchasable","14":"product-type-variable"},"acf":[],"_links":{"self":[{"href":"https:\/\/mobecor.ee\/en\/wp-json\/wp\/v2\/product\/74667","targetHints":{"allow":["GET"]}}],"collection":[{"href":"https:\/\/mobecor.ee\/en\/wp-json\/wp\/v2\/product"}],"about":[{"href":"https:\/\/mobecor.ee\/en\/wp-json\/wp\/v2\/types\/product"}],"wp:featuredmedia":[{"embeddable":true,"href":"https:\/\/mobecor.ee\/en\/wp-json\/wp\/v2\/media\/5602"}],"wp:attachment":[{"href":"https:\/\/mobecor.ee\/en\/wp-json\/wp\/v2\/media?parent=74667"}],"wp:term":[{"taxonomy":"series","embeddable":true,"href":"https:\/\/mobecor.ee\/en\/wp-json\/wp\/v2\/series?post=74667"},{"taxonomy":"product_brand","embeddable":true,"href":"https:\/\/mobecor.ee\/en\/wp-json\/wp\/v2\/product_brand?post=74667"},{"taxonomy":"product_cat","embeddable":true,"href":"https:\/\/mobecor.ee\/en\/wp-json\/wp\/v2\/product_cat?post=74667"},{"taxonomy":"product_tag","embeddable":true,"href":"https:\/\/mobecor.ee\/en\/wp-json\/wp\/v2\/product_tag?post=74667"}],"curies":[{"name":"wp","href":"https:\/\/api.w.org\/{rel}","templated":true}]}}