{"id":75261,"date":"2025-09-03T13:02:57","date_gmt":"2025-09-03T10:02:57","guid":{"rendered":"https:\/\/mobecor.ee\/?post_type=product&#038;p=75261"},"modified":"2026-02-17T11:23:23","modified_gmt":"2026-02-17T09:23:23","slug":"kummut-fribo-frik-04-valge-2","status":"publish","type":"product","link":"https:\/\/mobecor.ee\/en\/toode\/kummut-fribo-frik-04-valge-2\/","title":{"rendered":"Kummut Fribo FRIK 04 (valge)"},"content":{"rendered":"<p>Kummutil on 3 ust.<br \/>\nKeskmine uks on klaasiga.<br \/>\nKlaasiga ukse taga on klaasist riiulid, millele on v\u00f5imalik lisavalikuna juurde osta led valgustus.<br \/>\nMaterjal: kvaliteetne ja vastupidav puitlaastplaat + klaas.<br \/>\nV\u00e4rvivalik: valge; tamm Ribbeck.<br \/>\nK\u00e4epidemed: k\u00e4epidemeteta s\u00fcsteem.<br \/>\nToode tarnitakse detailidena.<br \/>\nToodetud: Poolas.<\/p>\n","protected":false},"excerpt":{"rendered":"<p>Laius: 135,4 cm.<br \/>\nK\u00f5rgus:\u00a092,9 cm.<br \/>\nS\u00fcgavus:\u00a040 cm.<br \/>\nTarneaeg:\u00a04-8 n\u00e4dalat.<\/p>\n","protected":false},"featured_media":9182,"template":"","meta":{"_acf_changed":false,"inline_featured_image":false},"series":[2751],"product_brand":[2939],"product_cat":[36],"product_tag":[],"class_list":{"0":"post-75261","1":"product","2":"type-product","3":"status-publish","4":"has-post-thumbnail","6":"series-fribo","7":"product_brand-extom","8":"product_cat-kummutid","10":"first","11":"instock","12":"taxable","13":"shipping-taxable","14":"purchasable","15":"product-type-variable"},"acf":[],"_links":{"self":[{"href":"https:\/\/mobecor.ee\/en\/wp-json\/wp\/v2\/product\/75261","targetHints":{"allow":["GET"]}}],"collection":[{"href":"https:\/\/mobecor.ee\/en\/wp-json\/wp\/v2\/product"}],"about":[{"href":"https:\/\/mobecor.ee\/en\/wp-json\/wp\/v2\/types\/product"}],"wp:featuredmedia":[{"embeddable":true,"href":"https:\/\/mobecor.ee\/en\/wp-json\/wp\/v2\/media\/9182"}],"wp:attachment":[{"href":"https:\/\/mobecor.ee\/en\/wp-json\/wp\/v2\/media?parent=75261"}],"wp:term":[{"taxonomy":"series","embeddable":true,"href":"https:\/\/mobecor.ee\/en\/wp-json\/wp\/v2\/series?post=75261"},{"taxonomy":"product_brand","embeddable":true,"href":"https:\/\/mobecor.ee\/en\/wp-json\/wp\/v2\/product_brand?post=75261"},{"taxonomy":"product_cat","embeddable":true,"href":"https:\/\/mobecor.ee\/en\/wp-json\/wp\/v2\/product_cat?post=75261"},{"taxonomy":"product_tag","embeddable":true,"href":"https:\/\/mobecor.ee\/en\/wp-json\/wp\/v2\/product_tag?post=75261"}],"curies":[{"name":"wp","href":"https:\/\/api.w.org\/{rel}","templated":true}]}}