{"id":77423,"date":"2025-09-16T12:28:06","date_gmt":"2025-09-16T09:28:06","guid":{"rendered":"https:\/\/mobecor.ee\/?post_type=product&#038;p=77423"},"modified":"2026-04-20T07:01:30","modified_gmt":"2026-04-20T04:01:30","slug":"nurgadiivan-dora-3c-2885-2259-i-gr","status":"publish","type":"product","link":"https:\/\/mobecor.ee\/en\/toode\/nurgadiivan-dora-3c-2885-2259-i-gr\/","title":{"rendered":"Nurgadiivan Dora 3C (288,5\/225,9) kangas I gr."},"content":{"rendered":"<p>Nurgadiivani karkass on valmistatud kasepuidust ja kasevineerist.<br \/>\nSeljatoepatjade katted on luku abil eemaldatavad.<br \/>\nSeljatoepatjade t\u00e4idiseks on sule- ja poroloonisegu.<br \/>\nIstmepatjade t\u00e4idiseks on: pocket vedrustus + suled.<br \/>\nNurgadiivanil on sik-sak vedrustus.<br \/>\nNurgadiivan sobib paigutamiseks keset tuba. Tagumine k\u00fclg on viimistletud.<br \/>\nJalad on kasepuidust.<br \/>\nNurgadiivani katteks on kangas.<span style=\"font-size: 10pt; line-height: 1.3em;\"><br \/>\n<\/span><\/p>\n","protected":false},"excerpt":{"rendered":"<p>Laius:\u00a0288,5 cm.<br \/>\nS\u00fcgavus:\u00a098,5\/225,9 cm.<br \/>\nK\u00f5rgus\u00a0100 cm, istumisosa k\u00f5rgus on 47 cm.<br \/>\nToodetud: Eestis.<br \/>\nTarneaeg: 4-8 n\u00e4dalat.<br \/>\nSuuremat kangavalikut n\u00e4eb Mobecori m\u00f6\u00f6blipoodides V\u00f5rus ja Tartus.<span style=\"font-size: 10pt; line-height: 1.3em;\"><br \/>\n<\/span><\/p>\n","protected":false},"featured_media":9508,"template":"","meta":{"_acf_changed":false,"inline_featured_image":false},"series":[],"product_brand":[3080],"product_cat":[213],"product_tag":[],"class_list":{"0":"post-77423","1":"product","2":"type-product","3":"status-publish","4":"has-post-thumbnail","6":"product_brand-tarmeko","7":"product_cat-nurgadiivanid","9":"first","10":"instock","11":"taxable","12":"shipping-taxable","13":"purchasable","14":"product-type-simple"},"acf":[],"_links":{"self":[{"href":"https:\/\/mobecor.ee\/en\/wp-json\/wp\/v2\/product\/77423","targetHints":{"allow":["GET"]}}],"collection":[{"href":"https:\/\/mobecor.ee\/en\/wp-json\/wp\/v2\/product"}],"about":[{"href":"https:\/\/mobecor.ee\/en\/wp-json\/wp\/v2\/types\/product"}],"wp:featuredmedia":[{"embeddable":true,"href":"https:\/\/mobecor.ee\/en\/wp-json\/wp\/v2\/media\/9508"}],"wp:attachment":[{"href":"https:\/\/mobecor.ee\/en\/wp-json\/wp\/v2\/media?parent=77423"}],"wp:term":[{"taxonomy":"series","embeddable":true,"href":"https:\/\/mobecor.ee\/en\/wp-json\/wp\/v2\/series?post=77423"},{"taxonomy":"product_brand","embeddable":true,"href":"https:\/\/mobecor.ee\/en\/wp-json\/wp\/v2\/product_brand?post=77423"},{"taxonomy":"product_cat","embeddable":true,"href":"https:\/\/mobecor.ee\/en\/wp-json\/wp\/v2\/product_cat?post=77423"},{"taxonomy":"product_tag","embeddable":true,"href":"https:\/\/mobecor.ee\/en\/wp-json\/wp\/v2\/product_tag?post=77423"}],"curies":[{"name":"wp","href":"https:\/\/api.w.org\/{rel}","templated":true}]}}