{"id":77431,"date":"2025-09-16T12:37:04","date_gmt":"2025-09-16T09:37:04","guid":{"rendered":"https:\/\/mobecor.ee\/?post_type=product&#038;p=77431"},"modified":"2026-04-20T07:01:19","modified_gmt":"2026-04-20T04:01:19","slug":"nurgadiivan-liina-3n2-294-239-i-gr","status":"publish","type":"product","link":"https:\/\/mobecor.ee\/en\/toode\/nurgadiivan-liina-3n2-294-239-i-gr\/","title":{"rendered":"Nurgadiivan Liina 3N2  (294\/239) kangas I gr."},"content":{"rendered":"<p>Nurgadiivani\u00a0karkass on valmistatud kasepuidust ja kasevineerist.<br \/>\nNurgadiivanil on k\u00f5rge ja v\u00e4ga pehme seljatugi.<br \/>\nSeljatoe pehmenduseks on kvaliteetne VPU poroloon.<br \/>\nIstmel on lisaks VPU poroloonile ka zig-zag vedrud<br \/>\nJalad on kasepuidust 9 cm v\u00f5i 12 cm.<br \/>\nValikus 3 erinevad k\u00e4etoe valikut.<br \/>\nDiivani katteks on kangas.<span style=\"font-size: 10pt; line-height: 1.3em;\"><strong><br \/>\n<\/strong><\/span><\/p>\n","protected":false},"excerpt":{"rendered":"<p>Laius: 294 cm.<br \/>\nS\u00fcgavus: 239 cm.<br \/>\nK\u00f5rgus: 100,5 cm.<br \/>\nToodetud: Eestis.<br \/>\nTarneaeg: 4-8 n\u00e4dalat.<br \/>\nSuuremat kangavalikut n\u00e4eb Mobecori m\u00f6\u00f6blipoodides V\u00f5rus ja Tartus.<br \/>\nT\u00e4his 3N2 t\u00e4hendab: 3-ne\/nurk\/2-ne.<br \/>\nNurgadiivanit on v\u00f5imalik saada ka variantidena: 2N3; 1N2; 2N1; 2N2; 3N1; 1N3; 3N3; 4N2; 2N4; 3N4; 4N3. Numbrid t\u00e4hendavad istumiskohti. Soovi korral esitage hinnap\u00e4ring: info@mobecor.ee<\/p>\n","protected":false},"featured_media":77437,"template":"","meta":{"_acf_changed":false,"inline_featured_image":false},"series":[],"product_brand":[3080],"product_cat":[213],"product_tag":[],"class_list":{"0":"post-77431","1":"product","2":"type-product","3":"status-publish","4":"has-post-thumbnail","6":"product_brand-tarmeko","7":"product_cat-nurgadiivanid","9":"first","10":"instock","11":"taxable","12":"shipping-taxable","13":"purchasable","14":"product-type-simple"},"acf":[],"_links":{"self":[{"href":"https:\/\/mobecor.ee\/en\/wp-json\/wp\/v2\/product\/77431","targetHints":{"allow":["GET"]}}],"collection":[{"href":"https:\/\/mobecor.ee\/en\/wp-json\/wp\/v2\/product"}],"about":[{"href":"https:\/\/mobecor.ee\/en\/wp-json\/wp\/v2\/types\/product"}],"wp:featuredmedia":[{"embeddable":true,"href":"https:\/\/mobecor.ee\/en\/wp-json\/wp\/v2\/media\/77437"}],"wp:attachment":[{"href":"https:\/\/mobecor.ee\/en\/wp-json\/wp\/v2\/media?parent=77431"}],"wp:term":[{"taxonomy":"series","embeddable":true,"href":"https:\/\/mobecor.ee\/en\/wp-json\/wp\/v2\/series?post=77431"},{"taxonomy":"product_brand","embeddable":true,"href":"https:\/\/mobecor.ee\/en\/wp-json\/wp\/v2\/product_brand?post=77431"},{"taxonomy":"product_cat","embeddable":true,"href":"https:\/\/mobecor.ee\/en\/wp-json\/wp\/v2\/product_cat?post=77431"},{"taxonomy":"product_tag","embeddable":true,"href":"https:\/\/mobecor.ee\/en\/wp-json\/wp\/v2\/product_tag?post=77431"}],"curies":[{"name":"wp","href":"https:\/\/api.w.org\/{rel}","templated":true}]}}