{"id":77471,"date":"2025-09-16T13:31:31","date_gmt":"2025-09-16T10:31:31","guid":{"rendered":"https:\/\/mobecor.ee\/?post_type=product&#038;p=77471"},"modified":"2026-04-20T07:00:34","modified_gmt":"2026-04-20T04:00:34","slug":"diivan-liina-3-ne-igr","status":"publish","type":"product","link":"https:\/\/mobecor.ee\/en\/toode\/diivan-liina-3-ne-igr\/","title":{"rendered":"Diivan Liina 3-ne (197 cm) kangas I gr."},"content":{"rendered":"<p>Diivani karkass on valmistatud kasepuidust ja kasevineerist.<br \/>\nDiivanil on k\u00f5rge ja v\u00e4ga pehme seljatugi.<br \/>\nSeljatoe pehmenduseks on kvaliteetne VPU poroloon.<br \/>\nIstmel on lisaks VPU poroloonile ka zig-zag vedrud<br \/>\nJalad on kasepuidust 9 cm v\u00f5i 12 cm.<br \/>\nValikus 3 erinevad k\u00e4etoe valikut.<br \/>\nDiivani\u00a0katteks on kangas.<span style=\"font-size: 10pt; line-height: 1.3em;\"><strong><br \/>\n<\/strong><\/span><\/p>\n","protected":false},"excerpt":{"rendered":"<p>Laius: 197 cm.<br \/>\nS\u00fcgavus: 100,5 cm.<br \/>\nK\u00f5rgus: 100,5 cm.<br \/>\nToodetud: Eestis.<br \/>\nTarneaeg: 4-8 n\u00e4dalat.<br \/>\nSuuremat kangavalikut n\u00e4eb Mobecori m\u00f6\u00f6blipoodides V\u00f5rus ja Tartus.<span style=\"font-size: 10pt; line-height: 1.3em;\"><br \/>\n<\/span><\/p>\n","protected":false},"featured_media":77472,"template":"","meta":{"_acf_changed":false,"inline_featured_image":false},"series":[],"product_brand":[3080],"product_cat":[83],"product_tag":[],"class_list":{"0":"post-77471","1":"product","2":"type-product","3":"status-publish","4":"has-post-thumbnail","6":"product_brand-tarmeko","7":"product_cat-diivanid","9":"first","10":"instock","11":"taxable","12":"shipping-taxable","13":"purchasable","14":"product-type-simple"},"acf":[],"_links":{"self":[{"href":"https:\/\/mobecor.ee\/en\/wp-json\/wp\/v2\/product\/77471","targetHints":{"allow":["GET"]}}],"collection":[{"href":"https:\/\/mobecor.ee\/en\/wp-json\/wp\/v2\/product"}],"about":[{"href":"https:\/\/mobecor.ee\/en\/wp-json\/wp\/v2\/types\/product"}],"wp:featuredmedia":[{"embeddable":true,"href":"https:\/\/mobecor.ee\/en\/wp-json\/wp\/v2\/media\/77472"}],"wp:attachment":[{"href":"https:\/\/mobecor.ee\/en\/wp-json\/wp\/v2\/media?parent=77471"}],"wp:term":[{"taxonomy":"series","embeddable":true,"href":"https:\/\/mobecor.ee\/en\/wp-json\/wp\/v2\/series?post=77471"},{"taxonomy":"product_brand","embeddable":true,"href":"https:\/\/mobecor.ee\/en\/wp-json\/wp\/v2\/product_brand?post=77471"},{"taxonomy":"product_cat","embeddable":true,"href":"https:\/\/mobecor.ee\/en\/wp-json\/wp\/v2\/product_cat?post=77471"},{"taxonomy":"product_tag","embeddable":true,"href":"https:\/\/mobecor.ee\/en\/wp-json\/wp\/v2\/product_tag?post=77471"}],"curies":[{"name":"wp","href":"https:\/\/api.w.org\/{rel}","templated":true}]}}