{"id":77545,"date":"2025-09-16T16:21:11","date_gmt":"2025-09-16T13:21:11","guid":{"rendered":"https:\/\/mobecor.ee\/?post_type=product&#038;p=77545"},"modified":"2026-04-20T06:59:19","modified_gmt":"2026-04-20T03:59:19","slug":"tugitoolvoodi-ronny-iigr","status":"publish","type":"product","link":"https:\/\/mobecor.ee\/en\/toode\/tugitoolvoodi-ronny-iigr\/","title":{"rendered":"Tugitoolvoodi Ronny (102,5\/85\/88) kangas II gr."},"content":{"rendered":"<p>Tugitoolvoodi karkass on valmistatud kasepuidust ja kasevineerist.<br \/>\nVedrustus: sik-sak, pehmenduseks on poroloon.<br \/>\nJalad on kasepuidust.<br \/>\nTugitooli katteks on kangas.<span style=\"font-size: 10pt; line-height: 1.3em;\"><br \/>\n<\/span><\/p>\n","protected":false},"excerpt":{"rendered":"<p>Laius:\u00a0102,5 cm.<br \/>\nS\u00fcgavus:\u00a085 cm.<br \/>\nIstumiss\u00fcgavus:\u00a055 cm.<br \/>\nK\u00f5rgus\u00a088 cm.<br \/>\nMagamiskoht:\u00a074 x 200 cm.<br \/>\nToodetud: Eestis.<br \/>\nTarneaeg: 4-8 n\u00e4dalat.<br \/>\nSuuremat kangavalikut n\u00e4eb Mobecori m\u00f6\u00f6blipoodides V\u00f5rus ja Tartus.<\/p>\n<p>&nbsp;<\/p>\n","protected":false},"featured_media":9514,"template":"","meta":{"_acf_changed":false,"inline_featured_image":false},"series":[],"product_brand":[3080],"product_cat":[285],"product_tag":[],"class_list":{"0":"post-77545","1":"product","2":"type-product","3":"status-publish","4":"has-post-thumbnail","6":"product_brand-tarmeko","7":"product_cat-tugitoolid","9":"first","10":"instock","11":"taxable","12":"shipping-taxable","13":"purchasable","14":"product-type-simple"},"acf":[],"_links":{"self":[{"href":"https:\/\/mobecor.ee\/en\/wp-json\/wp\/v2\/product\/77545","targetHints":{"allow":["GET"]}}],"collection":[{"href":"https:\/\/mobecor.ee\/en\/wp-json\/wp\/v2\/product"}],"about":[{"href":"https:\/\/mobecor.ee\/en\/wp-json\/wp\/v2\/types\/product"}],"wp:featuredmedia":[{"embeddable":true,"href":"https:\/\/mobecor.ee\/en\/wp-json\/wp\/v2\/media\/9514"}],"wp:attachment":[{"href":"https:\/\/mobecor.ee\/en\/wp-json\/wp\/v2\/media?parent=77545"}],"wp:term":[{"taxonomy":"series","embeddable":true,"href":"https:\/\/mobecor.ee\/en\/wp-json\/wp\/v2\/series?post=77545"},{"taxonomy":"product_brand","embeddable":true,"href":"https:\/\/mobecor.ee\/en\/wp-json\/wp\/v2\/product_brand?post=77545"},{"taxonomy":"product_cat","embeddable":true,"href":"https:\/\/mobecor.ee\/en\/wp-json\/wp\/v2\/product_cat?post=77545"},{"taxonomy":"product_tag","embeddable":true,"href":"https:\/\/mobecor.ee\/en\/wp-json\/wp\/v2\/product_tag?post=77545"}],"curies":[{"name":"wp","href":"https:\/\/api.w.org\/{rel}","templated":true}]}}