{"id":77651,"date":"2025-09-17T12:48:00","date_gmt":"2025-09-17T09:48:00","guid":{"rendered":"https:\/\/mobecor.ee\/?post_type=product&#038;p=77651"},"modified":"2026-04-07T14:34:03","modified_gmt":"2026-04-07T11:34:03","slug":"elektriline-jalatugi","status":"publish","type":"product","link":"https:\/\/mobecor.ee\/en\/toode\/elektriline-jalatugi\/","title":{"rendered":"Elektriline jalatugi Storm"},"content":{"rendered":"","protected":false},"excerpt":{"rendered":"<p>Elektriline jalatugi sobib <a href=\"https:\/\/mobecor.ee\/?s=Nurgadiivan+Storm&amp;post_type=product&amp;dgwt_wcas=1&amp;lang=et\" target=\"_blank\" rel=\"noopener\">nurgadiivaniltele Storm<\/a>.<br \/>\nTarneaeg: 10-16 n\u00e4dalat.<br \/>\nSuuremat kangavalikut on v\u00f5imalik n\u00e4ha Mobecori m\u00f6\u00f6blipoes V\u00f5rus.<\/p>\n","protected":false},"featured_media":77653,"template":"","meta":{"_acf_changed":false,"inline_featured_image":false},"series":[],"product_brand":[2955],"product_cat":[213],"product_tag":[],"class_list":{"0":"post-77651","1":"product","2":"type-product","3":"status-publish","4":"has-post-thumbnail","6":"product_brand-wersal","7":"product_cat-nurgadiivanid","9":"first","10":"instock","11":"taxable","12":"shipping-taxable","13":"purchasable","14":"product-type-simple"},"acf":[],"_links":{"self":[{"href":"https:\/\/mobecor.ee\/en\/wp-json\/wp\/v2\/product\/77651","targetHints":{"allow":["GET"]}}],"collection":[{"href":"https:\/\/mobecor.ee\/en\/wp-json\/wp\/v2\/product"}],"about":[{"href":"https:\/\/mobecor.ee\/en\/wp-json\/wp\/v2\/types\/product"}],"wp:featuredmedia":[{"embeddable":true,"href":"https:\/\/mobecor.ee\/en\/wp-json\/wp\/v2\/media\/77653"}],"wp:attachment":[{"href":"https:\/\/mobecor.ee\/en\/wp-json\/wp\/v2\/media?parent=77651"}],"wp:term":[{"taxonomy":"series","embeddable":true,"href":"https:\/\/mobecor.ee\/en\/wp-json\/wp\/v2\/series?post=77651"},{"taxonomy":"product_brand","embeddable":true,"href":"https:\/\/mobecor.ee\/en\/wp-json\/wp\/v2\/product_brand?post=77651"},{"taxonomy":"product_cat","embeddable":true,"href":"https:\/\/mobecor.ee\/en\/wp-json\/wp\/v2\/product_cat?post=77651"},{"taxonomy":"product_tag","embeddable":true,"href":"https:\/\/mobecor.ee\/en\/wp-json\/wp\/v2\/product_tag?post=77651"}],"curies":[{"name":"wp","href":"https:\/\/api.w.org\/{rel}","templated":true}]}}