{"id":77715,"date":"2025-09-18T11:05:52","date_gmt":"2025-09-18T08:05:52","guid":{"rendered":"https:\/\/mobecor.ee\/?post_type=product&#038;p=77715"},"modified":"2026-04-17T07:53:57","modified_gmt":"2026-04-17T04:53:57","slug":"nurgadiivan-cannes-kangas-0gr","status":"publish","type":"product","link":"https:\/\/mobecor.ee\/en\/toode\/nurgadiivan-cannes-kangas-0gr\/","title":{"rendered":"Nurgadiivan Cannes (220\/140) kangas 0 gr."},"content":{"rendered":"<p>Nurgadiivani karkass on valmistatud oksavabast kuivast kodumaisest okaspuidust, lisaks on kasutatud kasevineeri ja puitkiudplaati.<br \/>\nDiivanil on sik-sak vedrustus. Nurk on universaalne &#8211; v\u00f5imalik paigutada nii paremale- kui vasakule.<br \/>\nIstme ja seljatoe patjade sisuks on poroloon mis on kaetud pehme vatiiniga.<br \/>\nDiivani tagak\u00fclg on viimistletud, saab paigutada keset tuba.<br \/>\nJalgade v\u00e4rvi on v\u00f5imalik valida.<span style=\"font-size: 10pt;\"><br \/>\n<\/span><\/p>\n","protected":false},"excerpt":{"rendered":"<p>Laius: 220 cm.<br \/>\nS\u00fcgavus: 89\/140 cm.<br \/>\nK\u00f5rgus: 99 cm.<br \/>\nTarneaeg: 4-8 n\u00e4dalat.<br \/>\nSuuremat kangavalikut n\u00e4eb Mobecori m\u00f6\u00f6blipoes V\u00f5rus.<\/p>\n","protected":false},"featured_media":77720,"template":"","meta":{"_acf_changed":false,"inline_featured_image":false},"series":[],"product_brand":[3505],"product_cat":[213],"product_tag":[],"class_list":{"0":"post-77715","1":"product","2":"type-product","3":"status-publish","4":"has-post-thumbnail","6":"product_brand-empak","7":"product_cat-nurgadiivanid","9":"first","10":"instock","11":"taxable","12":"shipping-taxable","13":"purchasable","14":"product-type-simple"},"acf":[],"_links":{"self":[{"href":"https:\/\/mobecor.ee\/en\/wp-json\/wp\/v2\/product\/77715","targetHints":{"allow":["GET"]}}],"collection":[{"href":"https:\/\/mobecor.ee\/en\/wp-json\/wp\/v2\/product"}],"about":[{"href":"https:\/\/mobecor.ee\/en\/wp-json\/wp\/v2\/types\/product"}],"wp:featuredmedia":[{"embeddable":true,"href":"https:\/\/mobecor.ee\/en\/wp-json\/wp\/v2\/media\/77720"}],"wp:attachment":[{"href":"https:\/\/mobecor.ee\/en\/wp-json\/wp\/v2\/media?parent=77715"}],"wp:term":[{"taxonomy":"series","embeddable":true,"href":"https:\/\/mobecor.ee\/en\/wp-json\/wp\/v2\/series?post=77715"},{"taxonomy":"product_brand","embeddable":true,"href":"https:\/\/mobecor.ee\/en\/wp-json\/wp\/v2\/product_brand?post=77715"},{"taxonomy":"product_cat","embeddable":true,"href":"https:\/\/mobecor.ee\/en\/wp-json\/wp\/v2\/product_cat?post=77715"},{"taxonomy":"product_tag","embeddable":true,"href":"https:\/\/mobecor.ee\/en\/wp-json\/wp\/v2\/product_tag?post=77715"}],"curies":[{"name":"wp","href":"https:\/\/api.w.org\/{rel}","templated":true}]}}