{"id":77793,"date":"2025-09-19T07:45:25","date_gmt":"2025-09-19T04:45:25","guid":{"rendered":"https:\/\/mobecor.ee\/?post_type=product&#038;p=77793"},"modified":"2026-04-21T10:27:04","modified_gmt":"2026-04-21T07:27:04","slug":"tugitool-mari-kangas-0gr","status":"publish","type":"product","link":"https:\/\/mobecor.ee\/en\/toode\/tugitool-mari-kangas-0gr\/","title":{"rendered":"Tugitool Mari (80\/79\/102), kangas 0 gr."},"content":{"rendered":"<p>Karkass on valmistatud oksavabast kuivast kodumaisest okaspuidust, lisaks on kasutatud kasevineeri ja puitkiudplaati.<br \/>\nTooli istumise osa ja k\u00e4etugede sisemise k\u00fclje katteks on kangas.<br \/>\nK\u00e4etugede v\u00e4lisk\u00fcljed, esipaneel ja tagasein on kaetud kangaga.<br \/>\nIstmes on kasutatud sik- sak vedrustust.<br \/>\nIstme ja seljatoe patjade sisuks on poroloon mis on \u00fcmbritsetud pehme vatiiniga.<br \/>\nToote tagak\u00fclg on viimistletud, saab paigutada keset tuba.<br \/>\nV\u00f5imalik valida jalgade v\u00e4rv.<br \/>\nTugitooli koos komplekti sobiva j\u00e4riga leiab <a href=\"https:\/\/mobecor.ee\/toode\/tugitool-mari-jariga\/\" target=\"_blank\" rel=\"noopener\">SIIT<\/a>.<\/p>\n","protected":false},"excerpt":{"rendered":"<p>Laius: 80 cm.<br \/>\nS\u00fcgavus: 79 cm.<br \/>\nK\u00f5rgus: 102 cm.<br \/>\nTarneaeg: 4-8 n\u00e4dalat.<br \/>\nSuuremat kangavalikut n\u00e4eb Mobecori m\u00f6\u00f6blipoes V\u00f5rus.<\/p>\n","protected":false},"featured_media":3618,"template":"","meta":{"_acf_changed":false,"inline_featured_image":false},"series":[],"product_brand":[3505],"product_cat":[285],"product_tag":[],"class_list":{"0":"post-77793","1":"product","2":"type-product","3":"status-publish","4":"has-post-thumbnail","6":"product_brand-empak","7":"product_cat-tugitoolid","9":"first","10":"instock","11":"taxable","12":"shipping-taxable","13":"purchasable","14":"product-type-simple"},"acf":[],"_links":{"self":[{"href":"https:\/\/mobecor.ee\/en\/wp-json\/wp\/v2\/product\/77793","targetHints":{"allow":["GET"]}}],"collection":[{"href":"https:\/\/mobecor.ee\/en\/wp-json\/wp\/v2\/product"}],"about":[{"href":"https:\/\/mobecor.ee\/en\/wp-json\/wp\/v2\/types\/product"}],"wp:featuredmedia":[{"embeddable":true,"href":"https:\/\/mobecor.ee\/en\/wp-json\/wp\/v2\/media\/3618"}],"wp:attachment":[{"href":"https:\/\/mobecor.ee\/en\/wp-json\/wp\/v2\/media?parent=77793"}],"wp:term":[{"taxonomy":"series","embeddable":true,"href":"https:\/\/mobecor.ee\/en\/wp-json\/wp\/v2\/series?post=77793"},{"taxonomy":"product_brand","embeddable":true,"href":"https:\/\/mobecor.ee\/en\/wp-json\/wp\/v2\/product_brand?post=77793"},{"taxonomy":"product_cat","embeddable":true,"href":"https:\/\/mobecor.ee\/en\/wp-json\/wp\/v2\/product_cat?post=77793"},{"taxonomy":"product_tag","embeddable":true,"href":"https:\/\/mobecor.ee\/en\/wp-json\/wp\/v2\/product_tag?post=77793"}],"curies":[{"name":"wp","href":"https:\/\/api.w.org\/{rel}","templated":true}]}}