{"id":77938,"date":"2025-09-19T13:09:18","date_gmt":"2025-09-19T10:09:18","guid":{"rendered":"https:\/\/mobecor.ee\/?post_type=product&#038;p=77938"},"modified":"2026-04-17T07:52:28","modified_gmt":"2026-04-17T04:52:28","slug":"diivan-paris-2-ne-kangas-0gr","status":"publish","type":"product","link":"https:\/\/mobecor.ee\/en\/toode\/diivan-paris-2-ne-kangas-0gr\/","title":{"rendered":"Diivan Paris 2-ne (132 cm) kangas 0 gr."},"content":{"rendered":"<p>Diivani karkass on valmistatud oksavabast kuivast kodumaisest okaspuidust, lisaks on kasutatud kasevineeri ja puitkiudplaati.<br \/>\nDiivani istumise osa ja k\u00e4etugede sisemise k\u00fclje katteks on kangas.<br \/>\nK\u00e4etugede v\u00e4lisk\u00fcljed, esipaneel ja tagasein on kaetud kangaga.<br \/>\nIstmes on kasutatud sik- sak vedrustust.<br \/>\nIstme ja seljatoe patjade sisuks on poroloon ja kerakiud.<br \/>\nDiivani tagak\u00fclg on viimistletud ja seda saab paigutada keset tuba.<br \/>\nDiivani jalgade v\u00e4rv on valitav.<\/p>\n<p>&nbsp;<\/p>\n","protected":false},"excerpt":{"rendered":"<p>Laius: 132 cm.<br \/>\nS\u00fcgavus: 100 cm.<br \/>\nIstumiss\u00fcgavus: 52 cm.<br \/>\nK\u00f5rgus: 104 cm.<br \/>\nIstumisk\u00f5rgus: 48 cm.<br \/>\nJalgade k\u00f5rgus: 12 cm.<br \/>\nK\u00f5iki tellitavaid kangaid on v\u00f5imalik n\u00e4ha Mobecori m\u00f6\u00f6blipoes V\u00f5rus.<\/p>\n","protected":false},"featured_media":77939,"template":"","meta":{"_acf_changed":false,"inline_featured_image":false},"series":[],"product_brand":[3505],"product_cat":[83],"product_tag":[],"class_list":{"0":"post-77938","1":"product","2":"type-product","3":"status-publish","4":"has-post-thumbnail","6":"product_brand-empak","7":"product_cat-diivanid","9":"first","10":"instock","11":"taxable","12":"shipping-taxable","13":"purchasable","14":"product-type-simple"},"acf":[],"_links":{"self":[{"href":"https:\/\/mobecor.ee\/en\/wp-json\/wp\/v2\/product\/77938","targetHints":{"allow":["GET"]}}],"collection":[{"href":"https:\/\/mobecor.ee\/en\/wp-json\/wp\/v2\/product"}],"about":[{"href":"https:\/\/mobecor.ee\/en\/wp-json\/wp\/v2\/types\/product"}],"wp:featuredmedia":[{"embeddable":true,"href":"https:\/\/mobecor.ee\/en\/wp-json\/wp\/v2\/media\/77939"}],"wp:attachment":[{"href":"https:\/\/mobecor.ee\/en\/wp-json\/wp\/v2\/media?parent=77938"}],"wp:term":[{"taxonomy":"series","embeddable":true,"href":"https:\/\/mobecor.ee\/en\/wp-json\/wp\/v2\/series?post=77938"},{"taxonomy":"product_brand","embeddable":true,"href":"https:\/\/mobecor.ee\/en\/wp-json\/wp\/v2\/product_brand?post=77938"},{"taxonomy":"product_cat","embeddable":true,"href":"https:\/\/mobecor.ee\/en\/wp-json\/wp\/v2\/product_cat?post=77938"},{"taxonomy":"product_tag","embeddable":true,"href":"https:\/\/mobecor.ee\/en\/wp-json\/wp\/v2\/product_tag?post=77938"}],"curies":[{"name":"wp","href":"https:\/\/api.w.org\/{rel}","templated":true}]}}