{"id":78098,"date":"2025-09-22T08:05:41","date_gmt":"2025-09-22T05:05:41","guid":{"rendered":"https:\/\/mobecor.ee\/?post_type=product&#038;p=78098"},"modified":"2026-04-17T07:52:02","modified_gmt":"2026-04-17T04:52:02","slug":"tugitool-spencer-nahk-pvc","status":"publish","type":"product","link":"https:\/\/mobecor.ee\/en\/toode\/tugitool-spencer-nahk-pvc\/","title":{"rendered":"Tugitool Spencer (90\/95\/90) nahk\/PVC"},"content":{"rendered":"<p>Karkass on valmistatud oksavabast kuivast kodumaisest okaspuidust, lisaks on kasutatud kasevineeri ja puitkiudplaati.<br \/>\nTugitooli istumise osa ja k\u00e4etugede sisemise k\u00fclje katteks on naturaalnahk.<br \/>\nK\u00e4etugede v\u00e4lisk\u00fcljed, esipaneel ja tagasein on kaetud kunstnahaga.<br \/>\nIstmes on kasutatud sik- sak vedrustust.<br \/>\nIstme ja seljatoe patjade sisuks on poroloon, mis on kaetud pehme vatiiniga.<br \/>\nTugitooli\u00a0tagak\u00fclg on viimistletud ja seda saab paigutada keset tuba.<br \/>\nJalgade k\u00f5rgus: 7 cm.<br \/>\nToote jalgade v\u00e4rv on valitav.<span style=\"font-size: 10pt; line-height: 1.3em;\"><br \/>\n<\/span><\/p>\n","protected":false},"excerpt":{"rendered":"<p>Laius:\u00a090 cm.<br \/>\nS\u00fcgavus: 95 cm.<br \/>\nIstumiss\u00fcgavus: 55 cm.<br \/>\nK\u00f5rgus: 90 cm.<br \/>\nIstumisk\u00f5rgus: 42 cm.<br \/>\nTarneaeg: 4-8 n\u00e4dalat.<span style=\"font-size: 10pt; line-height: 1.3em;\"><br \/>\n<\/span><\/p>\n","protected":false},"featured_media":7316,"template":"","meta":{"_acf_changed":false,"inline_featured_image":false},"series":[],"product_brand":[3505],"product_cat":[285],"product_tag":[],"class_list":{"0":"post-78098","1":"product","2":"type-product","3":"status-publish","4":"has-post-thumbnail","6":"product_brand-empak","7":"product_cat-tugitoolid","9":"first","10":"instock","11":"taxable","12":"shipping-taxable","13":"purchasable","14":"product-type-simple"},"acf":[],"_links":{"self":[{"href":"https:\/\/mobecor.ee\/en\/wp-json\/wp\/v2\/product\/78098","targetHints":{"allow":["GET"]}}],"collection":[{"href":"https:\/\/mobecor.ee\/en\/wp-json\/wp\/v2\/product"}],"about":[{"href":"https:\/\/mobecor.ee\/en\/wp-json\/wp\/v2\/types\/product"}],"wp:featuredmedia":[{"embeddable":true,"href":"https:\/\/mobecor.ee\/en\/wp-json\/wp\/v2\/media\/7316"}],"wp:attachment":[{"href":"https:\/\/mobecor.ee\/en\/wp-json\/wp\/v2\/media?parent=78098"}],"wp:term":[{"taxonomy":"series","embeddable":true,"href":"https:\/\/mobecor.ee\/en\/wp-json\/wp\/v2\/series?post=78098"},{"taxonomy":"product_brand","embeddable":true,"href":"https:\/\/mobecor.ee\/en\/wp-json\/wp\/v2\/product_brand?post=78098"},{"taxonomy":"product_cat","embeddable":true,"href":"https:\/\/mobecor.ee\/en\/wp-json\/wp\/v2\/product_cat?post=78098"},{"taxonomy":"product_tag","embeddable":true,"href":"https:\/\/mobecor.ee\/en\/wp-json\/wp\/v2\/product_tag?post=78098"}],"curies":[{"name":"wp","href":"https:\/\/api.w.org\/{rel}","templated":true}]}}