{"id":78128,"date":"2025-09-22T10:05:29","date_gmt":"2025-09-22T07:05:29","guid":{"rendered":"https:\/\/mobecor.ee\/?post_type=product&#038;p=78128"},"modified":"2026-04-21T10:27:04","modified_gmt":"2026-04-21T07:27:04","slug":"voodi-tumba-em-120-kangas-0gr","status":"publish","type":"product","link":"https:\/\/mobecor.ee\/en\/toode\/voodi-tumba-em-120-kangas-0gr\/","title":{"rendered":"Voodi tumba EM (120\/52\/46) kangas 0 gr."},"content":{"rendered":"<p>Karkass on valmistatud oksavabast kuivast kodumaisest okaspuidust, lisaks on kasutatud kasevineeri ja puitkiudplaati.<br \/>\nMahukas panipaigaga tumba.<br \/>\nPehmenduseks on kasutatud porolooni.<br \/>\nTumba on seest viimistletud.<br \/>\nJalad puidust.<br \/>\nToodetud Eestis.<\/p>\n","protected":false},"excerpt":{"rendered":"<p>Laius: 120 cm.<br \/>\nS\u00fcgavus: 52 cm.<br \/>\nK\u00f5rgus: 46 cm.<br \/>\nK\u00f5iki tellitavaid kangaid on v\u00f5imalik n\u00e4ha Mobecori m\u00f6\u00f6blipoes V\u00f5rus.<\/p>\n","protected":false},"featured_media":78120,"template":"","meta":{"_acf_changed":false,"inline_featured_image":false},"series":[],"product_brand":[3505],"product_cat":[4014],"product_tag":[],"class_list":{"0":"post-78128","1":"product","2":"type-product","3":"status-publish","4":"has-post-thumbnail","6":"product_brand-empak","7":"product_cat-voodid-120-x-200","9":"first","10":"instock","11":"taxable","12":"shipping-taxable","13":"purchasable","14":"product-type-simple"},"acf":[],"_links":{"self":[{"href":"https:\/\/mobecor.ee\/en\/wp-json\/wp\/v2\/product\/78128","targetHints":{"allow":["GET"]}}],"collection":[{"href":"https:\/\/mobecor.ee\/en\/wp-json\/wp\/v2\/product"}],"about":[{"href":"https:\/\/mobecor.ee\/en\/wp-json\/wp\/v2\/types\/product"}],"wp:featuredmedia":[{"embeddable":true,"href":"https:\/\/mobecor.ee\/en\/wp-json\/wp\/v2\/media\/78120"}],"wp:attachment":[{"href":"https:\/\/mobecor.ee\/en\/wp-json\/wp\/v2\/media?parent=78128"}],"wp:term":[{"taxonomy":"series","embeddable":true,"href":"https:\/\/mobecor.ee\/en\/wp-json\/wp\/v2\/series?post=78128"},{"taxonomy":"product_brand","embeddable":true,"href":"https:\/\/mobecor.ee\/en\/wp-json\/wp\/v2\/product_brand?post=78128"},{"taxonomy":"product_cat","embeddable":true,"href":"https:\/\/mobecor.ee\/en\/wp-json\/wp\/v2\/product_cat?post=78128"},{"taxonomy":"product_tag","embeddable":true,"href":"https:\/\/mobecor.ee\/en\/wp-json\/wp\/v2\/product_tag?post=78128"}],"curies":[{"name":"wp","href":"https:\/\/api.w.org\/{rel}","templated":true}]}}