{"id":78170,"date":"2025-09-22T13:11:06","date_gmt":"2025-09-22T10:11:06","guid":{"rendered":"https:\/\/mobecor.ee\/?post_type=product&#038;p=78170"},"modified":"2026-02-18T14:16:54","modified_gmt":"2026-02-18T12:16:54","slug":"soogilaud-zante-za8-kasmiir","status":"publish","type":"product","link":"https:\/\/mobecor.ee\/en\/toode\/soogilaud-zante-za8-kasmiir\/","title":{"rendered":"S\u00f6\u00f6gilaud Zante Za8 (120\/120\/75,2), ka\u0161miir"},"content":{"rendered":"<p>\u00dcmar s\u00f6\u00f6gilaud.<br \/>\nMaterjal: lamineeritud puitlaastplaat + MDF.<br \/>\nV\u00e4rv: ka\u0161miir.<br \/>\nToodetud: Poolas.<span style=\"font-size: 14px;\"><br \/>\n<\/span><\/p>\n","protected":false},"excerpt":{"rendered":"<p>Laius: 120 cm<br \/>\nS\u00fcgavus: 120 cm.<br \/>\nK\u00f5rgus: 75,2 cm.<br \/>\nTarneaeg: 4-8 n\u00e4dalat.<span style=\"font-size: 14px;\"><br \/>\n<\/span><\/p>\n","protected":false},"featured_media":59946,"template":"","meta":{"_acf_changed":false,"inline_featured_image":false},"series":[2855],"product_brand":[3533],"product_cat":[219],"product_tag":[],"class_list":{"0":"post-78170","1":"product","2":"type-product","3":"status-publish","4":"has-post-thumbnail","6":"series-zante","7":"product_brand-dolmar","8":"product_cat-soogilauad","10":"first","11":"instock","12":"taxable","13":"shipping-taxable","14":"purchasable","15":"product-type-simple"},"acf":[],"_links":{"self":[{"href":"https:\/\/mobecor.ee\/en\/wp-json\/wp\/v2\/product\/78170","targetHints":{"allow":["GET"]}}],"collection":[{"href":"https:\/\/mobecor.ee\/en\/wp-json\/wp\/v2\/product"}],"about":[{"href":"https:\/\/mobecor.ee\/en\/wp-json\/wp\/v2\/types\/product"}],"wp:featuredmedia":[{"embeddable":true,"href":"https:\/\/mobecor.ee\/en\/wp-json\/wp\/v2\/media\/59946"}],"wp:attachment":[{"href":"https:\/\/mobecor.ee\/en\/wp-json\/wp\/v2\/media?parent=78170"}],"wp:term":[{"taxonomy":"series","embeddable":true,"href":"https:\/\/mobecor.ee\/en\/wp-json\/wp\/v2\/series?post=78170"},{"taxonomy":"product_brand","embeddable":true,"href":"https:\/\/mobecor.ee\/en\/wp-json\/wp\/v2\/product_brand?post=78170"},{"taxonomy":"product_cat","embeddable":true,"href":"https:\/\/mobecor.ee\/en\/wp-json\/wp\/v2\/product_cat?post=78170"},{"taxonomy":"product_tag","embeddable":true,"href":"https:\/\/mobecor.ee\/en\/wp-json\/wp\/v2\/product_tag?post=78170"}],"curies":[{"name":"wp","href":"https:\/\/api.w.org\/{rel}","templated":true}]}}