{"id":78283,"date":"2025-09-22T16:38:20","date_gmt":"2025-09-22T13:38:20","guid":{"rendered":"https:\/\/mobecor.ee\/?post_type=product&#038;p=78283"},"modified":"2026-01-20T11:33:25","modified_gmt":"2026-01-20T09:33:25","slug":"pesukastiga-voodi-mossa-mo12-160-200-cloud-82","status":"publish","type":"product","link":"https:\/\/mobecor.ee\/en\/toode\/pesukastiga-voodi-mossa-mo12-160-200-cloud-82\/","title":{"rendered":"Pesukastiga voodi Mossa MO12 (160*200), Cloud 82"},"content":{"rendered":"<p>Voodile sobib madrats m\u00f5\u00f5tudes 160 x 200 cm.<br \/>\nMadrats ei kuulu komplekti.<br \/>\nVoodi karkass on valmistatud m\u00f6\u00f6bliplaadist ja kaetud kangaga.<br \/>\nVoodil on gaasamortidega \u00fclest\u00f5stetav voodip\u00f5hi, mille all on mahukas pesukast.<br \/>\nKangas: Cloud 82 (hall).<br \/>\nToodetud: Poolas.<\/p>\n","protected":false},"excerpt":{"rendered":"<p>Laius: 166 cm<br \/>\nS\u00fcgavus: 210 cm.<br \/>\nK\u00f5rgus: 101 cm.<br \/>\nTarneaeg: 4-8 n\u00e4dalat.<span style=\"font-size: 14px;\"><br \/>\n<\/span><\/p>\n","protected":false},"featured_media":59650,"template":"","meta":{"_acf_changed":false,"inline_featured_image":false},"series":[2796],"product_brand":[3533],"product_cat":[4016],"product_tag":[],"class_list":{"0":"post-78283","1":"product","2":"type-product","3":"status-publish","4":"has-post-thumbnail","6":"series-mossa","7":"product_brand-dolmar","8":"product_cat-voodid-160-x-200","10":"first","11":"instock","12":"taxable","13":"shipping-taxable","14":"purchasable","15":"product-type-simple"},"acf":[],"_links":{"self":[{"href":"https:\/\/mobecor.ee\/en\/wp-json\/wp\/v2\/product\/78283","targetHints":{"allow":["GET"]}}],"collection":[{"href":"https:\/\/mobecor.ee\/en\/wp-json\/wp\/v2\/product"}],"about":[{"href":"https:\/\/mobecor.ee\/en\/wp-json\/wp\/v2\/types\/product"}],"wp:featuredmedia":[{"embeddable":true,"href":"https:\/\/mobecor.ee\/en\/wp-json\/wp\/v2\/media\/59650"}],"wp:attachment":[{"href":"https:\/\/mobecor.ee\/en\/wp-json\/wp\/v2\/media?parent=78283"}],"wp:term":[{"taxonomy":"series","embeddable":true,"href":"https:\/\/mobecor.ee\/en\/wp-json\/wp\/v2\/series?post=78283"},{"taxonomy":"product_brand","embeddable":true,"href":"https:\/\/mobecor.ee\/en\/wp-json\/wp\/v2\/product_brand?post=78283"},{"taxonomy":"product_cat","embeddable":true,"href":"https:\/\/mobecor.ee\/en\/wp-json\/wp\/v2\/product_cat?post=78283"},{"taxonomy":"product_tag","embeddable":true,"href":"https:\/\/mobecor.ee\/en\/wp-json\/wp\/v2\/product_tag?post=78283"}],"curies":[{"name":"wp","href":"https:\/\/api.w.org\/{rel}","templated":true}]}}